{"id":36340,"date":"2023-06-10T16:09:51","date_gmt":"2023-06-10T13:09:51","guid":{"rendered":"https:\/\/hookahshop.lt\/?post_type=product&#038;p=36340"},"modified":"2026-04-22T23:29:54","modified_gmt":"2026-04-22T20:29:54","slug":"individualus-kaljano-kandiklis-target","status":"publish","type":"product","link":"https:\/\/hookahshop.lt\/lv\/produkt\/individualais-udenspipes-iemutnis-merkis\/","title":{"rendered":"Individu\u0101ls \u016bdensp\u012bpes iemutnis TARGET"},"content":{"rendered":"<h2>Individu\u0101ls \u016bdensp\u012bpes iemutnis TARGET<\/h2>\n<p>Piem\u0113rots liel\u0101kajai da\u013cai iemu\u0161u, jo t\u0101 apak\u0161\u0101 ir silikona da\u013ca. Tam ir siksni\u0146a, ko varat izmantot, lai to n\u0113s\u0101tu ap kaklu.<\/p>\n<p><strong>Specifik\u0101cija:<\/strong><br \/>\nMateri\u0101ls: ner\u016bs\u0113jo\u0161ais t\u0113rauds<br \/>\nGarums: 6,5 cm<\/p>\n<p>Vai jums ir k\u0101di jaut\u0101jumi? Sazinies ar mums\u00a0<a href=\"https:\/\/hookahshop.lt\/lv\/kontaktiem\/\">kontaktu lapa<\/a>\u00a0vai rakstiet mums pa e-pastu\u00a0<a href=\"https:\/\/facebook.com\/HookahShop.lt\/\" target=\"_blank\" rel=\"noopener\">Facebook konts<\/a>\u00a0un m\u0113s atbild\u0113sim uz j\u016bsu piepras\u012bjumu taj\u0101 pa\u0161\u0101 dien\u0101.<\/p>","protected":false},"excerpt":{"rendered":"<p>Piel\u0101gots \u016bdensp\u012bpes iemutnis TARGET Piem\u0113rots liel\u0101kajai da\u013cai iemu\u0161u, jo t\u0101 apak\u0161\u0101 ir silikona da\u013ca. Tam ir siksni\u0146a, ko varat izmantot, lai to n\u0113s\u0101tu ap kaklu. Specifik\u0101cija: Materi\u0101ls: Ner\u016bs\u0113jo\u0161ais t\u0113rauds Garums: 6,5 cm Vai ir k\u0101di jaut\u0101jumi? Sazinieties ar mums kontaktu lap\u0101 vai rakstiet mums Facebook, un m\u0113s atbild\u0113sim uz j\u016bsu piepras\u012bjumu taj\u0101 pa\u0161\u0101 dien\u0101.<\/p>","protected":false},"featured_media":36341,"comment_status":"open","ping_status":"closed","template":"","meta":[],"_links":{"self":[{"href":"https:\/\/hookahshop.lt\/lv\/wp-json\/wp\/v2\/product\/36340"}],"collection":[{"href":"https:\/\/hookahshop.lt\/lv\/wp-json\/wp\/v2\/product"}],"about":[{"href":"https:\/\/hookahshop.lt\/lv\/wp-json\/wp\/v2\/types\/product"}],"replies":[{"embeddable":true,"href":"https:\/\/hookahshop.lt\/lv\/wp-json\/wp\/v2\/comments?post=36340"}],"version-history":[{"count":3,"href":"https:\/\/hookahshop.lt\/lv\/wp-json\/wp\/v2\/product\/36340\/revisions"}],"predecessor-version":[{"id":37676,"href":"https:\/\/hookahshop.lt\/lv\/wp-json\/wp\/v2\/product\/36340\/revisions\/37676"}],"wp:featuredmedia":[{"embeddable":true,"href":"https:\/\/hookahshop.lt\/lv\/wp-json\/wp\/v2\/media\/36341"}],"wp:attachment":[{"href":"https:\/\/hookahshop.lt\/lv\/wp-json\/wp\/v2\/media?parent=36340"}],"curies":[{"name":"wp","href":"https:\/\/api.w.org\/{rel}","templated":true}]}}