{"id":36413,"date":"2023-06-26T13:55:16","date_gmt":"2023-06-26T10:55:16","guid":{"rendered":"https:\/\/hookahshop.lt\/?post_type=product&#038;p=36413"},"modified":"2026-04-06T23:29:31","modified_gmt":"2026-04-06T20:29:31","slug":"kandiklis-kaljanui-vyro-carbon-black-30cm","status":"publish","type":"product","link":"https:\/\/hookahshop.lt\/lv\/produkt\/iemuti-for-udenspipe-viriesiem-karbon-melns-30cm\/","title":{"rendered":"Iestr\u0101de \u016bdensp\u012bpei VYRO Carbon Black 30cm"},"content":{"rendered":"<h2>Iestr\u0101de \u016bdensp\u012bpei VYRO Carbon Black 30cm<\/h2>\n<p>Lielisks ne tikai viegl\u0101 svara, bet ar\u012b kvalitat\u012bv\u0101 materi\u0101la d\u0113\u013c. \u0160is oglek\u013ca iemuts ir piem\u0113rots ne tikai ikdienas lieto\u0161anai, bet ar\u012b katrai \u016bdensp\u012bpei un parastajai silikona \u0161\u013c\u016btenei.<\/p>\n<p><strong>Specifik\u0101cijas:<\/strong><br \/>\nGarums: 30 cm<br \/>\nIek\u0161\u0113jais diametrs: 10 mm<br \/>\nMateri\u0101li: ogleklis un V2A ner\u016bs\u0113jo\u0161ais t\u0113rauds<\/p>\n<p>&nbsp;<\/p>\n<p>Vai jums ir k\u0101di jaut\u0101jumi? Sazinies ar mums\u00a0<a href=\"https:\/\/hookahshop.lt\/lv\/kontaktiem\/\">kontaktu lapa<\/a>\u00a0vai rakstiet mums pa e-pastu\u00a0<a href=\"https:\/\/facebook.com\/HookahShop.lt\/\" target=\"_blank\" rel=\"noopener noreferrer\">Facebook konts<\/a>\u00a0un m\u0113s atbild\u0113sim uz j\u016bsu piepras\u012bjumu taj\u0101 pa\u0161\u0101 dien\u0101.<\/p>","protected":false},"excerpt":{"rendered":"<p>\u016adensp\u012bpes iemu\u0137is VYRO Carbon Black 30cm Lielisks ne tikai viegl\u0101 svara, bet ar\u012b kvalitat\u012bv\u0101 materi\u0101la d\u0113\u013c. \u0160is ogles iemutnis ir piem\u0113rots ne tikai ikdienas lieto\u0161anai, bet ar\u012b piem\u0113rots katrai \u016bdensp\u012bpei un parastajai silikona \u0161\u013c\u016btenei. Specifik\u0101cijas: Garums: 30 cm Iek\u0161\u0113jais diametrs: 10 mm Materi\u0101li: ogleklis un V2A ner\u016bs\u0113jo\u0161ais t\u0113rauds Jaut\u0101jumi? Sazinieties ar mums kontaktu lap\u0101 vai rakstiet mums [\u2026]<\/p>","protected":false},"featured_media":36414,"comment_status":"open","ping_status":"closed","template":"","meta":[],"_links":{"self":[{"href":"https:\/\/hookahshop.lt\/lv\/wp-json\/wp\/v2\/product\/36413"}],"collection":[{"href":"https:\/\/hookahshop.lt\/lv\/wp-json\/wp\/v2\/product"}],"about":[{"href":"https:\/\/hookahshop.lt\/lv\/wp-json\/wp\/v2\/types\/product"}],"replies":[{"embeddable":true,"href":"https:\/\/hookahshop.lt\/lv\/wp-json\/wp\/v2\/comments?post=36413"}],"version-history":[{"count":3,"href":"https:\/\/hookahshop.lt\/lv\/wp-json\/wp\/v2\/product\/36413\/revisions"}],"predecessor-version":[{"id":36417,"href":"https:\/\/hookahshop.lt\/lv\/wp-json\/wp\/v2\/product\/36413\/revisions\/36417"}],"wp:featuredmedia":[{"embeddable":true,"href":"https:\/\/hookahshop.lt\/lv\/wp-json\/wp\/v2\/media\/36414"}],"wp:attachment":[{"href":"https:\/\/hookahshop.lt\/lv\/wp-json\/wp\/v2\/media?parent=36413"}],"curies":[{"name":"wp","href":"https:\/\/api.w.org\/{rel}","templated":true}]}}