{"id":36506,"date":"2023-07-06T22:40:43","date_gmt":"2023-07-06T19:40:43","guid":{"rendered":"https:\/\/hookahshop.lt\/?post_type=product&#038;p=36506"},"modified":"2026-04-21T23:30:16","modified_gmt":"2026-04-21T20:30:16","slug":"kaljanas-alpha-hookah-x-vndl-jet-black","status":"publish","type":"product","link":"https:\/\/hookahshop.lt\/lv\/produkt\/udenspipe-alfa-udenspipe-x-vndl-jet-black\/","title":{"rendered":"\u016adensp\u012bpe ALPHA HOOKAH X VNDL Jet Black"},"content":{"rendered":"<h2>\u016adensp\u012bpe ALPHA HOOKAH X VNDL Jet Black<\/h2>\n<p>Gada \u016bdensp\u012bpe no John Calliano Awards 2021 un Hookah Club Show 2022. Zelta deta\u013cas, unik\u0101ls grav\u0113jums un ekskluz\u012bvs iepakojums, tas ir Model X Vandal. Tas ir kompakts un viegli lietojams. Diezgan viegla \u016bdensp\u012bpe, visi t\u0101s elementi ir izgatavoti no kvalitat\u012bviem m\u016bsdien\u012bgiem materi\u0101liem, kas nodro\u0161ina izcilu gar\u0161u un iztur\u012bbu pat regul\u0101ri lietojot.<\/p>\n<p><strong>Raksturojums:<\/strong><br \/>\n\u016adensp\u012bpes augstums: 42 cm<br \/>\nV\u0101rpstas diametrs: 1,4 cm<br \/>\nMateri\u0101ls: ner\u016bs\u0113jo\u0161ais t\u0113rauds<br \/>\nGalvenais materi\u0101ls: v\u0101cu poliacet\u0101ls<br \/>\n\u0160\u013c\u016btenes savienojums: magn\u0113tisks<br \/>\nDifuzors: ievelkams<br \/>\nMutes iemutne: ner\u016bs\u0113jo\u0161ais t\u0113rauds<br \/>\nMutes garums: 30 cm<br \/>\n\u0160\u013c\u016btene: Silikona (m\u012bksts piesk\u0101riens)<br \/>\n\u0160\u013c\u016btenes garums: 150 cm<\/p>\n<p><strong>Apr\u012bkojums:<\/strong><\/p>\n<p>V\u0101rpsta, pl\u0101ksne, \u0161\u013c\u016btene ar iemuti, bl\u012bves.<\/p>\n<p>Vai jums ir k\u0101di jaut\u0101jumi? Sazinies ar mums\u00a0<a href=\"https:\/\/hookahshop.lt\/lv\/kontaktiem\/\">kontaktu lapa<\/a>\u00a0vai rakstiet mums pa e-pastu\u00a0<a href=\"https:\/\/facebook.com\/HookahShop.lt\/\" target=\"_blank\" rel=\"noopener noreferrer\">Facebook konts<\/a>\u00a0un m\u0113s atbild\u0113sim uz j\u016bsu piepras\u012bjumu taj\u0101 pa\u0161\u0101 dien\u0101.<\/p>\n<p>&nbsp;<\/p>","protected":false},"excerpt":{"rendered":"<p>\u016adensp\u012bpe ALPHA HOOKAH X VNDL Jet Black Gada \u016bdensp\u012bpe saska\u0146\u0101 ar &quot;John Calliano Awards 2021&quot; un &quot;Hookah Club Show 2022&quot;. Zelta deta\u013cas, unik\u0101ls grav\u0113jums un ekskluz\u012bvs iepakojums, tas ir Model X Vandal. Tas ir kompakts un viegli lietojams. Diezgan viegla \u016bdensp\u012bpe, visi t\u0101s elementi ir izgatavoti no kvalitat\u012bviem m\u016bsdien\u012bgiem materi\u0101liem, kas nodro\u0161ina izcilu gar\u0161u un iztur\u012bbu pat ar regul\u0101ru [...]<\/p>","protected":false},"featured_media":36515,"comment_status":"open","ping_status":"closed","template":"","meta":[],"_links":{"self":[{"href":"https:\/\/hookahshop.lt\/lv\/wp-json\/wp\/v2\/product\/36506"}],"collection":[{"href":"https:\/\/hookahshop.lt\/lv\/wp-json\/wp\/v2\/product"}],"about":[{"href":"https:\/\/hookahshop.lt\/lv\/wp-json\/wp\/v2\/types\/product"}],"replies":[{"embeddable":true,"href":"https:\/\/hookahshop.lt\/lv\/wp-json\/wp\/v2\/comments?post=36506"}],"version-history":[{"count":2,"href":"https:\/\/hookahshop.lt\/lv\/wp-json\/wp\/v2\/product\/36506\/revisions"}],"predecessor-version":[{"id":36514,"href":"https:\/\/hookahshop.lt\/lv\/wp-json\/wp\/v2\/product\/36506\/revisions\/36514"}],"wp:featuredmedia":[{"embeddable":true,"href":"https:\/\/hookahshop.lt\/lv\/wp-json\/wp\/v2\/media\/36515"}],"wp:attachment":[{"href":"https:\/\/hookahshop.lt\/lv\/wp-json\/wp\/v2\/media?parent=36506"}],"curies":[{"name":"wp","href":"https:\/\/api.w.org\/{rel}","templated":true}]}}