{"id":36516,"date":"2023-07-06T23:24:24","date_gmt":"2023-07-06T20:24:24","guid":{"rendered":"https:\/\/hookahshop.lt\/?post_type=product&#038;p=36516"},"modified":"2026-04-16T10:21:35","modified_gmt":"2026-04-16T07:21:35","slug":"taurele-kaljanui-voskurimsya-mummy","status":"publish","type":"product","link":"https:\/\/hookahshop.lt\/lv\/produkt\/kauss-udenspipe-voskurimsja-mummy\/","title":{"rendered":"\u016adensp\u012bpes kauss VOSKURIMSYA M\u0101mi\u0146a"},"content":{"rendered":"<h2>\u016adensp\u012bpes kauss VOSKURIMSYA M\u0101mi\u0146a<\/h2>\n<p>Izgatavots no sarkan\u0101 m\u0101la ar biez\u0101m sien\u0101m. Piem\u0113rots vis\u0101m tabak\u0101m un to pagatavo\u0161anas metod\u0113m, gan ar foliju, gan ar siltuma kameru. Ra\u017eot\u0101js katram \u016bdensp\u012bpes cien\u012bt\u0101jam cen\u0161as dot iesp\u0113ju tikt pie labas un kvalitat\u012bvas kr\u016bz\u012btes! Kr\u016bzes ietilp\u012bba ir 15-20 g.<\/p>\n<p><strong>Specifik\u0101cijas:<br \/>\n<\/strong>Forma: turku<br \/>\nMateri\u0101ls: M\u0101ls<br \/>\nAugstums: ~9 cm<br \/>\nDiametrs (\u0101r\u0113jais): ~7 cm<sub><br \/>\n<\/sub>Caurumu skaits: 5 gab<strong><br \/>\n<\/strong><\/p>\n<p>Vai jums ir k\u0101di jaut\u0101jumi? Sazinies ar mums\u00a0<a href=\"https:\/\/hookahshop.lt\/lv\/kontaktiem\/\">kontaktu lapa<\/a>\u00a0vai rakstiet mums pa e-pastu\u00a0<a href=\"https:\/\/facebook.com\/HookahShop.lt\/\" target=\"_blank\" rel=\"noopener\">Facebook konts<\/a>\u00a0un m\u0113s atbild\u0113sim uz j\u016bsu piepras\u012bjumu taj\u0101 pa\u0161\u0101 dien\u0101.<\/p>\n<p>&nbsp;<\/p>","protected":false},"excerpt":{"rendered":"<p>\u016adensp\u012bpes kr\u016bze VOSKURIMSYA M\u016bmija Izgatavota no sarkana m\u0101la ar biez\u0101m sien\u0101m. Piem\u0113rots vis\u0101m tabak\u0101m un to pagatavo\u0161anas metod\u0113m, gan ar foliju, gan ar siltuma kameru. Ra\u017eot\u0101js katram \u016bdensp\u012bpes cien\u012bt\u0101jam cen\u0161as dot iesp\u0113ju tikt pie labas un kvalitat\u012bvas kr\u016bz\u012btes! Kr\u016bzes ietilp\u012bba ir 15-20 g. Specifik\u0101cijas: Forma: turku Materi\u0101ls: M\u0101ls Augstums: ~9 cm Diametrs (\u0101r\u0113jais): ~7 cm Caurumi [\u2026]<\/p>","protected":false},"featured_media":36519,"comment_status":"open","ping_status":"closed","template":"","meta":[],"_links":{"self":[{"href":"https:\/\/hookahshop.lt\/lv\/wp-json\/wp\/v2\/product\/36516"}],"collection":[{"href":"https:\/\/hookahshop.lt\/lv\/wp-json\/wp\/v2\/product"}],"about":[{"href":"https:\/\/hookahshop.lt\/lv\/wp-json\/wp\/v2\/types\/product"}],"replies":[{"embeddable":true,"href":"https:\/\/hookahshop.lt\/lv\/wp-json\/wp\/v2\/comments?post=36516"}],"version-history":[{"count":3,"href":"https:\/\/hookahshop.lt\/lv\/wp-json\/wp\/v2\/product\/36516\/revisions"}],"predecessor-version":[{"id":40365,"href":"https:\/\/hookahshop.lt\/lv\/wp-json\/wp\/v2\/product\/36516\/revisions\/40365"}],"wp:featuredmedia":[{"embeddable":true,"href":"https:\/\/hookahshop.lt\/lv\/wp-json\/wp\/v2\/media\/36519"}],"wp:attachment":[{"href":"https:\/\/hookahshop.lt\/lv\/wp-json\/wp\/v2\/media?parent=36516"}],"curies":[{"name":"wp","href":"https:\/\/api.w.org\/{rel}","templated":true}]}}