{"id":36561,"date":"2023-07-11T22:34:37","date_gmt":"2023-07-11T19:34:37","guid":{"rendered":"https:\/\/hookahshop.lt\/?post_type=product&#038;p=36561"},"modified":"2026-04-18T23:29:24","modified_gmt":"2026-04-18T20:29:24","slug":"taurele-kaljanui-kong-subzero","status":"publish","type":"product","link":"https:\/\/hookahshop.lt\/lv\/produkt\/kauss-for-udenspipe-kong-subzero\/","title":{"rendered":"B\u013coda \u016bdensp\u012bpei KONG Subzero"},"content":{"rendered":"<h2>B\u013coda \u016bdensp\u012bpei KONG Subzero<\/h2>\n<p>Ekskluz\u012bvi izstr\u0101d\u0101ts ar Mortal Kombat varo\u0146a SUBZERO att\u0113lu. Kr\u016bz\u012bte lieliski atveido gar\u0161as \u012bpa\u0161\u012bbas un \u013cauj izbaud\u012bt \u016bdensp\u012bpes priekus. Kr\u016bze lieliski sadala siltumu, t\u0101p\u0113c tabaka sadegs vienm\u0113r\u012bgi. Kr\u016bz\u012bte ir piem\u0113rota gan gai\u0161ai, gan tum\u0161ai tabakai. \u016adensp\u012bpes kr\u016bzes &quot;KONG&quot; tiek ra\u017eotas profesion\u0101l\u0101s kr\u0101sn\u012bs ar temperat\u016bru virs 1200 gr\u0101diem, kas neuzs\u016bc lietotas tabakas smaku. Lieto\u0161anas laik\u0101 no &quot;Kong&quot; kr\u016bzes neiztec\u0113s s\u012brups un tas saglab\u0101s s\u0101kotn\u0113jo izskatu ilgu laiku. Kausa sp\u0113ks ir vien\u0101ds ar akmens sp\u0113ku.<\/p>\n<p>Kr\u016bz\u012bt\u0113 ir aptuveni 16-20 g tabakas mais\u012bjuma.<\/p>\n<p><strong>Specifik\u0101cijas:<\/strong><br \/>\nAugstums: 125 mm<br \/>\nDiametrs (\u0101r\u0113jais): 76 mm<br \/>\nDiametrs (iek\u0161\u0113jais): 64 mm<br \/>\nDzi\u013cums: 15 mm<br \/>\nCaurumu skaits: 9 gab.<br \/>\nSvars: apm\u0113ram 565 g.<\/p>\n<p>Vai jums ir k\u0101di jaut\u0101jumi? Sazinies ar mums\u00a0<a href=\"https:\/\/hookahshop.lt\/lv\/kontaktiem\/\">kontaktu lapa<\/a>\u00a0vai rakstiet mums pa e-pastu\u00a0<a href=\"https:\/\/facebook.com\/HookahShop.lt\/\" target=\"_blank\" rel=\"noopener\">Facebook konts<\/a>\u00a0un m\u0113s atbild\u0113sim uz j\u016bsu piepras\u012bjumu taj\u0101 pa\u0161\u0101 dien\u0101.<\/p>","protected":false},"excerpt":{"rendered":"<p>\u016adensp\u012bpes kr\u016bze KONG Subzero Ekskluz\u012bvs dizains ar Mortal Kombat varo\u0146a SUBZERO att\u0113lu. Kr\u016bz\u012bte lieliski atveido gar\u0161as \u012bpa\u0161\u012bbas un \u013cauj izbaud\u012bt \u016bdensp\u012bpes priekus. Kr\u016bze lieliski sadala siltumu, t\u0101p\u0113c tabaka sadegs vienm\u0113r\u012bgi. Kr\u016bz\u012bte ir piem\u0113rota gan gai\u0161ai, gan tum\u0161ai tabakai. \u016adensp\u012bpes kr\u016bzes &quot;KONG&quot; tiek ra\u017eotas profesion\u0101l\u0101s kr\u0101sn\u012bs ar temperat\u016bru virs 1200 gr\u0101diem, kas neuzs\u016bc lietotas tabakas smaku. [\u2026]<\/p>","protected":false},"featured_media":36657,"comment_status":"open","ping_status":"closed","template":"","meta":[],"_links":{"self":[{"href":"https:\/\/hookahshop.lt\/lv\/wp-json\/wp\/v2\/product\/36561"}],"collection":[{"href":"https:\/\/hookahshop.lt\/lv\/wp-json\/wp\/v2\/product"}],"about":[{"href":"https:\/\/hookahshop.lt\/lv\/wp-json\/wp\/v2\/types\/product"}],"replies":[{"embeddable":true,"href":"https:\/\/hookahshop.lt\/lv\/wp-json\/wp\/v2\/comments?post=36561"}],"version-history":[{"count":4,"href":"https:\/\/hookahshop.lt\/lv\/wp-json\/wp\/v2\/product\/36561\/revisions"}],"predecessor-version":[{"id":36674,"href":"https:\/\/hookahshop.lt\/lv\/wp-json\/wp\/v2\/product\/36561\/revisions\/36674"}],"wp:featuredmedia":[{"embeddable":true,"href":"https:\/\/hookahshop.lt\/lv\/wp-json\/wp\/v2\/media\/36657"}],"wp:attachment":[{"href":"https:\/\/hookahshop.lt\/lv\/wp-json\/wp\/v2\/media?parent=36561"}],"curies":[{"name":"wp","href":"https:\/\/api.w.org\/{rel}","templated":true}]}}