{"id":36566,"date":"2023-07-11T23:19:25","date_gmt":"2023-07-11T20:19:25","guid":{"rendered":"https:\/\/hookahshop.lt\/?post_type=product&#038;p=36566"},"modified":"2026-04-15T23:29:32","modified_gmt":"2026-04-15T20:29:32","slug":"sakute-yla-blade-black","status":"publish","type":"product","link":"https:\/\/hookahshop.lt\/lv\/produkt\/daksa-ir-blade-black\/","title":{"rendered":"Dak\u0161a ir BLADE Melns"},"content":{"rendered":"<h2>Dak\u0161a ir BLADE Melns<\/h2>\n<p>Iesai\u0146ojiet ide\u0101lo kr\u016bzi ar t\u012br\u0101m rok\u0101m. Nevainojams, kvalitat\u012bvs aksesu\u0101rs.<\/p>\n<p><strong>Specifik\u0101cija:<\/strong><sub><br \/>\n<\/sub>Materi\u0101ls: ner\u016bs\u0113jo\u0161ais t\u0113rauds<sub><br \/>\n<\/sub>Kr\u0101sa melna<sub><br \/>\n<\/sub>Garums: 16cm<sub><br \/>\n<\/sub>Platums: 1,5 cm<sub><br \/>\n<\/sub>Svars: 40g.<\/p>\n<p>Vai jums ir k\u0101di jaut\u0101jumi? Sazinies ar mums\u00a0<a href=\"https:\/\/hookahshop.lt\/lv\/kontaktiem\/\">kontaktu lapa<\/a>\u00a0vai rakstiet mums pa e-pastu\u00a0<a href=\"https:\/\/facebook.com\/HookahShop.lt\/\" target=\"_blank\" rel=\"noopener\">Facebook konts<\/a>\u00a0un m\u0113s atbild\u0113sim uz j\u016bsu piepras\u012bjumu taj\u0101 pa\u0161\u0101 dien\u0101.<\/p>\n<p>&nbsp;<\/p>","protected":false},"excerpt":{"rendered":"<p>Fork yla BLADE Black Iesai\u0146ojiet perfektu stiklu ar t\u012br\u0101m rok\u0101m. Nevainojami, kvalitat\u012bvi apstr\u0101d\u0101ts aksesu\u0101rs. Specifik\u0101cija: Materi\u0101ls: ner\u016bs\u0113jo\u0161ais t\u0113rauds Kr\u0101sa: melna Garums: 16cm Platums: 1,5cm Svars: 40g. Vai jums ir k\u0101di jaut\u0101jumi? Sazinieties ar mums kontaktu lap\u0101 vai rakstiet mums uz m\u016bsu Facebook kontu un m\u0113s atbild\u0113sim uz j\u016bsu piepras\u012bjumu taj\u0101 pa\u0161\u0101 dien\u0101. &nbsp;<\/p>","protected":false},"featured_media":36568,"comment_status":"open","ping_status":"closed","template":"","meta":[],"_links":{"self":[{"href":"https:\/\/hookahshop.lt\/lv\/wp-json\/wp\/v2\/product\/36566"}],"collection":[{"href":"https:\/\/hookahshop.lt\/lv\/wp-json\/wp\/v2\/product"}],"about":[{"href":"https:\/\/hookahshop.lt\/lv\/wp-json\/wp\/v2\/types\/product"}],"replies":[{"embeddable":true,"href":"https:\/\/hookahshop.lt\/lv\/wp-json\/wp\/v2\/comments?post=36566"}],"version-history":[{"count":4,"href":"https:\/\/hookahshop.lt\/lv\/wp-json\/wp\/v2\/product\/36566\/revisions"}],"predecessor-version":[{"id":38422,"href":"https:\/\/hookahshop.lt\/lv\/wp-json\/wp\/v2\/product\/36566\/revisions\/38422"}],"wp:featuredmedia":[{"embeddable":true,"href":"https:\/\/hookahshop.lt\/lv\/wp-json\/wp\/v2\/media\/36568"}],"wp:attachment":[{"href":"https:\/\/hookahshop.lt\/lv\/wp-json\/wp\/v2\/media?parent=36566"}],"curies":[{"name":"wp","href":"https:\/\/api.w.org\/{rel}","templated":true}]}}