{"id":36579,"date":"2023-07-11T23:50:12","date_gmt":"2023-07-11T20:50:12","guid":{"rendered":"https:\/\/hookahshop.lt\/?post_type=product&#038;p=36579"},"modified":"2026-04-15T23:29:31","modified_gmt":"2026-04-15T20:29:31","slug":"apsauginis-sietelis-kaljanui-big-silver","status":"publish","type":"product","link":"https:\/\/hookahshop.lt\/lv\/produkt\/aizsargajoss-sietins-udenspipei-lielajam-sudrabam\/","title":{"rendered":"Aizsarg\u0101jo\u0161s sieti\u0146\u0161 \u016bdensp\u012bpei Big Silver"},"content":{"rendered":"<h2>Aizsarg\u0101jo\u0161s sieti\u0146\u0161 \u016bdensp\u012bpei Big Silver<\/h2>\n<p>T\u0101 augstums padara to \u0113rti piem\u0113rotu liel\u0101kajai da\u013cai tirg\u016b pieejamo \u016bdensp\u012bpju. Tas ne\u013cauj ogl\u0113m nejau\u0161i sadedzin\u0101t j\u016bsu v\u0113rtslietas, sm\u0113\u0137\u0113jot m\u0101j\u0101s.<\/p>\n<p><strong>Specifik\u0101cija:<\/strong><br \/>\nAugstums: 20cm<br \/>\nDiametrs: 11 cm<\/p>\n<p>Vai jums ir k\u0101di jaut\u0101jumi? Sazinies ar mums\u00a0<a href=\"https:\/\/hookahshop.lt\/lv\/kontaktiem\/\">kontaktu lapa<\/a>\u00a0vai rakstiet mums pa e-pastu\u00a0<a href=\"https:\/\/facebook.com\/HookahShop.lt\/\" target=\"_blank\" rel=\"noopener\">Facebook konts<\/a>\u00a0un m\u0113s atbild\u0113sim uz j\u016bsu piepras\u012bjumu taj\u0101 pa\u0161\u0101 dien\u0101.<\/p>\n<p>&nbsp;<\/p>","protected":false},"excerpt":{"rendered":"<p>Aizsarg\u0101jo\u0161s sieti\u0146\u0161 \u016bdensp\u012bpei Big Silver T\u0101 augstuma d\u0113\u013c tas \u0113rti iederas vairum\u0101 tirg\u016b pieejamo \u016bdensp\u012bpju. Tas ne\u013cauj ogl\u0113m nejau\u0161i sadedzin\u0101t j\u016bsu v\u0113rtslietas, sm\u0113\u0137\u0113jot m\u0101j\u0101s. Specifik\u0101cija: Augstums: 20cm Diametrs: 11cm Jaut\u0101jumi? Sazinieties ar mums kontaktu lap\u0101 vai rakstiet mums uz m\u016bsu Facebook kontu un m\u0113s atbild\u0113sim uz j\u016bsu piepras\u012bjumu taj\u0101 pa\u0161\u0101 dien\u0101. &nbsp;<\/p>","protected":false},"featured_media":36582,"comment_status":"open","ping_status":"closed","template":"","meta":[],"_links":{"self":[{"href":"https:\/\/hookahshop.lt\/lv\/wp-json\/wp\/v2\/product\/36579"}],"collection":[{"href":"https:\/\/hookahshop.lt\/lv\/wp-json\/wp\/v2\/product"}],"about":[{"href":"https:\/\/hookahshop.lt\/lv\/wp-json\/wp\/v2\/types\/product"}],"replies":[{"embeddable":true,"href":"https:\/\/hookahshop.lt\/lv\/wp-json\/wp\/v2\/comments?post=36579"}],"version-history":[{"count":4,"href":"https:\/\/hookahshop.lt\/lv\/wp-json\/wp\/v2\/product\/36579\/revisions"}],"predecessor-version":[{"id":37671,"href":"https:\/\/hookahshop.lt\/lv\/wp-json\/wp\/v2\/product\/36579\/revisions\/37671"}],"wp:featuredmedia":[{"embeddable":true,"href":"https:\/\/hookahshop.lt\/lv\/wp-json\/wp\/v2\/media\/36582"}],"wp:attachment":[{"href":"https:\/\/hookahshop.lt\/lv\/wp-json\/wp\/v2\/media?parent=36579"}],"curies":[{"name":"wp","href":"https:\/\/api.w.org\/{rel}","templated":true}]}}