{"id":36583,"date":"2023-07-11T23:58:57","date_gmt":"2023-07-11T20:58:57","guid":{"rendered":"https:\/\/hookahshop.lt\/?post_type=product&#038;p=36583"},"modified":"2026-04-22T23:29:56","modified_gmt":"2026-04-22T20:29:56","slug":"kandiklis-kaljanui-maklaud-gold","status":"publish","type":"product","link":"https:\/\/hookahshop.lt\/lv\/produkt\/iemuti-for-udenspipe-maklad-zelts\/","title":{"rendered":"\u016adensp\u012bpes iemutnis MAKLAUD Gold"},"content":{"rendered":"<h2>\u016adensp\u012bpes iemutnis MAKLAUD Gold<\/h2>\n<p>Mute izgatavota no ner\u016bs\u0113jo\u0161\u0101 t\u0113rauda no ra\u017eot\u0101ja Maklaud. Iemuts izskat\u0101s grezni, ir \u013coti \u0113rts rok\u0101 un lieliski piem\u0113rots da\u017e\u0101d\u0101m \u016bdensp\u012bp\u0113m.<\/p>\n<p><strong>Specifik\u0101cija:<\/strong><sub><br \/>\n<\/sub>Iemutes garums: 325 mm<sub><br \/>\n<\/sub>Iemutes iek\u0161\u0113jais diametrs: 9mm<sub><br \/>\n<\/sub>Svars: apm\u0113ram 150 g<br \/>\nMateri\u0101ls: ner\u016bs\u0113jo\u0161ais t\u0113rauds<br \/>\nKr\u0101sa: zelta<\/p>\n<p>Vai jums ir k\u0101di jaut\u0101jumi? Sazinies ar mums\u00a0<a href=\"https:\/\/hookahshop.lt\/lv\/kontaktiem\/\">kontaktu lapa<\/a>\u00a0vai rakstiet mums pa e-pastu\u00a0<a href=\"https:\/\/facebook.com\/HookahShop.lt\/\" target=\"_blank\" rel=\"noopener\">Facebook konts<\/a>\u00a0un m\u0113s atbild\u0113sim uz j\u016bsu piepras\u012bjumu taj\u0101 pa\u0161\u0101 dien\u0101.<\/p>\n<p>&nbsp;<\/p>","protected":false},"excerpt":{"rendered":"<p>Ietin \u016bdensp\u012bpei MAKLAUD Gold Ietin izgatavots no ner\u016bs\u0113jo\u0161\u0101 t\u0113rauda no ra\u017eot\u0101ja Maklaud. Iemuts izskat\u0101s grezni, ir \u013coti \u0113rts rok\u0101 un lieliski piem\u0113rots da\u017e\u0101d\u0101m \u016bdensp\u012bp\u0113m. Specifik\u0101cija: iemutes garums: 325mm Ievas iek\u0161\u0113jais diametrs: 9mm Svars: apm\u0113ram 150g Materi\u0101ls: ner\u016bs\u0113jo\u0161ais t\u0113rauds Kr\u0101sa: zelts Vai ir k\u0101di jaut\u0101jumi? Sazinieties ar mums kontaktu lap\u0101 vai rakstiet mums uz m\u016bsu Facebook kontu un m\u0113s atbild\u0113sim uz j\u016bsu [\u2026]<\/p>","protected":false},"featured_media":36584,"comment_status":"open","ping_status":"closed","template":"","meta":[],"_links":{"self":[{"href":"https:\/\/hookahshop.lt\/lv\/wp-json\/wp\/v2\/product\/36583"}],"collection":[{"href":"https:\/\/hookahshop.lt\/lv\/wp-json\/wp\/v2\/product"}],"about":[{"href":"https:\/\/hookahshop.lt\/lv\/wp-json\/wp\/v2\/types\/product"}],"replies":[{"embeddable":true,"href":"https:\/\/hookahshop.lt\/lv\/wp-json\/wp\/v2\/comments?post=36583"}],"version-history":[{"count":2,"href":"https:\/\/hookahshop.lt\/lv\/wp-json\/wp\/v2\/product\/36583\/revisions"}],"predecessor-version":[{"id":36648,"href":"https:\/\/hookahshop.lt\/lv\/wp-json\/wp\/v2\/product\/36583\/revisions\/36648"}],"wp:featuredmedia":[{"embeddable":true,"href":"https:\/\/hookahshop.lt\/lv\/wp-json\/wp\/v2\/media\/36584"}],"wp:attachment":[{"href":"https:\/\/hookahshop.lt\/lv\/wp-json\/wp\/v2\/media?parent=36583"}],"curies":[{"name":"wp","href":"https:\/\/api.w.org\/{rel}","templated":true}]}}