{"id":36587,"date":"2023-07-12T00:04:17","date_gmt":"2023-07-11T21:04:17","guid":{"rendered":"https:\/\/hookahshop.lt\/?post_type=product&#038;p=36587"},"modified":"2026-04-06T23:29:32","modified_gmt":"2026-04-06T20:29:32","slug":"vienkartiniai-kandikliai-kaljanui-black-6cm-100vnt","status":"publish","type":"product","link":"https:\/\/hookahshop.lt\/lv\/produkt\/vienreizejie-iemuti-pipei-melns-6cm-100gab\/","title":{"rendered":"Vienreizlietojamie \u016bdensp\u012bpes iemuti Melni 6cm 100 gab"},"content":{"rendered":"<h2>Vienreizlietojamie \u016bdensp\u012bpes iemuti Melni 6cm 100 gab<\/h2>\n<p>Papildu piestiprin\u0101\u0161anai pie \u016bdensp\u012bpes iemut\u0146a higi\u0113niskai lieto\u0161anai.<\/p>\n<p><strong>Raksturojums:<\/strong><sub><br \/>\n<\/sub>Kr\u0101sa melna<sub><br \/>\n<\/sub>Mutes garums: 6 cm<sub><br \/>\n<\/sub>Daudzums iepakojum\u0101: 100gab<\/p>\n<p>Vai jums ir k\u0101di jaut\u0101jumi? Sazinies ar mums\u00a0<a href=\"https:\/\/hookahshop.lt\/lv\/kontaktiem\/\">kontaktu lapa<\/a>\u00a0vai rakstiet mums pa e-pastu\u00a0<a href=\"https:\/\/facebook.com\/HookahShop.lt\/\" target=\"_blank\" rel=\"noopener\">Facebook konts<\/a>\u00a0un m\u0113s atbild\u0113sim uz j\u016bsu piepras\u012bjumu taj\u0101 pa\u0161\u0101 dien\u0101.<\/p>","protected":false},"excerpt":{"rendered":"<p>Vienreizlietojamie iemuti \u016bdensp\u012bpei Melni 6cm 100gab Papildu lieto\u0161anai uz \u016bdensp\u012bpes iemuti higi\u0113niskai lieto\u0161anai. Raksturojums: Kr\u0101sa: Melns Iemutes garums: 6cm Iepakojuma daudzums: 100 gab. Vai jums ir k\u0101di jaut\u0101jumi? Sazinieties ar mums kontaktu lap\u0101 vai rakstiet mums uz m\u016bsu Facebook kontu un m\u0113s atbild\u0113sim uz j\u016bsu piepras\u012bjumu taj\u0101 pa\u0161\u0101 dien\u0101.<\/p>","protected":false},"featured_media":36588,"comment_status":"open","ping_status":"closed","template":"","meta":[],"_links":{"self":[{"href":"https:\/\/hookahshop.lt\/lv\/wp-json\/wp\/v2\/product\/36587"}],"collection":[{"href":"https:\/\/hookahshop.lt\/lv\/wp-json\/wp\/v2\/product"}],"about":[{"href":"https:\/\/hookahshop.lt\/lv\/wp-json\/wp\/v2\/types\/product"}],"replies":[{"embeddable":true,"href":"https:\/\/hookahshop.lt\/lv\/wp-json\/wp\/v2\/comments?post=36587"}],"version-history":[{"count":4,"href":"https:\/\/hookahshop.lt\/lv\/wp-json\/wp\/v2\/product\/36587\/revisions"}],"predecessor-version":[{"id":42963,"href":"https:\/\/hookahshop.lt\/lv\/wp-json\/wp\/v2\/product\/36587\/revisions\/42963"}],"wp:featuredmedia":[{"embeddable":true,"href":"https:\/\/hookahshop.lt\/lv\/wp-json\/wp\/v2\/media\/36588"}],"wp:attachment":[{"href":"https:\/\/hookahshop.lt\/lv\/wp-json\/wp\/v2\/media?parent=36587"}],"curies":[{"name":"wp","href":"https:\/\/api.w.org\/{rel}","templated":true}]}}