{"id":36591,"date":"2023-07-12T00:13:51","date_gmt":"2023-07-11T21:13:51","guid":{"rendered":"https:\/\/hookahshop.lt\/?post_type=product&#038;p=36591"},"modified":"2026-04-06T23:29:32","modified_gmt":"2026-04-06T20:29:32","slug":"kandiklis-kaljanui-black-40cm","status":"publish","type":"product","link":"https:\/\/hookahshop.lt\/lv\/produkt\/iemutnis-pipei-melns-40cm\/","title":{"rendered":"Iestr\u0101de \u016bdensp\u012bpei Melna 40cm"},"content":{"rendered":"<h2>Iestr\u0101de \u016bdensp\u012bpei Melna 40cm<\/h2>\n<p>Viengabalains iemutis, kas piem\u0113rots gandr\u012bz vis\u0101m silikona \u0161\u013c\u016bten\u0113m. Piem\u0113rots da\u017e\u0101da veida vienreizlietojamiem iemutiem.<\/p>\n<p><strong>Specifik\u0101cija:<\/strong><sub><br \/>\n<\/sub>Garums: 40 cm<sub><br \/>\n<\/sub>Kr\u0101sa melna<br \/>\nMateri\u0101ls: alum\u012bnijs<\/p>\n<p>Vai jums ir k\u0101di jaut\u0101jumi? Sazinies ar mums\u00a0<a href=\"https:\/\/hookahshop.lt\/lv\/kontaktiem\/\">kontaktu lapa<\/a>\u00a0vai rakstiet mums pa e-pastu\u00a0<a href=\"https:\/\/facebook.com\/HookahShop.lt\/\" target=\"_blank\" rel=\"noopener\">Facebook konts<\/a>\u00a0un m\u0113s atbild\u0113sim uz j\u016bsu piepras\u012bjumu taj\u0101 pa\u0161\u0101 dien\u0101.<\/p>\n<p>&nbsp;<\/p>","protected":false},"excerpt":{"rendered":"<p>Iemutis \u016bdensp\u012bpei Melns 40cm Vienda\u013c\u012bgs neatdal\u0101ms iemutis, piem\u0113rots gandr\u012bz vis\u0101m silikona \u0161\u013c\u016bten\u0113m. Piem\u0113rots da\u017e\u0101da veida vienreizlietojamiem iemutiem. Specifik\u0101cija: Garums: 40 cm Kr\u0101sa: Melna Materi\u0101ls: Alum\u012bnijs Vai ir k\u0101di jaut\u0101jumi? Sazinieties ar mums kontaktu lap\u0101 vai rakstiet mums uz m\u016bsu Facebook kontu un m\u0113s atbild\u0113sim uz j\u016bsu piepras\u012bjumu taj\u0101 pa\u0161\u0101 dien\u0101. &nbsp;<\/p>","protected":false},"featured_media":36592,"comment_status":"open","ping_status":"closed","template":"","meta":[],"_links":{"self":[{"href":"https:\/\/hookahshop.lt\/lv\/wp-json\/wp\/v2\/product\/36591"}],"collection":[{"href":"https:\/\/hookahshop.lt\/lv\/wp-json\/wp\/v2\/product"}],"about":[{"href":"https:\/\/hookahshop.lt\/lv\/wp-json\/wp\/v2\/types\/product"}],"replies":[{"embeddable":true,"href":"https:\/\/hookahshop.lt\/lv\/wp-json\/wp\/v2\/comments?post=36591"}],"version-history":[{"count":2,"href":"https:\/\/hookahshop.lt\/lv\/wp-json\/wp\/v2\/product\/36591\/revisions"}],"predecessor-version":[{"id":36647,"href":"https:\/\/hookahshop.lt\/lv\/wp-json\/wp\/v2\/product\/36591\/revisions\/36647"}],"wp:featuredmedia":[{"embeddable":true,"href":"https:\/\/hookahshop.lt\/lv\/wp-json\/wp\/v2\/media\/36592"}],"wp:attachment":[{"href":"https:\/\/hookahshop.lt\/lv\/wp-json\/wp\/v2\/media?parent=36591"}],"curies":[{"name":"wp","href":"https:\/\/api.w.org\/{rel}","templated":true}]}}