{"id":36603,"date":"2023-07-12T00:31:10","date_gmt":"2023-07-11T21:31:10","guid":{"rendered":"https:\/\/hookahshop.lt\/?post_type=product&#038;p=36603"},"modified":"2026-05-13T23:30:03","modified_gmt":"2026-05-13T20:30:03","slug":"taurele-kaljanui-oblako-stone-classic-blue","status":"publish","type":"product","link":"https:\/\/hookahshop.lt\/lv\/produkt\/kauss-udenspipe-makonis-akmens-klasika-zils\/","title":{"rendered":"B\u013coda \u016bdensp\u012bpei OBLAKO Stone Classic Blue"},"content":{"rendered":"<h2>B\u013coda \u016bdensp\u012bpei OBLAKO Stone Classic Blue<\/h2>\n<p>Jauns modelis no ra\u017eot\u0101ja Oblak. Iek\u0161\u0113j\u0101s da\u013cas \u012bpa\u0161\u0101 forma samazina tabakas mais\u012bjumu p\u0101rkar\u0161anu palielin\u0101t\u0101 siltuma p\u0101rneses laukuma d\u0113\u013c. Kr\u016bzes iek\u0161pus\u0113 ir liel\u0101ks caurums, lai samazin\u0101tu vilces degrad\u0101cijas iesp\u0113ju. Kr\u016bzes siltumvad\u012btsp\u0113ja tiek uzskat\u012bta par vid\u0113jo, kas noz\u012bm\u0113, ka p\u0101rkar\u0161anas risks nav augsts. Kr\u016bz\u012bte paredz\u0113ta ikdienas sm\u0113\u0137\u0113\u0161anai, lieliski piem\u0113rota vieglai un smagai tabakai!<br \/>\nTabakas tase satur 20-25 g.<\/p>\n<p><strong>Specifik\u0101cijas:<\/strong><sub><br \/>\n<\/sub>Augstums: 8mm<sub><br \/>\n<\/sub>Diametrs (\u0101r\u0113jais): 7,5 mm<sub><br \/>\n<\/sub>Caurumu skaits: 7<br \/>\nKr\u0101sa: zila (to\u0146i var at\u0161\u0137irties)<\/p>\n<p>Vai jums ir k\u0101di jaut\u0101jumi? Sazinies ar mums\u00a0<a href=\"https:\/\/hookahshop.lt\/lv\/kontaktiem\/\">kontaktu lapa<\/a>\u00a0vai rakstiet mums pa e-pastu\u00a0<a href=\"https:\/\/facebook.com\/HookahShop.lt\/\" target=\"_blank\" rel=\"noopener\">Facebook konts<\/a>\u00a0un m\u0113s atbild\u0113sim uz j\u016bsu piepras\u012bjumu taj\u0101 pa\u0161\u0101 dien\u0101.<\/p>\n<p>&nbsp;<\/p>","protected":false},"excerpt":{"rendered":"<p>B\u013coda \u016bdensp\u012bpei OBLAKO Stone Classic Blue Jauns ra\u017eot\u0101ja Oblak modelis. Iek\u0161\u0113j\u0101s da\u013cas \u012bpa\u0161\u0101 forma samazina tabakas mais\u012bjumu p\u0101rkar\u0161anu palielin\u0101t\u0101 siltuma p\u0101rneses laukuma d\u0113\u013c. Kr\u016bzes iek\u0161pus\u0113 ir liel\u0101ks caurums, lai samazin\u0101tu vilces degrad\u0101cijas iesp\u0113ju. Kr\u016bzes siltumvad\u012btsp\u0113ja tiek uzskat\u012bta par vid\u0113jo, kas noz\u012bm\u0113, ka p\u0101rkar\u0161anas risks nav augsts. Kr\u016bz\u012bte paredz\u0113ta ikdienas sm\u0113\u0137\u0113\u0161anai, lieliski piem\u0113rota vieglai un [...]<\/p>","protected":false},"featured_media":36604,"comment_status":"open","ping_status":"closed","template":"","meta":[],"_links":{"self":[{"href":"https:\/\/hookahshop.lt\/lv\/wp-json\/wp\/v2\/product\/36603"}],"collection":[{"href":"https:\/\/hookahshop.lt\/lv\/wp-json\/wp\/v2\/product"}],"about":[{"href":"https:\/\/hookahshop.lt\/lv\/wp-json\/wp\/v2\/types\/product"}],"replies":[{"embeddable":true,"href":"https:\/\/hookahshop.lt\/lv\/wp-json\/wp\/v2\/comments?post=36603"}],"version-history":[{"count":3,"href":"https:\/\/hookahshop.lt\/lv\/wp-json\/wp\/v2\/product\/36603\/revisions"}],"predecessor-version":[{"id":36644,"href":"https:\/\/hookahshop.lt\/lv\/wp-json\/wp\/v2\/product\/36603\/revisions\/36644"}],"wp:featuredmedia":[{"embeddable":true,"href":"https:\/\/hookahshop.lt\/lv\/wp-json\/wp\/v2\/media\/36604"}],"wp:attachment":[{"href":"https:\/\/hookahshop.lt\/lv\/wp-json\/wp\/v2\/media?parent=36603"}],"curies":[{"name":"wp","href":"https:\/\/api.w.org\/{rel}","templated":true}]}}