{"id":36608,"date":"2023-07-12T00:35:46","date_gmt":"2023-07-11T21:35:46","guid":{"rendered":"https:\/\/hookahshop.lt\/?post_type=product&#038;p=36608"},"modified":"2026-04-17T16:33:41","modified_gmt":"2026-04-17T13:33:41","slug":"taurele-kaljanui-oblako-trio-phunnel-green","status":"publish","type":"product","link":"https:\/\/hookahshop.lt\/lv\/produkt\/kauss-udenspipe-makonis-trio-piltuve-zals\/","title":{"rendered":"Kubek do fajki wodnej OBLAKO Trio Phunnel Green"},"content":{"rendered":"<h2>Kubek do fajki wodnej OBLAKO Trio Phunnel Green<\/h2>\n<p>Tas ir phennel kauss, tikai ar nevis vienu caurumu, bet tr\u012bs! Ikdienas sm\u0113\u0137\u0113\u0161anai, lieliski piem\u0113rots vieglai un smagai tabakai! Kr\u016bz\u012bte ir p\u0101rkl\u0101ta ar glaz\u016bru, pateicoties kurai t\u0101 var ilgsto\u0161i saglab\u0101t savas s\u0101kotn\u0113j\u0101s \u012bpa\u0161\u012bbas un izskatu. OBLAKO izmanto tikai cilv\u0113kiem dro\u0161u p\u0101rtikas glaz\u016bru, ko izstr\u0101d\u0101ju\u0161i partneri specializ\u0113t\u0101s laboratorij\u0101s.<\/p>\n<p>Tabakas tase satur 17\u201322 g.<\/p>\n<p><strong>Specifik\u0101cijas:<\/strong><sub><br \/>\n<\/sub>Augstums: 10,5 mm<sub><br \/>\n<\/sub>Diametrs (\u0101r\u0113jais): 7,5 mm<sub><br \/>\n<\/sub>Caurumu skaits: 3<sub><br \/>\n<\/sub><\/p>\n<p>Vai jums ir k\u0101di jaut\u0101jumi? Sazinies ar mums\u00a0<a href=\"https:\/\/hookahshop.lt\/lv\/kontaktiem\/\">kontaktu lapa<\/a>\u00a0vai rakstiet mums pa e-pastu\u00a0<a href=\"https:\/\/facebook.com\/HookahShop.lt\/\" target=\"_blank\" rel=\"noopener\">Facebook konts<\/a>\u00a0un m\u0113s atbild\u0113sim uz j\u016bsu piepras\u012bjumu taj\u0101 pa\u0161\u0101 dien\u0101.<\/p>\n<p>&nbsp;<\/p>","protected":false},"excerpt":{"rendered":"<p>\u016adensp\u012bpes kr\u016bz\u012bte OBLAKO Trio Phunnel Green \u0160\u012b ir phunnel tipa kr\u016bz\u012bte, tikai ar nevis vienu caurumu, bet trim! Paredz\u0113ta ikdienas sm\u0113\u0137\u0113\u0161anai, ide\u0101li piem\u0113rota gan vieglai, gan smagai tabakai! Kr\u016bz\u012bte ir p\u0101rkl\u0101ta ar glaz\u016bru, pateicoties kurai t\u0101 ilgsto\u0161i saglab\u0101 savas s\u0101kotn\u0113j\u0101s \u012bpa\u0161\u012bbas un izskatu. OBLAKO izmanto tikai p\u0101rtikas kvalit\u0101tes glaz\u016bru, kas ir nekait\u012bga cilv\u0113kiem un ko izstr\u0101d\u0101ju\u0161i partneri specializ\u0113t\u0101s laboratorij\u0101s. Kr\u016bz\u012bte [\u2026]<\/p>","protected":false},"featured_media":36612,"comment_status":"open","ping_status":"closed","template":"","meta":[],"_links":{"self":[{"href":"https:\/\/hookahshop.lt\/lv\/wp-json\/wp\/v2\/product\/36608"}],"collection":[{"href":"https:\/\/hookahshop.lt\/lv\/wp-json\/wp\/v2\/product"}],"about":[{"href":"https:\/\/hookahshop.lt\/lv\/wp-json\/wp\/v2\/types\/product"}],"replies":[{"embeddable":true,"href":"https:\/\/hookahshop.lt\/lv\/wp-json\/wp\/v2\/comments?post=36608"}],"version-history":[{"count":3,"href":"https:\/\/hookahshop.lt\/lv\/wp-json\/wp\/v2\/product\/36608\/revisions"}],"predecessor-version":[{"id":39895,"href":"https:\/\/hookahshop.lt\/lv\/wp-json\/wp\/v2\/product\/36608\/revisions\/39895"}],"wp:featuredmedia":[{"embeddable":true,"href":"https:\/\/hookahshop.lt\/lv\/wp-json\/wp\/v2\/media\/36612"}],"wp:attachment":[{"href":"https:\/\/hookahshop.lt\/lv\/wp-json\/wp\/v2\/media?parent=36608"}],"curies":[{"name":"wp","href":"https:\/\/api.w.org\/{rel}","templated":true}]}}