{"id":36618,"date":"2023-07-12T01:16:38","date_gmt":"2023-07-11T22:16:38","guid":{"rendered":"https:\/\/hookahshop.lt\/?post_type=product&#038;p=36618"},"modified":"2026-04-17T16:33:41","modified_gmt":"2026-04-17T13:33:41","slug":"kaljanas-ykap-killer-wave-black","status":"publish","type":"product","link":"https:\/\/hookahshop.lt\/lv\/produkt\/hookah-ykap-killer-wave-black\/","title":{"rendered":"\u016adensp\u012bpe YKAP Killer Wave Black"},"content":{"rendered":"<h2>\u016adensp\u012bpe YKAP Killer Wave Black<\/h2>\n<p>Paz\u012bstama ra\u017eot\u0101ja - YKAP jaun\u0101 \u016bdensp\u012bpe &quot;YKAP Killer Wave Black&quot;. T\u0101 ir vid\u0113ja izm\u0113ra un kvalitat\u012bva \u016bdensp\u012bpe, kas garant\u0113s pat\u012bkamu seansu. \u016adensp\u012bpe ir izgatavota, izmantojot augst\u0101k\u0101s kvalit\u0101tes materi\u0101lus, kas nodro\u0161in\u0101s \u016bdensp\u012bpes ilgu kalpo\u0161anas laiku. Klasisk\u0101 \u016bdensp\u012bpe.<\/p>\n<p><strong>Apr\u012bkojums:<\/strong><sub><br \/>\n<\/sub>\u016adensp\u012bpe (v\u0101rpsta),<br \/>\nMutes iemutnis<sub><br \/>\n<\/sub>Silikona \u0161\u013c\u016btene (O veida gredzens)<\/p>\n<p><img decoding=\"async\" loading=\"lazy\" class=\"alignnone size-medium wp-image-38521\" src=\"https:\/\/hookahshop.lt\/wp-content\/uploads\/2020\/09\/stiebas-zarna-kandiklis-1-300x273.jpg\" alt=\"- hookahshop.lt\" width=\"300\" height=\"273\" srcset=\"https:\/\/hookahshop.lt\/wp-content\/uploads\/2020\/09\/stiebas-zarna-kandiklis-1-300x273.jpg 300w, https:\/\/hookahshop.lt\/wp-content\/uploads\/2020\/09\/stiebas-zarna-kandiklis-1-13x12.jpg 13w, https:\/\/hookahshop.lt\/wp-content\/uploads\/2020\/09\/stiebas-zarna-kandiklis-1-64x58.jpg 64w, https:\/\/hookahshop.lt\/wp-content\/uploads\/2020\/09\/stiebas-zarna-kandiklis-1.jpg 420w\" sizes=\"(max-width: 300px) 100vw, 300px\" title=\"\"><\/p>\n<p><strong>Specifik\u0101cija:<\/strong><sub><br \/>\n<\/sub>Augstums: 54 cm<sub><br \/>\n<\/sub>Materi\u0101ls: ner\u016bs\u0113jo\u0161ais t\u0113rauds, koka deta\u013ca<\/p>\n<p>Vai jums ir k\u0101di jaut\u0101jumi? Sazinies ar mums\u00a0<a href=\"https:\/\/hookahshop.lt\/lv\/kontaktiem\/\">kontaktu lapa<\/a>\u00a0vai rakstiet mums pa e-pastu\u00a0<a href=\"https:\/\/facebook.com\/HookahShop.lt\/\" target=\"_blank\" rel=\"noopener\">Facebook konts<\/a>\u00a0un m\u0113s atbild\u0113sim uz j\u016bsu piepras\u012bjumu taj\u0101 pa\u0161\u0101 dien\u0101.<\/p>","protected":false},"excerpt":{"rendered":"<p>\u016adensp\u012bpe YKAP Killer Wave Black Jaun\u0101 \u016bdensp\u012bpe &quot;YKAP Killer Wave Black&quot; no paz\u012bstam\u0101 ra\u017eot\u0101ja - YKAP. \u0160\u012b ir vid\u0113ja izm\u0113ra un augstas kvalit\u0101tes \u016bdensp\u012bpe, kas garant\u0113s pat\u012bkamu p\u0113r\u0161anas sesiju. \u016adensp\u012bpe ir izgatavota, izmantojot augst\u0101k\u0101s kvalit\u0101tes materi\u0101lus, kas nodro\u0161in\u0101s ilgu \u016bdensp\u012bpes kalpo\u0161anas laiku. Klasiska \u016bdensp\u012bpe ar iegrimes aizdari. Pilns komplekts: \u016adensp\u012bpe (v\u0101rpsta), Iemutnis Silikona \u0161\u013c\u016btene (O veida gredzens) Specifik\u0101cija: Augstums: 54 cm Materi\u0101ls: ner\u016bs\u0113jo\u0161ais t\u0113rauds, koks [\u2026]<\/p>","protected":false},"featured_media":36619,"comment_status":"open","ping_status":"closed","template":"","meta":[],"_links":{"self":[{"href":"https:\/\/hookahshop.lt\/lv\/wp-json\/wp\/v2\/product\/36618"}],"collection":[{"href":"https:\/\/hookahshop.lt\/lv\/wp-json\/wp\/v2\/product"}],"about":[{"href":"https:\/\/hookahshop.lt\/lv\/wp-json\/wp\/v2\/types\/product"}],"replies":[{"embeddable":true,"href":"https:\/\/hookahshop.lt\/lv\/wp-json\/wp\/v2\/comments?post=36618"}],"version-history":[{"count":5,"href":"https:\/\/hookahshop.lt\/lv\/wp-json\/wp\/v2\/product\/36618\/revisions"}],"predecessor-version":[{"id":44615,"href":"https:\/\/hookahshop.lt\/lv\/wp-json\/wp\/v2\/product\/36618\/revisions\/44615"}],"wp:featuredmedia":[{"embeddable":true,"href":"https:\/\/hookahshop.lt\/lv\/wp-json\/wp\/v2\/media\/36619"}],"wp:attachment":[{"href":"https:\/\/hookahshop.lt\/lv\/wp-json\/wp\/v2\/media?parent=36618"}],"curies":[{"name":"wp","href":"https:\/\/api.w.org\/{rel}","templated":true}]}}