{"id":36626,"date":"2023-07-12T10:14:59","date_gmt":"2023-07-12T07:14:59","guid":{"rendered":"https:\/\/hookahshop.lt\/?post_type=product&#038;p=36626"},"modified":"2026-04-14T23:29:38","modified_gmt":"2026-04-14T20:29:38","slug":"kolba-kaljanui-vg-craft-transparent","status":"publish","type":"product","link":"https:\/\/hookahshop.lt\/lv\/produkt\/kolba-for-udenspipe-vg-craft-caurspidigs\/","title":{"rendered":"\u016adensp\u012bpes kolba VG Craft Transparent"},"content":{"rendered":"<h2>\u016adensp\u012bpes kolba VG Craft Transparent<\/h2>\n<p>Tas ir univers\u0101ls caursp\u012bd\u012bgs stikls.<\/p>\n<p><strong>Specifik\u0101cija:<\/strong><br \/>\nAugstums: 265 mm<br \/>\nSvars: ~ 1620 g<br \/>\nKakla \u0101r\u0113jais diametrs: 74 mm<br \/>\nKakla iek\u0161\u0113jais diametrs: 47 mm<br \/>\nProdukta materi\u0101ls: caursp\u012bd\u012bgs stikls ar za\u013cu nokr\u0101su<\/p>\n<p>Vai jums ir k\u0101di jaut\u0101jumi? Sazinies ar mums\u00a0<a href=\"https:\/\/hookahshop.lt\/lv\/kontaktiem\/\">kontaktu lapa<\/a>\u00a0vai rakstiet mums pa e-pastu\u00a0<a href=\"https:\/\/facebook.com\/HookahShop.lt\/\" target=\"_blank\" rel=\"noopener noreferrer\">Facebook konts<\/a>\u00a0un m\u0113s atbild\u0113sim uz j\u016bsu piepras\u012bjumu taj\u0101 pa\u0161\u0101 dien\u0101.<\/p>","protected":false},"excerpt":{"rendered":"<p>Kolba kaljanui VG Craft Transparent Tai universali skaidri stiklin\u0117. Specifikacija: Auk\u0161tis: 265 mm Svoris: ~ 1620 g I\u0161orinis kaklelio skersmuo: 74 mm Vidinis kaklelio skersmuo: 47 mm Produkto med\u017eiaga: skaidrus stiklas su \u017ealiu atspalviu Turite klausim\u0173? Susisiekite su mumis\u00a0kontakt\u0173 puslapyje\u00a0arba para\u0161ykite mums \u012f\u00a0Facebook paskyr\u0105\u00a0ir atsakysime \u012f j\u016bs\u0173 u\u017eklaus\u0105 dar t\u0105 pa\u010di\u0105 dien\u0105.<\/p>","protected":false},"featured_media":36627,"comment_status":"open","ping_status":"closed","template":"","meta":[],"_links":{"self":[{"href":"https:\/\/hookahshop.lt\/lv\/wp-json\/wp\/v2\/product\/36626"}],"collection":[{"href":"https:\/\/hookahshop.lt\/lv\/wp-json\/wp\/v2\/product"}],"about":[{"href":"https:\/\/hookahshop.lt\/lv\/wp-json\/wp\/v2\/types\/product"}],"replies":[{"embeddable":true,"href":"https:\/\/hookahshop.lt\/lv\/wp-json\/wp\/v2\/comments?post=36626"}],"version-history":[{"count":6,"href":"https:\/\/hookahshop.lt\/lv\/wp-json\/wp\/v2\/product\/36626\/revisions"}],"predecessor-version":[{"id":41418,"href":"https:\/\/hookahshop.lt\/lv\/wp-json\/wp\/v2\/product\/36626\/revisions\/41418"}],"wp:featuredmedia":[{"embeddable":true,"href":"https:\/\/hookahshop.lt\/lv\/wp-json\/wp\/v2\/media\/36627"}],"wp:attachment":[{"href":"https:\/\/hookahshop.lt\/lv\/wp-json\/wp\/v2\/media?parent=36626"}],"curies":[{"name":"wp","href":"https:\/\/api.w.org\/{rel}","templated":true}]}}