{"id":36667,"date":"2023-07-12T15:39:23","date_gmt":"2023-07-12T12:39:23","guid":{"rendered":"https:\/\/hookahshop.lt\/?post_type=product&#038;p=36667"},"modified":"2026-04-17T23:29:54","modified_gmt":"2026-04-17T20:29:54","slug":"gaubtas-taureles-kaitinimui-black","status":"publish","type":"product","link":"https:\/\/hookahshop.lt\/lv\/produkt\/nosucejs-glazes-apkurei-melnas\/","title":{"rendered":"Kapuce kr\u016bz\u012b\u0161u sild\u012b\u0161anai Melns"},"content":{"rendered":"<h2>Kapuce kr\u016bz\u012b\u0161u sild\u012b\u0161anai Melns<\/h2>\n<p>Pasarg\u0101 no v\u0113ja, baudot \u0101ra \u016bdensp\u012bpes sesiju. Var izmantot k\u0101 og\u013chidr\u0101tu pilienu aizsargu. Tas ar\u012b pa\u0101trina \u016bdensp\u012bpes gatavo\u0161anas laiku, t\u0101p\u0113c v\u0113lams to lietot p\u0113c og\u013chidr\u0101tu pievieno\u0161anas sesijas s\u0101kum\u0101.<\/p>\n<p><strong>Specifik\u0101cijas:<\/strong><br \/>\nAugstums: apm\u0113ram 21 cm<br \/>\nDiametrs: 11 cm<\/p>\n<p>Vai jums ir k\u0101di jaut\u0101jumi? Sazinies ar mums <a href=\"https:\/\/hookahshop.lt\/lv\/kontaktiem\/\">kontaktu lapa<\/a> vai rakstiet mums pa e-pastu <a href=\"https:\/\/facebook.com\/HookahShop.lt\/\" target=\"_blank\" rel=\"noopener noreferrer\">Facebook konts<\/a> un m\u0113s atbild\u0113sim uz j\u016bsu piepras\u012bjumu taj\u0101 pa\u0161\u0101 dien\u0101.<\/p>","protected":false},"excerpt":{"rendered":"<p>P\u0101rvalks kr\u016bz\u012b\u0161u sild\u012b\u0161anai Melns Aizsarg\u0101 no v\u0113ja, baudot \u016bdensp\u012bpes sesiju \u0101r\u0101. Var izmantot k\u0101 og\u013chidr\u0101tu pilienu aizsargu. Tas ar\u012b pa\u0101trina \u016bdensp\u012bpes gatavo\u0161anas laiku, t\u0101p\u0113c v\u0113lams to lietot p\u0113c og\u013chidr\u0101tu pievieno\u0161anas sesijas s\u0101kum\u0101. Specifik\u0101cijas: Augstums: apm\u0113ram 21 cm Diametrs: 11 cm Jaut\u0101jumi? Sazinieties ar mums kontaktu lap\u0101 vai rakstiet mums uz m\u016bsu Facebook kontu un m\u0113s atbild\u0113sim [\u2026]<\/p>","protected":false},"featured_media":36668,"comment_status":"open","ping_status":"closed","template":"","meta":[],"_links":{"self":[{"href":"https:\/\/hookahshop.lt\/lv\/wp-json\/wp\/v2\/product\/36667"}],"collection":[{"href":"https:\/\/hookahshop.lt\/lv\/wp-json\/wp\/v2\/product"}],"about":[{"href":"https:\/\/hookahshop.lt\/lv\/wp-json\/wp\/v2\/types\/product"}],"replies":[{"embeddable":true,"href":"https:\/\/hookahshop.lt\/lv\/wp-json\/wp\/v2\/comments?post=36667"}],"version-history":[{"count":4,"href":"https:\/\/hookahshop.lt\/lv\/wp-json\/wp\/v2\/product\/36667\/revisions"}],"predecessor-version":[{"id":42989,"href":"https:\/\/hookahshop.lt\/lv\/wp-json\/wp\/v2\/product\/36667\/revisions\/42989"}],"wp:featuredmedia":[{"embeddable":true,"href":"https:\/\/hookahshop.lt\/lv\/wp-json\/wp\/v2\/media\/36668"}],"wp:attachment":[{"href":"https:\/\/hookahshop.lt\/lv\/wp-json\/wp\/v2\/media?parent=36667"}],"curies":[{"name":"wp","href":"https:\/\/api.w.org\/{rel}","templated":true}]}}