{"id":36750,"date":"2023-07-21T21:54:25","date_gmt":"2023-07-21T18:54:25","guid":{"rendered":"https:\/\/hookahshop.lt\/?post_type=product&#038;p=36750"},"modified":"2026-04-18T23:29:25","modified_gmt":"2026-04-18T20:29:25","slug":"kandiklis-kaljanui-alpha-hookah-black-matte","status":"publish","type":"product","link":"https:\/\/hookahshop.lt\/lv\/produkt\/iemuti-for-udenspipe-alfa-udenspipe-melns-matets\/","title":{"rendered":"\u016adensp\u012bpes iemu\u0137is ALPHA HOOKAH Melns Mat\u0113ts"},"content":{"rendered":"<h2>\u016adensp\u012bpes iemu\u0137is ALPHA HOOKAH Melns Mat\u0113ts<\/h2>\n<p>Lakonisks un stil\u012bgs Alpha Hookah iemutnis. Vienk\u0101r\u0161ota forma un augstas kvalit\u0101tes materi\u0101ls. Alpha Hookah iemutnis ir p\u0101rkl\u0101ts ar iztur\u012bgu pulvera p\u0101rkl\u0101jumu, ko neietekm\u0113 temperat\u016bras izmai\u0146as.<\/p>\n<p><strong>Specifik\u0101cijas:<\/strong><br \/>\nGarums: 29 cm<br \/>\nKr\u0101sa: mat\u0113ta melna<\/p>\n<p>Piem\u0113rots vis\u0101m silikona \u0161\u013c\u016bten\u0113m ar iek\u0161\u0113jo diametru 10-11mm<\/p>\n<p>&nbsp;<\/p>\n<p>Vai jums ir k\u0101di jaut\u0101jumi? Sazinies ar mums\u00a0<a href=\"https:\/\/hookahshop.lt\/lv\/kontaktiem\/\">kontaktu lapa<\/a>\u00a0vai rakstiet mums pa e-pastu\u00a0<a href=\"https:\/\/facebook.com\/HookahShop.lt\/\" target=\"_blank\" rel=\"noopener\">Facebook konts<\/a>\u00a0un m\u0113s atbild\u0113sim uz j\u016bsu piepras\u012bjumu taj\u0101 pa\u0161\u0101 dien\u0101.<\/p>\n<p>&nbsp;<\/p>","protected":false},"excerpt":{"rendered":"<p>Iemutis \u016bdensp\u012bpei ALPHA HOOKAH Black Matte Lakonisks un stil\u012bgs iemuti no ra\u017eot\u0101ja Alpha Hookah. Vienk\u0101r\u0161ota forma un augstas kvalit\u0101tes materi\u0101ls. Alpha Hookah iemutnis ir p\u0101rkl\u0101ts ar iztur\u012bgu pulvera p\u0101rkl\u0101jumu, ko neietekm\u0113 temperat\u016bras izmai\u0146as. Specifik\u0101cijas: Garums: 29cm Kr\u0101sa: mat\u0113ta melna Der vis\u0101m silikona \u0161\u013c\u016bten\u0113m ar iek\u0161\u0113jo diametru 10-11mm Vai ir k\u0101di jaut\u0101jumi? Sazinieties ar mums kontaktu lap\u0101 vai rakstiet mums [...]<\/p>","protected":false},"featured_media":36751,"comment_status":"open","ping_status":"closed","template":"","meta":[],"_links":{"self":[{"href":"https:\/\/hookahshop.lt\/lv\/wp-json\/wp\/v2\/product\/36750"}],"collection":[{"href":"https:\/\/hookahshop.lt\/lv\/wp-json\/wp\/v2\/product"}],"about":[{"href":"https:\/\/hookahshop.lt\/lv\/wp-json\/wp\/v2\/types\/product"}],"replies":[{"embeddable":true,"href":"https:\/\/hookahshop.lt\/lv\/wp-json\/wp\/v2\/comments?post=36750"}],"version-history":[{"count":3,"href":"https:\/\/hookahshop.lt\/lv\/wp-json\/wp\/v2\/product\/36750\/revisions"}],"predecessor-version":[{"id":42585,"href":"https:\/\/hookahshop.lt\/lv\/wp-json\/wp\/v2\/product\/36750\/revisions\/42585"}],"wp:featuredmedia":[{"embeddable":true,"href":"https:\/\/hookahshop.lt\/lv\/wp-json\/wp\/v2\/media\/36751"}],"wp:attachment":[{"href":"https:\/\/hookahshop.lt\/lv\/wp-json\/wp\/v2\/media?parent=36750"}],"curies":[{"name":"wp","href":"https:\/\/api.w.org\/{rel}","templated":true}]}}