{"id":36754,"date":"2023-07-21T22:09:13","date_gmt":"2023-07-21T19:09:13","guid":{"rendered":"https:\/\/hookahshop.lt\/?post_type=product&#038;p=36754"},"modified":"2026-04-17T16:33:42","modified_gmt":"2026-04-17T13:33:42","slug":"lekste-kaljanui-alpha-hookah-beat-ufo","status":"publish","type":"product","link":"https:\/\/hookahshop.lt\/lv\/produkt\/plaksne-udenspipe-alfa-udenspipe-beat-ufo\/","title":{"rendered":"\u0160\u0137\u012bvis \u016bdensp\u012bpei ALPHA HOOKAH Beat Ufo"},"content":{"rendered":"<h2>\u0160\u0137\u012bvis \u016bdensp\u012bpei ALPHA HOOKAH Beat Ufo<\/h2>\n<p>Individu\u0101ls \u0161\u0137\u012bvis j\u016bsu \u016bdensp\u012bpei ALPHA \u016adensp\u012bpes modelim Beat. Pl\u0101ksne ir izgatavota no ner\u016bs\u0113jo\u0161\u0101 t\u0113rauda un p\u0101rkl\u0101ta ar karstumiztur\u012bgu pulverkr\u0101su.<\/p>\n<p><strong>Specifik\u0101cijas:<\/strong><br \/>\nDiametrs: ~ 17 cm<br \/>\nAtveres diametrs: ~ 1,5 cm<\/p>\n<p>&nbsp;<\/p>\n<p>Vai jums ir k\u0101di jaut\u0101jumi? Sazinies ar mums\u00a0<a href=\"https:\/\/hookahshop.lt\/lv\/kontaktiem\/\">kontaktu lapa<\/a>\u00a0vai rakstiet mums pa e-pastu\u00a0<a href=\"https:\/\/facebook.com\/HookahShop.lt\/\" target=\"_blank\" rel=\"noopener\">Facebook konts<\/a>\u00a0un m\u0113s atbild\u0113sim uz j\u016bsu piepras\u012bjumu taj\u0101 pa\u0161\u0101 dien\u0101.<\/p>\n<p>&nbsp;<\/p>","protected":false},"excerpt":{"rendered":"<p>\u0160\u0137\u012bvis \u016bdensp\u012bpei ALPHA HOOKAH Beat Ufo Individu\u0101ls \u0161\u0137\u012bvis j\u016bsu \u016bdensp\u012bpei ALPHA \u016adensp\u012bpes modelis Beat. Pl\u0101ksne ir izgatavota no ner\u016bs\u0113jo\u0161\u0101 t\u0113rauda un p\u0101rkl\u0101ta ar karstumiztur\u012bgu pulverkr\u0101su. Specifik\u0101cijas: Diametrs: ~ 17 cm Cauruma diametrs: ~ 1,5 cm Jaut\u0101jumi? Sazinieties ar mums kontaktu lap\u0101 vai rakstiet mums uz m\u016bsu Facebook kontu un m\u0113s atbild\u0113sim uz j\u016bsu piepras\u012bjumu taj\u0101 pa\u0161\u0101 dien\u0101. &nbsp;<\/p>","protected":false},"featured_media":36758,"comment_status":"open","ping_status":"closed","template":"","meta":[],"_links":{"self":[{"href":"https:\/\/hookahshop.lt\/lv\/wp-json\/wp\/v2\/product\/36754"}],"collection":[{"href":"https:\/\/hookahshop.lt\/lv\/wp-json\/wp\/v2\/product"}],"about":[{"href":"https:\/\/hookahshop.lt\/lv\/wp-json\/wp\/v2\/types\/product"}],"replies":[{"embeddable":true,"href":"https:\/\/hookahshop.lt\/lv\/wp-json\/wp\/v2\/comments?post=36754"}],"version-history":[{"count":2,"href":"https:\/\/hookahshop.lt\/lv\/wp-json\/wp\/v2\/product\/36754\/revisions"}],"predecessor-version":[{"id":36757,"href":"https:\/\/hookahshop.lt\/lv\/wp-json\/wp\/v2\/product\/36754\/revisions\/36757"}],"wp:featuredmedia":[{"embeddable":true,"href":"https:\/\/hookahshop.lt\/lv\/wp-json\/wp\/v2\/media\/36758"}],"wp:attachment":[{"href":"https:\/\/hookahshop.lt\/lv\/wp-json\/wp\/v2\/media?parent=36754"}],"curies":[{"name":"wp","href":"https:\/\/api.w.org\/{rel}","templated":true}]}}