{"id":36759,"date":"2023-07-21T23:21:32","date_gmt":"2023-07-21T20:21:32","guid":{"rendered":"https:\/\/hookahshop.lt\/?post_type=product&#038;p=36759"},"modified":"2026-04-17T23:29:54","modified_gmt":"2026-04-17T20:29:54","slug":"saldanti-juosta-vyro-freeze","status":"publish","type":"product","link":"https:\/\/hookahshop.lt\/lv\/produkt\/saldinasanas-lente-cilveks-saldesana\/","title":{"rendered":"Sald\u0113\u0161anas lente VYRO Freeze"},"content":{"rendered":"<h2>Sald\u0113\u0161anas lente VYRO Freeze<\/h2>\n<p>Velt\u012bts AEON Vyro Viena \u016bdensp\u012bpes sesija padar\u012bja v\u0113l atsvaidzino\u0161\u0101ku. Neatkar\u012bgi no t\u0101, vai atrodaties m\u0101j\u0101s vai ce\u013c\u0101, varat saglab\u0101t savu VYRO One v\u0113su l\u012bdz 30 min\u016bt\u0113m, izmantojot dzes\u0113\u0161anas sloksni Freeze. FREEZE tika \u012bpa\u0161i izstr\u0101d\u0101ts VYRO ONE un ir \u013coti viegli piestiprin\u0101ms, pateicoties spr\u0101dzei.<\/p>\n<p><strong>Specifik\u0101cijas:<\/strong><br \/>\nKr\u0101sa melna<br \/>\nMateri\u0101ls: plastmasa<\/p>\n<p><strong>Apr\u012bkojums:<\/strong><br \/>\nLente;<br \/>\nz\u012bmola kaste\/<\/p>\n<p>Vai jums ir k\u0101di jaut\u0101jumi? Sazinies ar mums\u00a0<a href=\"https:\/\/hookahshop.lt\/lv\/kontaktiem\/\">kontaktu lapa<\/a>\u00a0vai rakstiet mums pa e-pastu\u00a0<a href=\"https:\/\/facebook.com\/HookahShop.lt\/\" target=\"_blank\" rel=\"noopener\">Facebook konts<\/a>\u00a0un m\u0113s atbild\u0113sim uz j\u016bsu piepras\u012bjumu taj\u0101 pa\u0161\u0101 dien\u0101.<\/p>","protected":false},"excerpt":{"rendered":"<p>Sald\u0113\u0161anas lente VYRO Freeze For AEON Vyro Viena \u016bdensp\u012bpes sesija padar\u012bta v\u0113l svaig\u0101ka. Neatkar\u012bgi no t\u0101, vai atrodaties m\u0101j\u0101s vai ce\u013c\u0101, varat saglab\u0101t savu VYRO One v\u0113su l\u012bdz 30 min\u016bt\u0113m, izmantojot dzes\u0113\u0161anas sloksni Freeze. FREEZE tika \u012bpa\u0161i izstr\u0101d\u0101ts VYRO ONE un ir \u013coti viegli piestiprin\u0101ms, pateicoties spr\u0101dzei. Specifik\u0101cijas: Kr\u0101sa: melna Materi\u0101ls: plastmasa Iepakojums: Lente; Z\u012bmola kaste\/ Vai jums ir k\u0101di jaut\u0101jumi? [\u2026]<\/p>","protected":false},"featured_media":36760,"comment_status":"open","ping_status":"closed","template":"","meta":[],"_links":{"self":[{"href":"https:\/\/hookahshop.lt\/lv\/wp-json\/wp\/v2\/product\/36759"}],"collection":[{"href":"https:\/\/hookahshop.lt\/lv\/wp-json\/wp\/v2\/product"}],"about":[{"href":"https:\/\/hookahshop.lt\/lv\/wp-json\/wp\/v2\/types\/product"}],"replies":[{"embeddable":true,"href":"https:\/\/hookahshop.lt\/lv\/wp-json\/wp\/v2\/comments?post=36759"}],"version-history":[{"count":3,"href":"https:\/\/hookahshop.lt\/lv\/wp-json\/wp\/v2\/product\/36759\/revisions"}],"predecessor-version":[{"id":36767,"href":"https:\/\/hookahshop.lt\/lv\/wp-json\/wp\/v2\/product\/36759\/revisions\/36767"}],"wp:featuredmedia":[{"embeddable":true,"href":"https:\/\/hookahshop.lt\/lv\/wp-json\/wp\/v2\/media\/36760"}],"wp:attachment":[{"href":"https:\/\/hookahshop.lt\/lv\/wp-json\/wp\/v2\/media?parent=36759"}],"curies":[{"name":"wp","href":"https:\/\/api.w.org\/{rel}","templated":true}]}}