{"id":36997,"date":"2023-09-12T22:08:32","date_gmt":"2023-09-12T19:08:32","guid":{"rendered":"https:\/\/hookahshop.lt\/?post_type=product&#038;p=36997"},"modified":"2026-04-15T23:29:32","modified_gmt":"2026-04-15T20:29:32","slug":"kaljanas-ykap-killer-mini-su-krepsiu","status":"publish","type":"product","link":"https:\/\/hookahshop.lt\/lv\/produkt\/udenspipe-ykap-killer-mini-ar-smuki\/","title":{"rendered":"\u016aDENSP\u012aPE YKAP Killer Mini ar somu"},"content":{"rendered":"<h2>\u016aDENSP\u012aPE YKAP Killer Mini ar somu<\/h2>\n<p>T\u0101 ir maza un kvalitat\u012bva \u016bdensp\u012bpe, kas garant\u0113s pat\u012bkamu seansu un ir lieliski piem\u0113rota ce\u013cojumiem. Komplekt\u0101 ietilpst ne tikai soma \u016bdensp\u012bp\u0113m, bet ar\u012b soma aksesu\u0101riem. Ir ar\u012b iesp\u0113ja nomain\u012bt sarkanos \u016bdensp\u012bpes ielikt\u0146us pret melniem ielikt\u0146iem. \u016adensp\u012bpe ir izgatavota no augst\u0101k\u0101s kvalit\u0101tes materi\u0101liem, kas nodro\u0161in\u0101s \u016bdensp\u012bpes ilgm\u016b\u017e\u012bbu. Viegli velkams \u0101\u0137is.<\/p>\n<p><strong>Specifik\u0101cija:<\/strong><br \/>\nKr\u0101sa melna<br \/>\nMateri\u0101ls: ner\u016bs\u0113jo\u0161ais t\u0113rauds un plastmasa<br \/>\n\u0160\u013c\u016btene: silikons (melna)<br \/>\nSavienojums: O veida gredzens<br \/>\nAugstums: 45 cm<br \/>\nDifuzors: J\u0101<\/p>\n<p><strong>Apr\u012bkojums:<\/strong><br \/>\nV\u0101rpsta, difuzors, kolba, silikona \u0161\u013c\u016btene, soma piederumiem, soma \u016bdensp\u012bpei<\/p>\n<p><img decoding=\"async\" loading=\"lazy\" class=\"alignnone size-medium wp-image-38520\" src=\"https:\/\/hookahshop.lt\/wp-content\/uploads\/2020\/09\/stiebas-kolba-zarna-kandiklis-1-300x273.jpg\" alt=\"- hookahshop.lt\" width=\"300\" height=\"273\" srcset=\"https:\/\/hookahshop.lt\/wp-content\/uploads\/2020\/09\/stiebas-kolba-zarna-kandiklis-1-300x273.jpg 300w, https:\/\/hookahshop.lt\/wp-content\/uploads\/2020\/09\/stiebas-kolba-zarna-kandiklis-1-13x12.jpg 13w, https:\/\/hookahshop.lt\/wp-content\/uploads\/2020\/09\/stiebas-kolba-zarna-kandiklis-1-64x58.jpg 64w, https:\/\/hookahshop.lt\/wp-content\/uploads\/2020\/09\/stiebas-kolba-zarna-kandiklis-1.jpg 420w\" sizes=\"(max-width: 300px) 100vw, 300px\" title=\"\"><\/p>\n<p>&nbsp;<\/p>\n<p>Vai jums ir k\u0101di jaut\u0101jumi? Sazinies ar mums\u00a0<a href=\"https:\/\/hookahshop.lt\/lv\/kontaktiem\/\">kontaktu lapa<\/a>\u00a0vai rakstiet mums pa e-pastu\u00a0<a href=\"https:\/\/facebook.com\/HookahShop.lt\/\" target=\"_blank\" rel=\"noopener\">Facebook konts<\/a>\u00a0un m\u0113s atbild\u0113sim uz j\u016bsu piepras\u012bjumu taj\u0101 pa\u0161\u0101 dien\u0101.<\/p>","protected":false},"excerpt":{"rendered":"<p>\u016adensp\u012bpe YKAP Killer Mini ar somu \u0160\u012b ir maza izm\u0113ra un augstas kvalit\u0101tes \u016bdensp\u012bpe, kas garant\u0113s pat\u012bkamu seansu un ir lieliski piem\u0113rota ce\u013co\u0161anai. \u016adensp\u012bpe ir izgatavota, izmantojot augst\u0101k\u0101s kvalit\u0101tes materi\u0101lus, kas nodro\u0161in\u0101s \u016bdensp\u012bpes ilgu kalpo\u0161anas laiku. Viegli velkama \u016bdensp\u012bpe. Specifik\u0101cija: Kr\u0101sa: melna Materi\u0101ls: ner\u016bs\u0113jo\u0161ais t\u0113rauds un plastmasa \u0160\u013c\u016btene: silikons (melna) Savienot\u0101js: O veida gredzens Augstums: 45 cm Difuzors: J\u0101 Iepakojums: [\u2026]<\/p>","protected":false},"featured_media":36998,"comment_status":"open","ping_status":"closed","template":"","meta":[],"_links":{"self":[{"href":"https:\/\/hookahshop.lt\/lv\/wp-json\/wp\/v2\/product\/36997"}],"collection":[{"href":"https:\/\/hookahshop.lt\/lv\/wp-json\/wp\/v2\/product"}],"about":[{"href":"https:\/\/hookahshop.lt\/lv\/wp-json\/wp\/v2\/types\/product"}],"replies":[{"embeddable":true,"href":"https:\/\/hookahshop.lt\/lv\/wp-json\/wp\/v2\/comments?post=36997"}],"version-history":[{"count":8,"href":"https:\/\/hookahshop.lt\/lv\/wp-json\/wp\/v2\/product\/36997\/revisions"}],"predecessor-version":[{"id":37018,"href":"https:\/\/hookahshop.lt\/lv\/wp-json\/wp\/v2\/product\/36997\/revisions\/37018"}],"wp:featuredmedia":[{"embeddable":true,"href":"https:\/\/hookahshop.lt\/lv\/wp-json\/wp\/v2\/media\/36998"}],"wp:attachment":[{"href":"https:\/\/hookahshop.lt\/lv\/wp-json\/wp\/v2\/media?parent=36997"}],"curies":[{"name":"wp","href":"https:\/\/api.w.org\/{rel}","templated":true}]}}