{"id":37017,"date":"2023-09-12T22:38:43","date_gmt":"2023-09-12T19:38:43","guid":{"rendered":"https:\/\/hookahshop.lt\/?post_type=product&#038;p=37017"},"modified":"2026-04-17T23:29:54","modified_gmt":"2026-04-17T20:29:54","slug":"kaljanas-na-grani-stick","status":"publish","type":"product","link":"https:\/\/hookahshop.lt\/lv\/produkt\/udenspipe-na-grani-stick\/","title":{"rendered":"\u016aDENSP\u012aPE NA GRANI Stick"},"content":{"rendered":"<h2>\u016aDENSP\u012aPE NA GRANI Stick<\/h2>\n<p>Augstas kvalit\u0101tes un minim\u0101lisma dizaina \u016bdensp\u012bpe piesaista uzman\u012bbu. \u0160is modelis ir lieliski piem\u0113rots tiem, kam pat\u012bk kompaktas \u016bdensp\u012bpes vai tiem, kas v\u0113las pa\u0146emt dab\u0101 nelielu \u016bdensp\u012bpi, jo tas ir \u012bpa\u0161s ar to, ka t\u0101 k\u0101ta konstrukcija sast\u0101v no vair\u0101k\u0101m da\u013c\u0101m, kas \u013cauj main\u012bt k\u0101ta augstumu. \u0160\u012b \u016bdensp\u012bpe ir izgatavota no 100% ner\u016bs\u0113jo\u0161\u0101 t\u0113rauda AISI - 304, kas garant\u0113 \u016bdensp\u012bpes iztur\u012bbu un uzticam\u012bbu, atvieglo apkopi, uzglab\u0101\u0161anu un transport\u0113\u0161anu. \u016adensp\u012bpe piem\u0113rota gan vieglu d\u016bmu cien\u012bt\u0101jiem, jo tai ir difuzors, gan smag\u0101kiem, jo iesp\u0113jams noskr\u016bv\u0113t difuzoru. \u0160\u012b \u016bdensp\u012bpe ir piem\u0113rota ar\u012b \u016bdensp\u012bpes nozares jaunpien\u0101c\u0113jiem, jo \u016bdens l\u012bmenis tiek atz\u012bm\u0113ts \u016bdensp\u012bpes \u0161aht\u0101, lai kolb\u0101 tiktu pievienots pareizais \u016bdens daudzums.<\/p>\n<p><strong>Specifik\u0101cija:<\/strong><br \/>\nMateri\u0101ls: ner\u016bs\u0113jo\u0161ais t\u0113rauds<br \/>\n\u016adensp\u012bpes augstums: 46 cm<br \/>\nV\u0101rpstas diametrs: 1,3 cm<\/p>\n<p><strong>Apr\u012bkojums:<\/strong><br \/>\nV\u0101rpsta (k\u0101ts), pl\u0101ksne, iemuts, silikona melna \u0161\u013c\u016btene, bl\u012bvju komplekts.<\/p>\n<p><img decoding=\"async\" loading=\"lazy\" class=\"alignnone size-medium wp-image-38521\" src=\"https:\/\/hookahshop.lt\/wp-content\/uploads\/2020\/09\/stiebas-zarna-kandiklis-1-300x273.jpg\" alt=\"- hookahshop.lt\" width=\"300\" height=\"273\" srcset=\"https:\/\/hookahshop.lt\/wp-content\/uploads\/2020\/09\/stiebas-zarna-kandiklis-1-300x273.jpg 300w, https:\/\/hookahshop.lt\/wp-content\/uploads\/2020\/09\/stiebas-zarna-kandiklis-1-13x12.jpg 13w, https:\/\/hookahshop.lt\/wp-content\/uploads\/2020\/09\/stiebas-zarna-kandiklis-1-64x58.jpg 64w, https:\/\/hookahshop.lt\/wp-content\/uploads\/2020\/09\/stiebas-zarna-kandiklis-1.jpg 420w\" sizes=\"(max-width: 300px) 100vw, 300px\" title=\"\"><br \/>\nVai jums ir k\u0101di jaut\u0101jumi? Sazinies ar mums\u00a0<a href=\"https:\/\/hookahshop.lt\/lv\/kontaktiem\/\">kontaktu lapa<\/a>\u00a0vai rakstiet mums pa e-pastu\u00a0<a href=\"https:\/\/facebook.com\/HookahShop.lt\/\" target=\"_blank\" rel=\"noopener\">Facebook konts<\/a>\u00a0un m\u0113s atbild\u0113sim uz j\u016bsu piepras\u012bjumu taj\u0101 pa\u0161\u0101 dien\u0101.<\/p>","protected":false},"excerpt":{"rendered":"<p>\u016adensp\u012bpe NA GRANI Stick Augstas kvalit\u0101tes un minim\u0101listiska dizaina \u016bdensp\u012bpe piesaista uzman\u012bbu. \u0160\u012b \u016bdensp\u012bpe ir izgatavota no 100% ner\u016bs\u0113jo\u0161\u0101 t\u0113rauda, kas garant\u0113 \u016bdensp\u012bpes iztur\u012bbu un uzticam\u012bbu, k\u0101 ar\u012b atvieglo apkopi, uzglab\u0101\u0161anu un transport\u0113\u0161anu. \u016adensp\u012bpe piem\u0113rota gan vieglu d\u016bmu cien\u012bt\u0101jiem, jo tai ir difuzors, gan smag\u0101kiem, jo iesp\u0113jams no\u0146emt difuzoru. \u0160\u012b \u016bdensp\u012bpe ir piem\u0113rota ar\u012b \u016bdensp\u012bpes nozares jaunpien\u0101c\u0113jiem, [...]<\/p>","protected":false},"featured_media":37019,"comment_status":"open","ping_status":"closed","template":"","meta":[],"_links":{"self":[{"href":"https:\/\/hookahshop.lt\/lv\/wp-json\/wp\/v2\/product\/37017"}],"collection":[{"href":"https:\/\/hookahshop.lt\/lv\/wp-json\/wp\/v2\/product"}],"about":[{"href":"https:\/\/hookahshop.lt\/lv\/wp-json\/wp\/v2\/types\/product"}],"replies":[{"embeddable":true,"href":"https:\/\/hookahshop.lt\/lv\/wp-json\/wp\/v2\/comments?post=37017"}],"version-history":[{"count":4,"href":"https:\/\/hookahshop.lt\/lv\/wp-json\/wp\/v2\/product\/37017\/revisions"}],"predecessor-version":[{"id":37023,"href":"https:\/\/hookahshop.lt\/lv\/wp-json\/wp\/v2\/product\/37017\/revisions\/37023"}],"wp:featuredmedia":[{"embeddable":true,"href":"https:\/\/hookahshop.lt\/lv\/wp-json\/wp\/v2\/media\/37019"}],"wp:attachment":[{"href":"https:\/\/hookahshop.lt\/lv\/wp-json\/wp\/v2\/media?parent=37017"}],"curies":[{"name":"wp","href":"https:\/\/api.w.org\/{rel}","templated":true}]}}