{"id":37025,"date":"2023-09-12T22:50:15","date_gmt":"2023-09-12T19:50:15","guid":{"rendered":"https:\/\/hookahshop.lt\/?post_type=product&#038;p=37025"},"modified":"2026-04-16T10:21:36","modified_gmt":"2026-04-16T07:21:36","slug":"znyples-kaljano-anglims-na-grani","status":"publish","type":"product","link":"https:\/\/hookahshop.lt\/lv\/produkt\/knaibles-udenspipe-ogle-na-grani-2\/","title":{"rendered":"\u016aDENSP\u012aPES KOKOGLES KNAIBLES NA GRANI"},"content":{"rendered":"<h2>\u016aDENSP\u012aPES KOKOGLES KNAIBLES NA GRANI<\/h2>\n<p>Stil\u012bgs un \u0113rts aksesu\u0101rs darbam ar kokogli, piem\u0113rots lieto\u0161anai gan m\u0101j\u0101s, gan profesion\u0101liem amatniekiem. Tie ir izgatavoti no ner\u016bs\u0113jo\u0161\u0101 t\u0113rauda, \u200b\u200bt\u0101p\u0113c tie nezaud\u0113 savas \u012bpa\u0161\u012bbas daudzus gadus un nebaid\u0101s no augst\u0101m temperat\u016br\u0101m, str\u0101d\u0101jot ar akme\u0146ogl\u0113m. Piederumam ir minim\u0101listisks dizains, dekorat\u012bvas atveres, lieliska ergonomika. Ir ar\u012b \u0161\u0137\u012bvju tur\u0113t\u0101js.<\/p>\n<p><strong>Specifik\u0101cija:<\/strong><br \/>\nMateri\u0101ls: ner\u016bs\u0113jo\u0161ais t\u0113rauds<br \/>\nGarums: 230 mm<br \/>\nPlatums: 1,5 mm<br \/>\nSvars: 79 g.<\/p>\n<p><strong>Apr\u012bkojums:<\/strong><br \/>\nKnaibles un kaste<\/p>\n<p>&nbsp;<\/p>\n<p>Vai jums ir k\u0101di jaut\u0101jumi? Sazinies ar mums\u00a0<a href=\"https:\/\/hookahshop.lt\/lv\/kontaktiem\/\">kontaktu lapa<\/a>\u00a0vai rakstiet mums pa e-pastu\u00a0<a href=\"https:\/\/facebook.com\/HookahShop.lt\/\" target=\"_blank\" rel=\"noopener\">Facebook konts<\/a>\u00a0un m\u0113s atbild\u0113sim uz j\u016bsu piepras\u012bjumu taj\u0101 pa\u0161\u0101 dien\u0101.<\/p>","protected":false},"excerpt":{"rendered":"<p>Knaibles \u016bdensp\u012bpes ogl\u0113m NA GRANI Stil\u012bgs un \u0113rts aksesu\u0101rs darbam ar ogli, piem\u0113rots lieto\u0161anai gan m\u0101j\u0101s, gan profesion\u0101liem meistariem. Tie ir izgatavoti no ner\u016bs\u0113jo\u0161\u0101 t\u0113rauda, t\u0101p\u0113c tie nezaud\u0113 savas \u012bpa\u0161\u012bbas daudzus gadus un nebaid\u0101s no augst\u0101m temperat\u016br\u0101m, str\u0101d\u0101jot ar akme\u0146ogl\u0113m. Piederumam ir minim\u0101listisks dizains, dekorat\u012bvas atveres un lieliska ergonomika. Ir ar\u012b \u0161\u0137\u012bvju tur\u0113t\u0101js. Specifik\u0101cija: Materi\u0101ls: Ner\u016bs\u0113jo\u0161ais t\u0113rauds [\u2026]<\/p>","protected":false},"featured_media":37026,"comment_status":"open","ping_status":"closed","template":"","meta":[],"_links":{"self":[{"href":"https:\/\/hookahshop.lt\/lv\/wp-json\/wp\/v2\/product\/37025"}],"collection":[{"href":"https:\/\/hookahshop.lt\/lv\/wp-json\/wp\/v2\/product"}],"about":[{"href":"https:\/\/hookahshop.lt\/lv\/wp-json\/wp\/v2\/types\/product"}],"replies":[{"embeddable":true,"href":"https:\/\/hookahshop.lt\/lv\/wp-json\/wp\/v2\/comments?post=37025"}],"version-history":[{"count":5,"href":"https:\/\/hookahshop.lt\/lv\/wp-json\/wp\/v2\/product\/37025\/revisions"}],"predecessor-version":[{"id":37067,"href":"https:\/\/hookahshop.lt\/lv\/wp-json\/wp\/v2\/product\/37025\/revisions\/37067"}],"wp:featuredmedia":[{"embeddable":true,"href":"https:\/\/hookahshop.lt\/lv\/wp-json\/wp\/v2\/media\/37026"}],"wp:attachment":[{"href":"https:\/\/hookahshop.lt\/lv\/wp-json\/wp\/v2\/media?parent=37025"}],"curies":[{"name":"wp","href":"https:\/\/api.w.org\/{rel}","templated":true}]}}