{"id":37030,"date":"2023-09-12T23:03:22","date_gmt":"2023-09-12T20:03:22","guid":{"rendered":"https:\/\/hookahshop.lt\/?post_type=product&#038;p=37030"},"modified":"2026-05-14T23:29:54","modified_gmt":"2026-05-14T20:29:54","slug":"znyples-kaljano-anglims-ykap-stripes-black","status":"publish","type":"product","link":"https:\/\/hookahshop.lt\/lv\/produkt\/knaibles-udenspipe-ogle-na-grani\/","title":{"rendered":"\u016aDENSP\u012aPES KOKOGLES KNAIBLES YKAP Stripes Black"},"content":{"rendered":"<h2>\u016aDENSP\u012aPES KOKOGLES KNAIBLES YKAP Stripes Black<\/h2>\n<p>Tas ir stil\u012bgs un \u0113rts aksesu\u0101rs, str\u0101d\u0101jot ar \u016bdensp\u012bpes ogl\u0113m. Knaibles nesasilst pat p\u0113c ilgsto\u0161as \u200b\u200bsaskares ar karst\u0101m ogl\u0113m.<\/p>\n<p><strong>Specifik\u0101cija:<\/strong><br \/>\nMateri\u0101ls: ner\u016bs\u0113jo\u0161ais t\u0113rauds<br \/>\nKr\u0101sa melna<br \/>\nGarums: 21 cm<br \/>\nPlatums: 3,4 cm<\/p>\n<p>Vai jums ir k\u0101di jaut\u0101jumi? Sazinies ar mums\u00a0<a href=\"https:\/\/hookahshop.lt\/lv\/kontaktiem\/\">kontaktu lapa<\/a>\u00a0vai rakstiet mums pa e-pastu\u00a0<a href=\"https:\/\/facebook.com\/HookahShop.lt\/\" target=\"_blank\" rel=\"noopener\">Facebook konts<\/a>\u00a0un m\u0113s atbild\u0113sim uz j\u016bsu piepras\u012bjumu taj\u0101 pa\u0161\u0101 dien\u0101.<\/p>\n<p>&nbsp;<\/p>","protected":false},"excerpt":{"rendered":"<p>Knaibles \u016bdensp\u012bpes ogl\u0113m YKAP Stripes Black \u0160is ir stil\u012bgs un \u0113rts aksesu\u0101rs darbam ar \u016bdensp\u012bpes ogl\u0113m. Knaibles nesasilst pat p\u0113c ilgsto\u0161as saskares ar karst\u0101m ogl\u0113m. Specifik\u0101cija: Materi\u0101ls: Ner\u016bs\u0113jo\u0161ais t\u0113rauds Kr\u0101sa: Melns Garums: 21cm Platums: 3.4cm Jaut\u0101jumi? Sazinieties ar mums kontaktu lap\u0101 vai rakstiet mums uz m\u016bsu Facebook kontu un m\u0113s atbild\u0113sim uz j\u016bsu piepras\u012bjumu taj\u0101 pa\u0161\u0101 dien\u0101. &nbsp;<\/p>","protected":false},"featured_media":37034,"comment_status":"open","ping_status":"closed","template":"","meta":[],"_links":{"self":[{"href":"https:\/\/hookahshop.lt\/lv\/wp-json\/wp\/v2\/product\/37030"}],"collection":[{"href":"https:\/\/hookahshop.lt\/lv\/wp-json\/wp\/v2\/product"}],"about":[{"href":"https:\/\/hookahshop.lt\/lv\/wp-json\/wp\/v2\/types\/product"}],"replies":[{"embeddable":true,"href":"https:\/\/hookahshop.lt\/lv\/wp-json\/wp\/v2\/comments?post=37030"}],"version-history":[{"count":3,"href":"https:\/\/hookahshop.lt\/lv\/wp-json\/wp\/v2\/product\/37030\/revisions"}],"predecessor-version":[{"id":37033,"href":"https:\/\/hookahshop.lt\/lv\/wp-json\/wp\/v2\/product\/37030\/revisions\/37033"}],"wp:featuredmedia":[{"embeddable":true,"href":"https:\/\/hookahshop.lt\/lv\/wp-json\/wp\/v2\/media\/37034"}],"wp:attachment":[{"href":"https:\/\/hookahshop.lt\/lv\/wp-json\/wp\/v2\/media?parent=37030"}],"curies":[{"name":"wp","href":"https:\/\/api.w.org\/{rel}","templated":true}]}}