{"id":37035,"date":"2023-09-12T23:24:00","date_gmt":"2023-09-12T20:24:00","guid":{"rendered":"https:\/\/hookahshop.lt\/?post_type=product&#038;p=37035"},"modified":"2026-04-15T23:29:32","modified_gmt":"2026-04-15T20:29:32","slug":"individualus-kaljano-kandiklis-silicon-black","status":"publish","type":"product","link":"https:\/\/hookahshop.lt\/lv\/produkt\/pasutijuma-udenspipes-iemuti-silicon-black\/","title":{"rendered":"INDIVIDU\u0100LS \u016aDENSP\u012aPES IEMUTNIS Silicon Black"},"content":{"rendered":"<h2>INDIVIDU\u0100LS \u016aDENSP\u012aPES IEMUTNIS Silicon Black<\/h2>\n<p>Garant\u0113 jums higi\u0113nisku sm\u0113\u0137\u0113\u0161anas pieredzi. Izmantojot \u0161o individu\u0101lo iemuti, j\u016bs samazin\u0101siet vides pies\u0101r\u0146ojumu, jo iemuti p\u0113c sm\u0113\u0137\u0113\u0161anas netiek izmesti k\u0101 atsevi\u0161\u0137i vienreiz\u0113j\u0101s lieto\u0161anas iemuti.<\/p>\n<p><strong>Specifik\u0101cija:<\/strong><br \/>\nMateri\u0101ls: silikons<br \/>\nKr\u0101sa melna<\/p>\n<p>Vai jums ir k\u0101di jaut\u0101jumi? Sazinies ar mums\u00a0<a href=\"https:\/\/hookahshop.lt\/lv\/kontaktiem\/\">kontaktu lapa<\/a>\u00a0vai rakstiet mums pa e-pastu\u00a0<a href=\"https:\/\/facebook.com\/HookahShop.lt\/\" target=\"_blank\" rel=\"noopener\">Facebook konts<\/a>\u00a0un m\u0113s atbild\u0113sim uz j\u016bsu piepras\u012bjumu taj\u0101 pa\u0161\u0101 dien\u0101.<\/p>\n<p>&nbsp;<\/p>","protected":false},"excerpt":{"rendered":"<p>Atsevi\u0161\u0137s \u016bdensp\u012bpes iemutnis Silicon Black garant\u0113 jums higi\u0113nisku sm\u0113\u0137\u0113\u0161anas pieredzi. Izmantojot \u0161o individu\u0101lo iemuti, j\u016bs samazin\u0101siet vides pies\u0101r\u0146ojumu, jo iemuti p\u0113c sm\u0113\u0137\u0113\u0161anas netiek izmesti k\u0101 atsevi\u0161\u0137i vienreiz\u0113j\u0101s lieto\u0161anas iemuti. Specifik\u0101cija: Materi\u0101ls: Silikons Kr\u0101sa: Melns Vai ir k\u0101di jaut\u0101jumi? Sazinieties ar mums kontaktu lap\u0101 vai rakstiet mums Facebook, un m\u0113s atbild\u0113sim uz j\u016bsu piepras\u012bjumu taj\u0101 pa\u0161\u0101 dien\u0101. &nbsp;<\/p>","protected":false},"featured_media":37036,"comment_status":"open","ping_status":"closed","template":"","meta":[],"_links":{"self":[{"href":"https:\/\/hookahshop.lt\/lv\/wp-json\/wp\/v2\/product\/37035"}],"collection":[{"href":"https:\/\/hookahshop.lt\/lv\/wp-json\/wp\/v2\/product"}],"about":[{"href":"https:\/\/hookahshop.lt\/lv\/wp-json\/wp\/v2\/types\/product"}],"replies":[{"embeddable":true,"href":"https:\/\/hookahshop.lt\/lv\/wp-json\/wp\/v2\/comments?post=37035"}],"version-history":[{"count":3,"href":"https:\/\/hookahshop.lt\/lv\/wp-json\/wp\/v2\/product\/37035\/revisions"}],"predecessor-version":[{"id":41451,"href":"https:\/\/hookahshop.lt\/lv\/wp-json\/wp\/v2\/product\/37035\/revisions\/41451"}],"wp:featuredmedia":[{"embeddable":true,"href":"https:\/\/hookahshop.lt\/lv\/wp-json\/wp\/v2\/media\/37036"}],"wp:attachment":[{"href":"https:\/\/hookahshop.lt\/lv\/wp-json\/wp\/v2\/media?parent=37035"}],"curies":[{"name":"wp","href":"https:\/\/api.w.org\/{rel}","templated":true}]}}