{"id":37054,"date":"2023-09-13T20:11:44","date_gmt":"2023-09-13T17:11:44","guid":{"rendered":"https:\/\/hookahshop.lt\/?post_type=product&#038;p=37054"},"modified":"2026-04-17T23:29:54","modified_gmt":"2026-04-17T20:29:54","slug":"apsauginis-sietelis-kaljanui-big","status":"publish","type":"product","link":"https:\/\/hookahshop.lt\/lv\/produkt\/aizsargsiets-udenspipe-2\/","title":{"rendered":"Aizsarg\u0101jo\u0161s sieti\u0146\u0161 \u016bdensp\u012bpei Big Silver"},"content":{"rendered":"<h2>Aizsarg\u0101jo\u0161s sieti\u0146\u0161 \u016bdensp\u012bpei Big Silver<\/h2>\n<p>\u016adensp\u012bpes sieti\u0146\u0161 ne\u013cauj ogl\u0113m nejau\u0161i sadedzin\u0101t j\u016bsu d\u0101rgo \u012bpa\u0161umu, sm\u0113\u0137\u0113jot m\u0101j\u0101s. Ar v\u0113ja aizsardz\u012bbu.<\/p>\n<p>Vai jums ir k\u0101di jaut\u0101jumi? Sazinies ar mums\u00a0<a href=\"https:\/\/hookahshop.lt\/lv\/kontaktiem\/\">kontaktu lapa<\/a>\u00a0vai rakstiet mums pa e-pastu\u00a0<a href=\"https:\/\/facebook.com\/HookahShop.lt\/\" target=\"_blank\" rel=\"noopener noreferrer\">Facebook konts<\/a>\u00a0un m\u0113s atbild\u0113sim uz j\u016bsu piepras\u012bjumu taj\u0101 pa\u0161\u0101 dien\u0101.<\/p>","protected":false},"excerpt":{"rendered":"<p>Aizsarg\u0101jo\u0161s \u016bdensp\u012bpes sieti\u0146\u0161 Big \u016adensp\u012bpes sieti\u0146\u0161 ne\u013cauj ogl\u0113m nejau\u0161i sadedzin\u0101t j\u016bsu d\u0101rgo \u012bpa\u0161umu, sm\u0113\u0137\u0113jot m\u0101j\u0101s. Ar v\u0113ja aizsardz\u012bbu. Vai jums ir k\u0101di jaut\u0101jumi? Sazinieties ar mums kontaktu lap\u0101 vai rakstiet mums uz m\u016bsu Facebook kontu un m\u0113s atbild\u0113sim uz j\u016bsu piepras\u012bjumu taj\u0101 pa\u0161\u0101 dien\u0101.<\/p>","protected":false},"featured_media":37055,"comment_status":"open","ping_status":"closed","template":"","meta":[],"_links":{"self":[{"href":"https:\/\/hookahshop.lt\/lv\/wp-json\/wp\/v2\/product\/37054"}],"collection":[{"href":"https:\/\/hookahshop.lt\/lv\/wp-json\/wp\/v2\/product"}],"about":[{"href":"https:\/\/hookahshop.lt\/lv\/wp-json\/wp\/v2\/types\/product"}],"replies":[{"embeddable":true,"href":"https:\/\/hookahshop.lt\/lv\/wp-json\/wp\/v2\/comments?post=37054"}],"version-history":[{"count":4,"href":"https:\/\/hookahshop.lt\/lv\/wp-json\/wp\/v2\/product\/37054\/revisions"}],"predecessor-version":[{"id":43098,"href":"https:\/\/hookahshop.lt\/lv\/wp-json\/wp\/v2\/product\/37054\/revisions\/43098"}],"wp:featuredmedia":[{"embeddable":true,"href":"https:\/\/hookahshop.lt\/lv\/wp-json\/wp\/v2\/media\/37055"}],"wp:attachment":[{"href":"https:\/\/hookahshop.lt\/lv\/wp-json\/wp\/v2\/media?parent=37054"}],"curies":[{"name":"wp","href":"https:\/\/api.w.org\/{rel}","templated":true}]}}