{"id":37068,"date":"2023-09-15T14:49:20","date_gmt":"2023-09-15T11:49:20","guid":{"rendered":"https:\/\/hookahshop.lt\/?post_type=product&#038;p=37068"},"modified":"2026-04-17T23:29:54","modified_gmt":"2026-04-17T20:29:54","slug":"kolba-kaljanui-daly-black-blue","status":"publish","type":"product","link":"https:\/\/hookahshop.lt\/lv\/produkt\/kolba-for-udenspipe-daly-black-blue\/","title":{"rendered":"\u016adensp\u012bpes kolba DALY Black Blue"},"content":{"rendered":"<h2>\u016adensp\u012bpes kolba DALY Black Blue<\/h2>\n<p>\u0160\u012b kolba ir izgatavota no augstas kvalit\u0101tes bieza stikla. Kolbas pamatne ir izgatavota no melna stikla, kas k\u013c\u016bst zils.<\/p>\n<p><strong>Specifik\u0101cijas:<\/strong><br \/>\nAugstums: 243 mm<br \/>\nSvars: ~ 1775 g<br \/>\n\u0100r\u0113j\u0101 cauruma diametrs: 70 mm<br \/>\nIek\u0161\u0113j\u0101 cauruma diametrs: 48 mm<br \/>\nProdukta materi\u0101ls: stikls<\/p>\n<p>Vai jums ir k\u0101di jaut\u0101jumi? Sazinies ar mums\u00a0<a href=\"https:\/\/hookahshop.lt\/lv\/kontaktiem\/\">kontaktu lapa<\/a>\u00a0vai rakstiet mums pa e-pastu\u00a0<a href=\"https:\/\/facebook.com\/HookahShop.lt\/\" target=\"_blank\" rel=\"noopener noreferrer\">Facebook konts<\/a>\u00a0un m\u0113s atbild\u0113sim uz j\u016bsu piepras\u012bjumu taj\u0101 pa\u0161\u0101 dien\u0101.<\/p>","protected":false},"excerpt":{"rendered":"<p>Kolba \u016bdensp\u012bpei DALY Black Blue \u0160\u012b kolba ir izgatavota no augstas kvalit\u0101tes bieza stikla. Kolbas pamatne ir izgatavota no melna stikla, kas k\u013c\u016bst zils. Specifik\u0101cijas: Augstums: 243 mm Svars: ~ 1775 g \u0100r\u0113j\u0101 cauruma diametrs: 70 mm Iek\u0161\u0113j\u0101 cauruma diametrs: 48 mm Produkta materi\u0101ls: stikls Jaut\u0101jumi? Sazinieties ar mums kontaktu lap\u0101 vai rakstiet mums uz m\u016bsu Facebook kontu un [\u2026]<\/p>","protected":false},"featured_media":37069,"comment_status":"open","ping_status":"closed","template":"","meta":[],"_links":{"self":[{"href":"https:\/\/hookahshop.lt\/lv\/wp-json\/wp\/v2\/product\/37068"}],"collection":[{"href":"https:\/\/hookahshop.lt\/lv\/wp-json\/wp\/v2\/product"}],"about":[{"href":"https:\/\/hookahshop.lt\/lv\/wp-json\/wp\/v2\/types\/product"}],"replies":[{"embeddable":true,"href":"https:\/\/hookahshop.lt\/lv\/wp-json\/wp\/v2\/comments?post=37068"}],"version-history":[{"count":3,"href":"https:\/\/hookahshop.lt\/lv\/wp-json\/wp\/v2\/product\/37068\/revisions"}],"predecessor-version":[{"id":37074,"href":"https:\/\/hookahshop.lt\/lv\/wp-json\/wp\/v2\/product\/37068\/revisions\/37074"}],"wp:featuredmedia":[{"embeddable":true,"href":"https:\/\/hookahshop.lt\/lv\/wp-json\/wp\/v2\/media\/37069"}],"wp:attachment":[{"href":"https:\/\/hookahshop.lt\/lv\/wp-json\/wp\/v2\/media?parent=37068"}],"curies":[{"name":"wp","href":"https:\/\/api.w.org\/{rel}","templated":true}]}}