{"id":37072,"date":"2023-09-15T15:13:42","date_gmt":"2023-09-15T12:13:42","guid":{"rendered":"https:\/\/hookahshop.lt\/?post_type=product&#038;p=37072"},"modified":"2026-04-17T23:29:55","modified_gmt":"2026-04-17T20:29:55","slug":"kolba-kaljanui-daly-black-purple-matt","status":"publish","type":"product","link":"https:\/\/hookahshop.lt\/lv\/produkt\/kolba-for-udenspipe-daly-black-purple-matt\/","title":{"rendered":"\u016adensp\u012bpes kolba DALY Black Purple Matt"},"content":{"rendered":"<h2>\u016adensp\u012bpes kolba DALY Black Purple Matt<\/h2>\n<p>\u0160\u012b kolba ir izgatavota no augstas kvalit\u0101tes bieza stikla. Kolbas pamatne ir izgatavota no melna stikla, kas k\u013c\u016bst violets.<\/p>\n<p><strong>Specifik\u0101cijas:<\/strong><br \/>\nAugstums: 243 mm<br \/>\nSvars: ~ 1775 g<br \/>\n\u0100r\u0113j\u0101 cauruma diametrs: 70 mm<br \/>\nIek\u0161\u0113j\u0101 cauruma diametrs: 48 mm<br \/>\nIzstr\u0101d\u0101juma materi\u0101ls: mat\u0113ts stikls<\/p>\n<p>Vai jums ir k\u0101di jaut\u0101jumi? Sazinies ar mums\u00a0<a href=\"https:\/\/hookahshop.lt\/lv\/kontaktiem\/\">kontaktu lapa<\/a>\u00a0vai rakstiet mums pa e-pastu\u00a0<a href=\"https:\/\/facebook.com\/HookahShop.lt\/\" target=\"_blank\" rel=\"noopener noreferrer\">Facebook konts<\/a>\u00a0un m\u0113s atbild\u0113sim uz j\u016bsu piepras\u012bjumu taj\u0101 pa\u0161\u0101 dien\u0101.<\/p>","protected":false},"excerpt":{"rendered":"<p>\u016adensp\u012bpes kolba DALY Black Purple Matt \u0160\u012b kolba ir izgatavota no augstas kvalit\u0101tes bieza stikla. Kolbas pamatne ir izgatavota no melna stikla, kas k\u013c\u016bst violets. Specifik\u0101cijas: Augstums: 243 mm Svars: ~ 1775 g \u0100r\u0113j\u0101 cauruma diametrs: 70 mm Iek\u0161\u0113j\u0101 cauruma diametrs: 48 mm Produkta materi\u0101ls: mat\u0113ts stikls Jaut\u0101jumi? Sazinieties ar mums kontaktu lap\u0101 vai rakstiet mums [...]<\/p>","protected":false},"featured_media":37077,"comment_status":"open","ping_status":"closed","template":"","meta":[],"_links":{"self":[{"href":"https:\/\/hookahshop.lt\/lv\/wp-json\/wp\/v2\/product\/37072"}],"collection":[{"href":"https:\/\/hookahshop.lt\/lv\/wp-json\/wp\/v2\/product"}],"about":[{"href":"https:\/\/hookahshop.lt\/lv\/wp-json\/wp\/v2\/types\/product"}],"replies":[{"embeddable":true,"href":"https:\/\/hookahshop.lt\/lv\/wp-json\/wp\/v2\/comments?post=37072"}],"version-history":[{"count":3,"href":"https:\/\/hookahshop.lt\/lv\/wp-json\/wp\/v2\/product\/37072\/revisions"}],"predecessor-version":[{"id":37079,"href":"https:\/\/hookahshop.lt\/lv\/wp-json\/wp\/v2\/product\/37072\/revisions\/37079"}],"wp:featuredmedia":[{"embeddable":true,"href":"https:\/\/hookahshop.lt\/lv\/wp-json\/wp\/v2\/media\/37077"}],"wp:attachment":[{"href":"https:\/\/hookahshop.lt\/lv\/wp-json\/wp\/v2\/media?parent=37072"}],"curies":[{"name":"wp","href":"https:\/\/api.w.org\/{rel}","templated":true}]}}