{"id":37149,"date":"2023-09-29T22:24:01","date_gmt":"2023-09-29T19:24:01","guid":{"rendered":"https:\/\/hookahshop.lt\/?post_type=product&#038;p=37149"},"modified":"2026-05-01T23:30:13","modified_gmt":"2026-05-01T20:30:13","slug":"kaljanas-gorky-hookah-ring-black","status":"publish","type":"product","link":"https:\/\/hookahshop.lt\/lv\/produkt\/udenspipe-gorkijs-udenspipe-gredzens-melns\/","title":{"rendered":"\u016adensp\u012bpe GORKY HOOKAH Gredzens Melns"},"content":{"rendered":"<h2>\u016adensp\u012bpe GORKY HOOKAH Gredzens Melns<\/h2>\n<p>Izgatavots no ner\u016bs\u0113jo\u0161\u0101 t\u0113rauda un koka, tas rada spilgtu un bag\u0101t\u012bgu gar\u0161u. Dizainam un k\u016bpin\u0101\u0161anas kvalit\u0101tei ir \u012bpa\u0161a noz\u012bme no pirm\u0101 br\u012b\u017ea l\u012bdz gatavai k\u016bpin\u0101\u0161anas ier\u012bcei. Tas izmanto no\u0146emamu difuzoru, kas nodro\u0161ina vieglu un klusu \u016bdensp\u012bpes sesiju. Neizmantojot disoforu, vilkme b\u016bs klasiska (smaga, ar pretest\u012bbu).<\/p>\n<p><strong>Specifik\u0101cija:<\/strong><br \/>\nAugstums: 49 cm<br \/>\nDifuzors: no\u0146emams<br \/>\nMateri\u0101li: ner\u016bs\u0113jo\u0161ais t\u0113rauds, koks.<\/p>\n<p><strong>Apr\u012bkojums:<\/strong><br \/>\nV\u0101rpsta<br \/>\nPlate<br \/>\nMutes iemutnis<br \/>\nSilikona \u0161\u013c\u016btene<br \/>\nBl\u012bves<br \/>\nIzklied\u0113t\u0101js<\/p>\n<p><img decoding=\"async\" loading=\"lazy\" class=\"alignnone size-medium wp-image-38521\" src=\"https:\/\/hookahshop.lt\/wp-content\/uploads\/2020\/09\/stiebas-zarna-kandiklis-1-300x273.jpg\" alt=\"- hookahshop.lt\" width=\"300\" height=\"273\" srcset=\"https:\/\/hookahshop.lt\/wp-content\/uploads\/2020\/09\/stiebas-zarna-kandiklis-1-300x273.jpg 300w, https:\/\/hookahshop.lt\/wp-content\/uploads\/2020\/09\/stiebas-zarna-kandiklis-1-13x12.jpg 13w, https:\/\/hookahshop.lt\/wp-content\/uploads\/2020\/09\/stiebas-zarna-kandiklis-1-64x58.jpg 64w, https:\/\/hookahshop.lt\/wp-content\/uploads\/2020\/09\/stiebas-zarna-kandiklis-1.jpg 420w\" sizes=\"(max-width: 300px) 100vw, 300px\" title=\"\"><\/p>\n<p>Vai jums ir k\u0101di jaut\u0101jumi? Sazinies ar mums\u00a0<a href=\"https:\/\/hookahshop.lt\/lv\/kontaktiem\/\">kontaktu lapa<\/a>\u00a0vai rakstiet mums pa e-pastu\u00a0<a href=\"https:\/\/facebook.com\/HookahShop.lt\/\" target=\"_blank\" rel=\"noopener\">Facebook konts<\/a>\u00a0un m\u0113s atbild\u0113sim uz j\u016bsu piepras\u012bjumu taj\u0101 pa\u0161\u0101 dien\u0101.<\/p>","protected":false},"excerpt":{"rendered":"<p>\u016adensp\u012bpe GORKY HOOKAH Gredzens Melns Izgatavots no ner\u016bs\u0113jo\u0161\u0101 t\u0113rauda un koka, nodod ko\u0161u un bag\u0101t\u012bgu gar\u0161u. Dizainam un k\u016bpin\u0101\u0161anas kvalit\u0101tei ir \u012bpa\u0161a noz\u012bme no pirm\u0101 br\u012b\u017ea l\u012bdz gatavai k\u016bpin\u0101\u0161anas ier\u012bcei. Tas izmanto no\u0146emamu difuzoru, kas nodro\u0161ina vieglu un klusu \u016bdensp\u012bpes sesiju. Neizmantojot disoforu, vilkme b\u016bs klasiska (smaga, ar pretest\u012bbu). Specifik\u0101cija: Augstums: 49 cm Difuzors: no\u0146emams Materi\u0101li: [\u2026]<\/p>","protected":false},"featured_media":37165,"comment_status":"open","ping_status":"closed","template":"","meta":[],"_links":{"self":[{"href":"https:\/\/hookahshop.lt\/lv\/wp-json\/wp\/v2\/product\/37149"}],"collection":[{"href":"https:\/\/hookahshop.lt\/lv\/wp-json\/wp\/v2\/product"}],"about":[{"href":"https:\/\/hookahshop.lt\/lv\/wp-json\/wp\/v2\/types\/product"}],"replies":[{"embeddable":true,"href":"https:\/\/hookahshop.lt\/lv\/wp-json\/wp\/v2\/comments?post=37149"}],"version-history":[{"count":6,"href":"https:\/\/hookahshop.lt\/lv\/wp-json\/wp\/v2\/product\/37149\/revisions"}],"predecessor-version":[{"id":42557,"href":"https:\/\/hookahshop.lt\/lv\/wp-json\/wp\/v2\/product\/37149\/revisions\/42557"}],"wp:featuredmedia":[{"embeddable":true,"href":"https:\/\/hookahshop.lt\/lv\/wp-json\/wp\/v2\/media\/37165"}],"wp:attachment":[{"href":"https:\/\/hookahshop.lt\/lv\/wp-json\/wp\/v2\/media?parent=37149"}],"curies":[{"name":"wp","href":"https:\/\/api.w.org\/{rel}","templated":true}]}}