{"id":37156,"date":"2023-09-29T22:40:27","date_gmt":"2023-09-29T19:40:27","guid":{"rendered":"https:\/\/hookahshop.lt\/?post_type=product&#038;p=37156"},"modified":"2026-05-13T23:30:05","modified_gmt":"2026-05-13T20:30:05","slug":"kaljanas-vortex-hookah-hurricane-dark-matte","status":"publish","type":"product","link":"https:\/\/hookahshop.lt\/lv\/produkt\/udenspipe-virpulis-udenspipe-viesulvetra-tumsi-matets\/","title":{"rendered":"\u016adensp\u012bpe VORTEX Hookah Hurricane tum\u0161i mat\u0113ts"},"content":{"rendered":"<h2>\u016adensp\u012bpe VORTEX Hookah Hurricane tum\u0161i mat\u0113ts<\/h2>\n<p>Augstas kvalit\u0101tes ner\u016bs\u0113jo\u0161\u0101 t\u0113rauda \u016bdensp\u012bpe ar anod\u0113ta alum\u012bnija ielikt\u0146iem un no\u0146emamu difuzoru, kas nodro\u0161ina vieglu un klusu \u016bdensp\u012bpes sesiju. Neizmantojot disoforu, vilkme b\u016bs klasiska (smaga, ar pretest\u012bbu). \u016adensp\u012bpei ir ekskluz\u012bva p\u016b\u0161anas sist\u0113ma, kas p\u016b\u0161 cauri gareniskaj\u0101m spraug\u0101m, kas sadal\u012btas caur \u016bdensp\u012bpes k\u0101tu no apak\u0161as uz aug\u0161u. Pelnu \u016bdensp\u012bpes pl\u0101ksne ir liel\u0101ka nek\u0101 parasti. Ar\u012b pl\u0101ksne nav pieskr\u016bv\u0113ta pie \u016bdensp\u012bpes - t\u0101 ir \u0113rti no\u0146emta no aug\u0161as. Izveidojiet ievilkumu blakus \u016bdensp\u012bpes iemut\u0146a \u0161\u013c\u016btenei un izpl\u016bdes v\u0101rstam. \u016adens l\u012bme\u0146a l\u012bnijas ir atz\u012bm\u0113tas uz Vortex \u016bdensp\u012bpes v\u0101rpstas: apak\u0161\u0113j\u0101 l\u012bnija - izmantojot difuzoru, aug\u0161\u0113j\u0101 l\u012bnija - p\u0113c difuzora no\u0146em\u0161anas.<\/p>\n<p><strong>Specifik\u0101cija:<\/strong><br \/>\nMateri\u0101ls: ner\u016bs\u0113jo\u0161ais t\u0113rauds<br \/>\n\u0160\u013c\u016btenes savienojums: magn\u0113tisks<br \/>\nDifuzors: no\u0146emams<br \/>\n\u016adensp\u012bpes augstums: 40 cm<br \/>\nV\u0101rpstas diametrs: 13 mm<\/p>\n<p><strong>Apr\u012bkojums:<\/strong><br \/>\nV\u0101rpsta<br \/>\nPlate<br \/>\nSilikona \u0161\u013c\u016btene<br \/>\nMutes iemutnis<br \/>\nBl\u012bves<br \/>\nPavasaris<br \/>\nIzklied\u0113t\u0101js<\/p>\n<p>Vai jums ir k\u0101di jaut\u0101jumi? Sazinies ar mums\u00a0<a href=\"https:\/\/hookahshop.lt\/lv\/kontaktiem\/\">kontaktu lapa<\/a>\u00a0vai rakstiet mums pa e-pastu\u00a0<a href=\"https:\/\/facebook.com\/HookahShop.lt\/\" target=\"_blank\" rel=\"noopener noreferrer\">Facebook konts<\/a>\u00a0un m\u0113s atbild\u0113sim uz j\u016bsu piepras\u012bjumu taj\u0101 pa\u0161\u0101 dien\u0101.<\/p>","protected":false},"excerpt":{"rendered":"<p>Hookah VORTEX Hookah Hurricane Dark Matte Augstas kvalit\u0101tes ner\u016bs\u0113jo\u0161\u0101 t\u0113rauda \u016bdensp\u012bpe ar anod\u0113ta alum\u012bnija ielikt\u0146iem un no\u0146emamu difuzoru, kas nodro\u0161ina vieglu un klusu \u016bdensp\u012bpes seansu. Neizmantojot disoforu, vilkme b\u016bs klasiska (smaga, ar pretest\u012bbu). \u016adensp\u012bpei ir ekskluz\u012bva p\u016b\u0161anas sist\u0113ma, kas p\u016b\u0161 cauri gareniskaj\u0101m spraug\u0101m, kas sadal\u012btas caur \u016bdensp\u012bpes k\u0101tu no apak\u0161as uz aug\u0161u. Pelnu \u016bdensp\u012bpes pl\u0101ksne ir liel\u0101ka par [\u2026]<\/p>","protected":false},"featured_media":37167,"comment_status":"open","ping_status":"closed","template":"","meta":[],"_links":{"self":[{"href":"https:\/\/hookahshop.lt\/lv\/wp-json\/wp\/v2\/product\/37156"}],"collection":[{"href":"https:\/\/hookahshop.lt\/lv\/wp-json\/wp\/v2\/product"}],"about":[{"href":"https:\/\/hookahshop.lt\/lv\/wp-json\/wp\/v2\/types\/product"}],"replies":[{"embeddable":true,"href":"https:\/\/hookahshop.lt\/lv\/wp-json\/wp\/v2\/comments?post=37156"}],"version-history":[{"count":6,"href":"https:\/\/hookahshop.lt\/lv\/wp-json\/wp\/v2\/product\/37156\/revisions"}],"predecessor-version":[{"id":37384,"href":"https:\/\/hookahshop.lt\/lv\/wp-json\/wp\/v2\/product\/37156\/revisions\/37384"}],"wp:featuredmedia":[{"embeddable":true,"href":"https:\/\/hookahshop.lt\/lv\/wp-json\/wp\/v2\/media\/37167"}],"wp:attachment":[{"href":"https:\/\/hookahshop.lt\/lv\/wp-json\/wp\/v2\/media?parent=37156"}],"curies":[{"name":"wp","href":"https:\/\/api.w.org\/{rel}","templated":true}]}}