{"id":37190,"date":"2023-09-30T01:24:54","date_gmt":"2023-09-29T22:24:54","guid":{"rendered":"https:\/\/hookahshop.lt\/?post_type=product&#038;p=37190"},"modified":"2026-04-18T23:29:25","modified_gmt":"2026-04-18T20:29:25","slug":"kaljanas-hawk-hookah-web-white","status":"publish","type":"product","link":"https:\/\/hookahshop.lt\/lv\/produkt\/udenspipe-vanags-udenspipe-web-balts\/","title":{"rendered":"\u016adensp\u012bpe HAWK \u016adensp\u012bpe Web White"},"content":{"rendered":"<h2>\u016adensp\u012bpe HAWK \u016adensp\u012bpe Web White<\/h2>\n<p>Unik\u0101li vertik\u0101li d\u016bmi, kas p\u016b\u0161 no apak\u0161tase. D\u016bmi no \u0161\u0137\u012bvja tiek virz\u012bti uz aug\u0161u (\u016bdensp\u012bpes kaus\u0101). Ner\u016bs\u0113jo\u0161\u0101 t\u0113rauda v\u0101rpsta ar koka k\u0101ta ieliktni. Tas izmanto no\u0146emamu difuzoru, kas nodro\u0161ina vieglu un klusu \u016bdensp\u012bpes sesiju. Neizmantojot disoforu, vilkme b\u016bs klasiska (smaga, ar pretest\u012bbu).<\/p>\n<p><strong>Specifik\u0101cijas:<\/strong><br \/>\nAugstums: 50 cm<br \/>\nMateri\u0101li: ner\u016bs\u0113jo\u0161ais t\u0113rauds un koks.<\/p>\n<p><strong>Apr\u012bkojums:<\/strong><br \/>\nV\u0101rpsta<br \/>\nPlate<br \/>\nMutes iemutnis<br \/>\nSilikona \u0161\u013c\u016btene<br \/>\nBl\u012bves<br \/>\nIzklied\u0113t\u0101js<\/p>\n<p><img decoding=\"async\" loading=\"lazy\" class=\"alignnone size-medium wp-image-38521\" src=\"https:\/\/hookahshop.lt\/wp-content\/uploads\/2020\/09\/stiebas-zarna-kandiklis-1-300x273.jpg\" alt=\"- hookahshop.lt\" width=\"300\" height=\"273\" srcset=\"https:\/\/hookahshop.lt\/wp-content\/uploads\/2020\/09\/stiebas-zarna-kandiklis-1-300x273.jpg 300w, https:\/\/hookahshop.lt\/wp-content\/uploads\/2020\/09\/stiebas-zarna-kandiklis-1-13x12.jpg 13w, https:\/\/hookahshop.lt\/wp-content\/uploads\/2020\/09\/stiebas-zarna-kandiklis-1-64x58.jpg 64w, https:\/\/hookahshop.lt\/wp-content\/uploads\/2020\/09\/stiebas-zarna-kandiklis-1.jpg 420w\" sizes=\"(max-width: 300px) 100vw, 300px\" title=\"\"><\/p>\n<p>Vai jums ir k\u0101di jaut\u0101jumi? Sazinies ar mums\u00a0<a href=\"https:\/\/hookahshop.lt\/lv\/kontaktiem\/\">kontaktu lapa<\/a>\u00a0vai rakstiet mums pa e-pastu\u00a0<a href=\"https:\/\/facebook.com\/HookahShop.lt\/\" target=\"_blank\" rel=\"noopener\">Facebook konts<\/a>\u00a0un m\u0113s atbild\u0113sim uz j\u016bsu piepras\u012bjumu taj\u0101 pa\u0161\u0101 dien\u0101.<\/p>","protected":false},"excerpt":{"rendered":"<p>\u016adensp\u012bpe HAWK Hookah Web White Unik\u0101li vertik\u0101li d\u016bmi, kas p\u016b\u0161 no \u0161\u0137\u012bvja apak\u0161as. D\u016bmi no \u0161\u0137\u012bvja tiek virz\u012bti uz aug\u0161u (\u016bdensp\u012bpes kaus\u0101). Ner\u016bs\u0113jo\u0161\u0101 t\u0113rauda v\u0101rpsta ar koka k\u0101ta ieliktni. Tas izmanto no\u0146emamu difuzoru, kas nodro\u0161ina vieglu un klusu \u016bdensp\u012bpes sesiju. Neizmantojot disoforu, vilkme b\u016bs klasiska (smaga, ar pretest\u012bbu). Specifik\u0101cijas: Augstums: 50 cm Materi\u0101li: Ner\u016bs\u0113jo\u0161ais t\u0113rauds un koks. [\u2026]<\/p>","protected":false},"featured_media":37191,"comment_status":"open","ping_status":"closed","template":"","meta":[],"_links":{"self":[{"href":"https:\/\/hookahshop.lt\/lv\/wp-json\/wp\/v2\/product\/37190"}],"collection":[{"href":"https:\/\/hookahshop.lt\/lv\/wp-json\/wp\/v2\/product"}],"about":[{"href":"https:\/\/hookahshop.lt\/lv\/wp-json\/wp\/v2\/types\/product"}],"replies":[{"embeddable":true,"href":"https:\/\/hookahshop.lt\/lv\/wp-json\/wp\/v2\/comments?post=37190"}],"version-history":[{"count":6,"href":"https:\/\/hookahshop.lt\/lv\/wp-json\/wp\/v2\/product\/37190\/revisions"}],"predecessor-version":[{"id":37658,"href":"https:\/\/hookahshop.lt\/lv\/wp-json\/wp\/v2\/product\/37190\/revisions\/37658"}],"wp:featuredmedia":[{"embeddable":true,"href":"https:\/\/hookahshop.lt\/lv\/wp-json\/wp\/v2\/media\/37191"}],"wp:attachment":[{"href":"https:\/\/hookahshop.lt\/lv\/wp-json\/wp\/v2\/media?parent=37190"}],"curies":[{"name":"wp","href":"https:\/\/api.w.org\/{rel}","templated":true}]}}