{"id":37208,"date":"2023-09-30T10:08:59","date_gmt":"2023-09-30T07:08:59","guid":{"rendered":"https:\/\/hookahshop.lt\/?post_type=product&#038;p=37208"},"modified":"2026-04-15T12:29:38","modified_gmt":"2026-04-15T09:29:38","slug":"zarna-silikonine-caesar-matt-red","status":"publish","type":"product","link":"https:\/\/hookahshop.lt\/lv\/produkt\/slutene-silikona-caesar-matt-ed\/","title":{"rendered":"Silikona \u0161\u013c\u016btene CAESAR Matt Red"},"content":{"rendered":"<h2>Silikona \u0161\u013c\u016btene CAESAR Matt Red<\/h2>\n<p>Izgatavots no stipra silikona. \u0160\u013c\u016btene ir \u013coti viegli t\u012br\u0101ma, iztur\u012bga pret kr\u0101sas mai\u0146u un smak\u0101m, t\u0101p\u0113c t\u0101 ir ide\u0101li piem\u0113rota ilgsto\u0161ai lieto\u0161anai.<\/p>\n<p><strong>Specifik\u0101cijas:<\/strong><br \/>\nGarums: 150 cm<br \/>\n\u0100r\u0113jais diametrs: ~1,7 cm<br \/>\nIek\u0161\u0113jais diametrs: ~1,0 cm<br \/>\nMateri\u0101ls: M\u012bksts piesk\u0101riens<br \/>\nKr\u0101sa: Sarkans mat\u0113ts<br \/>\nVai jums ir k\u0101di jaut\u0101jumi? Sazinies ar mums\u00a0<a href=\"https:\/\/hookahshop.lt\/lv\/kontaktiem\/\">kontaktu lapa<\/a>\u00a0vai rakstiet mums pa e-pastu\u00a0<a href=\"https:\/\/facebook.com\/HookahShop.lt\/\" target=\"_blank\" rel=\"noopener\">Facebook konts<\/a>\u00a0un m\u0113s atbild\u0113sim uz j\u016bsu piepras\u012bjumu taj\u0101 pa\u0161\u0101 dien\u0101.<\/p>\n<p>&nbsp;<\/p>","protected":false},"excerpt":{"rendered":"<p>Silikona \u0161\u013c\u016btene CAESAR Matt Red Izgatavota no stipra silikona. \u0160\u013c\u016btene ir \u013coti viegli t\u012br\u0101ma, iztur\u012bga pret kr\u0101sas mai\u0146u un smak\u0101m, t\u0101p\u0113c t\u0101 ir ide\u0101li piem\u0113rota ilgsto\u0161ai lieto\u0161anai. Specifik\u0101cijas: Garums: 150 cm \u0100r\u0113jais diametrs: ~1,7 cm Iek\u0161\u0113jais diametrs: ~1,0 cm Materi\u0101ls: M\u012bksts piesk\u0101riens Kr\u0101sa: Sarkans mat\u0113ts Vai ir k\u0101di jaut\u0101jumi? Sazinieties ar mums kontaktu lap\u0101 vai rakstiet mums m\u016bsu Facebook kont\u0101 un m\u0113s atbild\u0113sim uz j\u016bsu piepras\u012bjumu [\u2026]<\/p>","protected":false},"featured_media":37209,"comment_status":"open","ping_status":"closed","template":"","meta":[],"_links":{"self":[{"href":"https:\/\/hookahshop.lt\/lv\/wp-json\/wp\/v2\/product\/37208"}],"collection":[{"href":"https:\/\/hookahshop.lt\/lv\/wp-json\/wp\/v2\/product"}],"about":[{"href":"https:\/\/hookahshop.lt\/lv\/wp-json\/wp\/v2\/types\/product"}],"replies":[{"embeddable":true,"href":"https:\/\/hookahshop.lt\/lv\/wp-json\/wp\/v2\/comments?post=37208"}],"version-history":[{"count":3,"href":"https:\/\/hookahshop.lt\/lv\/wp-json\/wp\/v2\/product\/37208\/revisions"}],"predecessor-version":[{"id":42239,"href":"https:\/\/hookahshop.lt\/lv\/wp-json\/wp\/v2\/product\/37208\/revisions\/42239"}],"wp:featuredmedia":[{"embeddable":true,"href":"https:\/\/hookahshop.lt\/lv\/wp-json\/wp\/v2\/media\/37209"}],"wp:attachment":[{"href":"https:\/\/hookahshop.lt\/lv\/wp-json\/wp\/v2\/media?parent=37208"}],"curies":[{"name":"wp","href":"https:\/\/api.w.org\/{rel}","templated":true}]}}