{"id":37222,"date":"2023-09-30T10:49:56","date_gmt":"2023-09-30T07:49:56","guid":{"rendered":"https:\/\/hookahshop.lt\/?post_type=product&#038;p=37222"},"modified":"2026-04-15T23:29:32","modified_gmt":"2026-04-15T20:29:32","slug":"taurele-kaljanui-fox-phunnel-mini-black","status":"publish","type":"product","link":"https:\/\/hookahshop.lt\/lv\/produkt\/kauss-udenspipe-lapsa-piltuve-mini-melns\/","title":{"rendered":"\u016adensp\u012bpes kr\u016bze FOX Phunnel Mini Black"},"content":{"rendered":"<h2>\u016adensp\u012bpes kr\u016bze FOX Phunnel Mini Black<\/h2>\n<p>Kr\u016bze ir izgatavota no augstas kvalit\u0101tes m\u0101la, t\u0101p\u0113c vienm\u0113r\u012bgi sadala siltumu un uztur to visu k\u016bpin\u0101\u0161anas periodu.<\/p>\n<p><strong>Specifik\u0101cijas:<\/strong><br \/>\nMateri\u0101ls: M\u0101ls<br \/>\nTips: Phunnel<br \/>\nKr\u0101sa melna<br \/>\nAugstums: 7,5 cm<br \/>\nKr\u016bzes diametrs aug\u0161pus\u0113: 5,5 cm<\/p>\n<p>Vai jums ir k\u0101di jaut\u0101jumi? Sazinies ar mums\u00a0<a href=\"https:\/\/hookahshop.lt\/lv\/kontaktiem\/\">kontaktu lapa<\/a>\u00a0vai rakstiet mums pa e-pastu\u00a0<a href=\"https:\/\/facebook.com\/HookahShop.lt\/\" target=\"_blank\" rel=\"noopener\">Facebook konts<\/a>\u00a0un m\u0113s atbild\u0113sim uz j\u016bsu piepras\u012bjumu taj\u0101 pa\u0161\u0101 dien\u0101.<\/p>\n<p>&nbsp;<\/p>","protected":false},"excerpt":{"rendered":"<p>\u016adensp\u012bpes kr\u016bze FOX Phunnel Mini Black Kr\u016bz\u012bte ir izgatavota no augstas kvalit\u0101tes m\u0101la, t\u0101p\u0113c t\u0101 vienm\u0113r\u012bgi sadala siltumu un saglab\u0101 to visu k\u016bpin\u0101\u0161anas periodu. Specifik\u0101cijas: Materi\u0101ls: M\u0101ls Veids: Phunnel Kr\u0101sa: Melns Augstums: 7,5 cm Kr\u016bzes diametrs aug\u0161pus\u0113: 5,5 cm Vai ir k\u0101di jaut\u0101jumi? Sazinieties ar mums kontaktu lap\u0101 vai rakstiet mums uz m\u016bsu Facebook kontu un m\u0113s atbild\u0113sim uz j\u016bsu piepras\u012bjumu taj\u0101 pa\u0161\u0101 dien\u0101. [\u2026]<\/p>","protected":false},"featured_media":37224,"comment_status":"open","ping_status":"closed","template":"","meta":[],"_links":{"self":[{"href":"https:\/\/hookahshop.lt\/lv\/wp-json\/wp\/v2\/product\/37222"}],"collection":[{"href":"https:\/\/hookahshop.lt\/lv\/wp-json\/wp\/v2\/product"}],"about":[{"href":"https:\/\/hookahshop.lt\/lv\/wp-json\/wp\/v2\/types\/product"}],"replies":[{"embeddable":true,"href":"https:\/\/hookahshop.lt\/lv\/wp-json\/wp\/v2\/comments?post=37222"}],"version-history":[{"count":5,"href":"https:\/\/hookahshop.lt\/lv\/wp-json\/wp\/v2\/product\/37222\/revisions"}],"predecessor-version":[{"id":43497,"href":"https:\/\/hookahshop.lt\/lv\/wp-json\/wp\/v2\/product\/37222\/revisions\/43497"}],"wp:featuredmedia":[{"embeddable":true,"href":"https:\/\/hookahshop.lt\/lv\/wp-json\/wp\/v2\/media\/37224"}],"wp:attachment":[{"href":"https:\/\/hookahshop.lt\/lv\/wp-json\/wp\/v2\/media?parent=37222"}],"curies":[{"name":"wp","href":"https:\/\/api.w.org\/{rel}","templated":true}]}}