{"id":37229,"date":"2023-09-30T13:12:07","date_gmt":"2023-09-30T10:12:07","guid":{"rendered":"https:\/\/hookahshop.lt\/?post_type=product&#038;p=37229"},"modified":"2026-04-15T23:29:32","modified_gmt":"2026-04-15T20:29:32","slug":"taurele-kaljanui-werkbund-polygon-black","status":"publish","type":"product","link":"https:\/\/hookahshop.lt\/lv\/produkt\/kauss-udenspipe-werkbund-polygon-black\/","title":{"rendered":"\u016adensp\u012bpes kauss WERKBUND Polygon Black"},"content":{"rendered":"<h2>\u016adensp\u012bpes kauss WERKBUND Polygon Black<\/h2>\n<p>Izgatavots no augstas kvalit\u0101tes m\u0101la, tas vienm\u0113r\u012bgi sadala siltumu un uztur to visu k\u016bpin\u0101\u0161anas periodu.<br \/>\nKr\u016bz\u012bt\u0113 ir tabaka: 18-20g. (atkar\u012bb\u0101 no izmantot\u0101s iepako\u0161anas metodes).<\/p>\n<p><strong>Specifik\u0101cijas:<\/strong><br \/>\nTips: Phunnel<br \/>\nKr\u0101sa melna<br \/>\nMateri\u0101ls: M\u0101ls ar glaz\u016bru<br \/>\nPlatums: ~7,5 cm<br \/>\nAugstums: ~10,5 cm<br \/>\nDzi\u013cums: ~1,3 cm<\/p>\n<p>&nbsp;<\/p>\n<p>Vai jums ir k\u0101di jaut\u0101jumi? Sazinies ar mums\u00a0<a href=\"https:\/\/hookahshop.lt\/lv\/kontaktiem\/\">kontaktu lapa<\/a>\u00a0vai rakstiet mums pa e-pastu\u00a0<a href=\"https:\/\/facebook.com\/HookahShop.lt\/\" target=\"_blank\" rel=\"noopener\">Facebook konts<\/a>\u00a0un m\u0113s atbild\u0113sim uz j\u016bsu piepras\u012bjumu taj\u0101 pa\u0161\u0101 dien\u0101.<\/p>","protected":false},"excerpt":{"rendered":"<p>\u016adensp\u012bpes kauss WERKBUND Polygon Black Izgatavots no augstas kvalit\u0101tes m\u0101la, tas vienm\u0113r\u012bgi sadala siltumu un uztur to visu k\u016bpin\u0101\u0161anas periodu. Kr\u016bz\u012bt\u0113 ir tabaka: 18-20g. (atkar\u012bb\u0101 no izmantot\u0101s iepako\u0161anas metodes). Specifik\u0101cijas: Tips: Phunnel Kr\u0101sa: Melns Materi\u0101ls: M\u0101ls ar glaz\u016bru Platums: ~7,5 cm Augstums: ~10,5 cm Dzi\u013cums: ~1,3 cm Jaut\u0101jumi? Sazinieties ar mums kontaktu lap\u0101 vai rakstiet [\u2026]<\/p>","protected":false},"featured_media":37230,"comment_status":"open","ping_status":"closed","template":"","meta":[],"_links":{"self":[{"href":"https:\/\/hookahshop.lt\/lv\/wp-json\/wp\/v2\/product\/37229"}],"collection":[{"href":"https:\/\/hookahshop.lt\/lv\/wp-json\/wp\/v2\/product"}],"about":[{"href":"https:\/\/hookahshop.lt\/lv\/wp-json\/wp\/v2\/types\/product"}],"replies":[{"embeddable":true,"href":"https:\/\/hookahshop.lt\/lv\/wp-json\/wp\/v2\/comments?post=37229"}],"version-history":[{"count":4,"href":"https:\/\/hookahshop.lt\/lv\/wp-json\/wp\/v2\/product\/37229\/revisions"}],"predecessor-version":[{"id":42223,"href":"https:\/\/hookahshop.lt\/lv\/wp-json\/wp\/v2\/product\/37229\/revisions\/42223"}],"wp:featuredmedia":[{"embeddable":true,"href":"https:\/\/hookahshop.lt\/lv\/wp-json\/wp\/v2\/media\/37230"}],"wp:attachment":[{"href":"https:\/\/hookahshop.lt\/lv\/wp-json\/wp\/v2\/media?parent=37229"}],"curies":[{"name":"wp","href":"https:\/\/api.w.org\/{rel}","templated":true}]}}