{"id":37233,"date":"2023-09-30T14:17:07","date_gmt":"2023-09-30T11:17:07","guid":{"rendered":"https:\/\/hookahshop.lt\/?post_type=product&#038;p=37233"},"modified":"2026-04-24T23:30:06","modified_gmt":"2026-04-24T20:30:06","slug":"taurele-kaljanui-moon-phunnel-marble-fir","status":"publish","type":"product","link":"https:\/\/hookahshop.lt\/lv\/produkt\/kauss-udenspipe-meness-piltuve-marmors-egle\/","title":{"rendered":"\u016adensp\u012bpes kauss MOON Phunnel Marble Fir"},"content":{"rendered":"<h2>\u016adensp\u012bpes kauss MOON Phunnel Marble Fir<\/h2>\n<p>Roku darbs, izcils izpild\u012bjums, izgatavots no augstas kvalit\u0101tes m\u0101la, glaz\u0113ta kauss. Kr\u016bz\u012bte ir piem\u0113rota gan tum\u0161ai, gan gai\u0161ai tabakai.<br \/>\nKr\u016bz\u012bt\u0113 ir ~ 18-22 g tabakas. (atkar\u012bb\u0101 no izmantot\u0101s iepako\u0161anas metodes).<br \/>\nTabakas sadal\u012b\u0161anai kr\u016bz\u0113 ir piestiprin\u0101ta koka dak\u0161a.<\/p>\n<p><strong>Specifik\u0101cijas:<\/strong><br \/>\nTips: Phunnel<br \/>\nKr\u0101sa: za\u013ca, balta<br \/>\nMateri\u0101ls: M\u0101ls ar glaz\u016bru<br \/>\nAugstums: 1,05 cm<br \/>\nDiametrs (\u0101r\u0113jais): 7,4 cm<br \/>\nDiametrs (iek\u0161\u0113jais): 6,7 cm<br \/>\nDzi\u013cums: 1 cm<\/p>\n<p>Vai jums ir k\u0101di jaut\u0101jumi? Sazinies ar mums\u00a0<a href=\"https:\/\/hookahshop.lt\/lv\/kontaktiem\/\">kontaktu lapa<\/a>\u00a0vai rakstiet mums pa e-pastu\u00a0<a href=\"https:\/\/facebook.com\/HookahShop.lt\/\" target=\"_blank\" rel=\"noopener\">Facebook konts<\/a>\u00a0un m\u0113s atbild\u0113sim uz j\u016bsu piepras\u012bjumu taj\u0101 pa\u0161\u0101 dien\u0101.<\/p>","protected":false},"excerpt":{"rendered":"<p>\u016adensp\u012bpes b\u013codi\u0146a MOON Phunnel Marmora egle Roku darbs, izcila meistar\u012bba, izgatavota no augstas kvalit\u0101tes m\u0101la, glaz\u0113ta b\u013codi\u0146a. B\u013coda ir piem\u0113rota gan tum\u0161ai, gan gai\u0161ai tabakai. B\u013codi\u0146\u0101 ir tabakas svars ~ 18-22 g (atkar\u012bb\u0101 no izmantot\u0101s iepako\u0161anas metodes). Komplekt\u0101 ietilpst koka dak\u0161i\u0146a tabakas sadal\u012b\u0161anai b\u013codi\u0146\u0101. Specifik\u0101cijas: Tips: Phunnel Kr\u0101sa: Za\u013ca, balta Materi\u0101ls: M\u0101ls ar glaz\u016bru Augstums: 1,05 cm Diametrs [\u2026]<\/p>","protected":false},"featured_media":37234,"comment_status":"open","ping_status":"closed","template":"","meta":[],"_links":{"self":[{"href":"https:\/\/hookahshop.lt\/lv\/wp-json\/wp\/v2\/product\/37233"}],"collection":[{"href":"https:\/\/hookahshop.lt\/lv\/wp-json\/wp\/v2\/product"}],"about":[{"href":"https:\/\/hookahshop.lt\/lv\/wp-json\/wp\/v2\/types\/product"}],"replies":[{"embeddable":true,"href":"https:\/\/hookahshop.lt\/lv\/wp-json\/wp\/v2\/comments?post=37233"}],"version-history":[{"count":4,"href":"https:\/\/hookahshop.lt\/lv\/wp-json\/wp\/v2\/product\/37233\/revisions"}],"predecessor-version":[{"id":45390,"href":"https:\/\/hookahshop.lt\/lv\/wp-json\/wp\/v2\/product\/37233\/revisions\/45390"}],"wp:featuredmedia":[{"embeddable":true,"href":"https:\/\/hookahshop.lt\/lv\/wp-json\/wp\/v2\/media\/37234"}],"wp:attachment":[{"href":"https:\/\/hookahshop.lt\/lv\/wp-json\/wp\/v2\/media?parent=37233"}],"curies":[{"name":"wp","href":"https:\/\/api.w.org\/{rel}","templated":true}]}}