{"id":37241,"date":"2023-09-30T14:50:22","date_gmt":"2023-09-30T11:50:22","guid":{"rendered":"https:\/\/hookahshop.lt\/?post_type=product&#038;p=37241"},"modified":"2026-04-17T23:29:55","modified_gmt":"2026-04-17T20:29:55","slug":"taurele-kaljanui-cosmo-turkish-phunnel-saturn","status":"publish","type":"product","link":"https:\/\/hookahshop.lt\/lv\/produkt\/kauss-udenspipe-kosmo-turku-piltuve-saturns\/","title":{"rendered":"Kauss \u016bdensp\u012bpei COSMO Turkish Phunnel Saturn"},"content":{"rendered":"<h2>Kauss \u016bdensp\u012bpei COSMO Turkish Phunnel Saturn<\/h2>\n<p>Ar rok\u0101m darin\u0101ta gl\u0101ze, kas \u016bdensp\u012bpes sesijai pie\u0161\u0137ir intens\u012bvu gar\u0161u. \u0160\u012b kr\u016bze ir viena no vair\u0101k\u0101m kr\u016bz\u0113m, kas pieder pie 2 veidu: turku-izliektas formas un punnel- viena cauruma d\u0113\u013c, t\u0101p\u0113c \u0161o \u012bpa\u0161\u012bbu d\u0113\u013c \u016bdensp\u012bpes d\u016bmi b\u016bs m\u012bksti un bag\u0101t\u012bgi. Kr\u016bz\u012bte piem\u0113rota viegl\u0101m, vid\u0113ji sp\u0113c\u012bg\u0101m un sp\u0113c\u012bg\u0101m sesij\u0101m. Univers\u0101ls variants visiem \u016bdensp\u012bpes tabakas veidiem. Kr\u016bz\u012btes dibens nep\u0101rkarst biez\u0101 m\u0101la d\u0113\u013c, t\u0101p\u0113c to ir dro\u0161i un \u0113rti iz\u0146emt p\u0113c \u016bdensp\u012bpes seansa.<\/p>\n<p>Kr\u016bz\u012bt\u0113 ir ~ 18-20 g tabakas (atkar\u012bb\u0101 no izmantot\u0101s iepako\u0161anas metodes).<\/p>\n<p>&nbsp;<\/p>\n<p><strong>Specifik\u0101cijas:<\/strong><br \/>\nTips: turku punnel<br \/>\nMateri\u0101ls: M\u0101ls<br \/>\nAugstums: ~8,8 cm<br \/>\nPlatums: ~7cm<br \/>\nVai jums ir k\u0101di jaut\u0101jumi? Sazinies ar mums\u00a0<a href=\"https:\/\/hookahshop.lt\/lv\/kontaktiem\/\">kontaktu lapa<\/a>\u00a0vai rakstiet mums pa e-pastu\u00a0<a href=\"https:\/\/facebook.com\/HookahShop.lt\/\" target=\"_blank\" rel=\"noopener\">Facebook konts<\/a>\u00a0un m\u0113s atbild\u0113sim uz j\u016bsu piepras\u012bjumu taj\u0101 pa\u0161\u0101 dien\u0101.<\/p>","protected":false},"excerpt":{"rendered":"<p>\u016adensp\u012bpes kr\u016bze COSMO Turkish Phunnel Saturn Ar rok\u0101m darin\u0101ta kr\u016bz\u012bte, kas \u016bdensp\u012bpes sesijai pie\u0161\u0137ir intens\u012bvu gar\u0161u. \u0160\u012b kr\u016bze ir viena no vair\u0101k\u0101m kr\u016bz\u0113m, kas pieder pie 2 veidiem: turku- t\u0101s izliekt\u0101s formas d\u0113\u013c un punnel- viena cauruma d\u0113\u013c, t\u0101p\u0113c \u0161o \u012bpa\u0161\u012bbu d\u0113\u013c \u016bdensp\u012bpes d\u016bmi b\u016bs m\u012bksti un bag\u0101t\u012bgi. Kr\u016bz\u012bte piem\u0113rota viegl\u0101m, vid\u0113ji sp\u0113c\u012bg\u0101m un sp\u0113c\u012bg\u0101m sesij\u0101m. Univers\u0101ls variants vis\u0101m \u016bdensp\u012bp\u0113m [\u2026]<\/p>","protected":false},"featured_media":37246,"comment_status":"open","ping_status":"closed","template":"","meta":[],"_links":{"self":[{"href":"https:\/\/hookahshop.lt\/lv\/wp-json\/wp\/v2\/product\/37241"}],"collection":[{"href":"https:\/\/hookahshop.lt\/lv\/wp-json\/wp\/v2\/product"}],"about":[{"href":"https:\/\/hookahshop.lt\/lv\/wp-json\/wp\/v2\/types\/product"}],"replies":[{"embeddable":true,"href":"https:\/\/hookahshop.lt\/lv\/wp-json\/wp\/v2\/comments?post=37241"}],"version-history":[{"count":4,"href":"https:\/\/hookahshop.lt\/lv\/wp-json\/wp\/v2\/product\/37241\/revisions"}],"predecessor-version":[{"id":37569,"href":"https:\/\/hookahshop.lt\/lv\/wp-json\/wp\/v2\/product\/37241\/revisions\/37569"}],"wp:featuredmedia":[{"embeddable":true,"href":"https:\/\/hookahshop.lt\/lv\/wp-json\/wp\/v2\/media\/37246"}],"wp:attachment":[{"href":"https:\/\/hookahshop.lt\/lv\/wp-json\/wp\/v2\/media?parent=37241"}],"curies":[{"name":"wp","href":"https:\/\/api.w.org\/{rel}","templated":true}]}}