{"id":37243,"date":"2023-09-30T14:35:19","date_gmt":"2023-09-30T11:35:19","guid":{"rendered":"https:\/\/hookahshop.lt\/?post_type=product&#038;p=37243"},"modified":"2026-04-15T23:29:32","modified_gmt":"2026-04-15T20:29:32","slug":"taurele-kaljanui-moon-phunnel-matt-black","status":"publish","type":"product","link":"https:\/\/hookahshop.lt\/lv\/produkt\/kauss-udenspipe-meness-piltuve-matets-melns\/","title":{"rendered":"\u016adensp\u012bpes b\u013coda Moon Phunnel Matt Black"},"content":{"rendered":"<h2>\u016adensp\u012bpes b\u013coda Moon Phunnel Matt Black<\/h2>\n<p>Roku darbs, izcils izpild\u012bjums, izgatavots no augstas kvalit\u0101tes m\u0101la, glaz\u0113ta kauss. Kr\u016bz\u012bte ir piem\u0113rota gan tum\u0161ai, gan gai\u0161ai tabakai.<br \/>\nKr\u016bz\u012bt\u0113 ir ~ 18-22 g tabakas. (atkar\u012bb\u0101 no izmantot\u0101s iepako\u0161anas metodes).<br \/>\nTabakas sadal\u012b\u0161anai kr\u016bz\u0113 ir piestiprin\u0101ta koka dak\u0161a.<\/p>\n<p><strong>Specifik\u0101cijas:<\/strong><br \/>\nTips: Phunnel<br \/>\nKr\u0101sa: melna mat\u0113ta<br \/>\nMateri\u0101ls: M\u0101ls ar glaz\u016bru<br \/>\nAugstums: 1,05 cm<br \/>\nDiametrs (\u0101r\u0113jais): 7,4 cm<br \/>\nDiametrs (iek\u0161\u0113jais): 6,7 cm<br \/>\nDzi\u013cums: 1 cm<\/p>\n<p>Vai jums ir k\u0101di jaut\u0101jumi? Sazinies ar mums\u00a0<a href=\"https:\/\/hookahshop.lt\/lv\/kontaktiem\/\">kontaktu lapa<\/a>\u00a0vai rakstiet mums pa e-pastu\u00a0<a href=\"https:\/\/facebook.com\/HookahShop.lt\/\" target=\"_blank\" rel=\"noopener\">Facebook konts<\/a>\u00a0un m\u0113s atbild\u0113sim uz j\u016bsu piepras\u012bjumu taj\u0101 pa\u0161\u0101 dien\u0101.<\/p>","protected":false},"excerpt":{"rendered":"<p>\u016adensp\u012bpes kauss Moon Phunnel Matt Black Roku darbs, teicams izpild\u012bjums, izgatavots no augstas kvalit\u0101tes m\u0101la, glaz\u0113ta kr\u016bze. Kr\u016bz\u012bte ir piem\u0113rota gan tum\u0161ai, gan gai\u0161ai tabakai. Kr\u016bz\u012bt\u0113 ir ~ 18-22 g tabakas. (atkar\u012bb\u0101 no izmantot\u0101s iepako\u0161anas metodes). Komplekt\u0101 ir koka dak\u0161a tabakas sadal\u012b\u0161anai kr\u016bz\u0113. Specifik\u0101cijas: Tips: Phunnel Kr\u0101sa: Mat\u0113ts melns Materi\u0101ls: M\u0101ls ar glaz\u016bru Augstums: 1,05 cm Diametrs [\u2026]<\/p>","protected":false},"featured_media":37238,"comment_status":"open","ping_status":"closed","template":"","meta":[],"_links":{"self":[{"href":"https:\/\/hookahshop.lt\/lv\/wp-json\/wp\/v2\/product\/37243"}],"collection":[{"href":"https:\/\/hookahshop.lt\/lv\/wp-json\/wp\/v2\/product"}],"about":[{"href":"https:\/\/hookahshop.lt\/lv\/wp-json\/wp\/v2\/types\/product"}],"replies":[{"embeddable":true,"href":"https:\/\/hookahshop.lt\/lv\/wp-json\/wp\/v2\/comments?post=37243"}],"version-history":[{"count":4,"href":"https:\/\/hookahshop.lt\/lv\/wp-json\/wp\/v2\/product\/37243\/revisions"}],"predecessor-version":[{"id":39815,"href":"https:\/\/hookahshop.lt\/lv\/wp-json\/wp\/v2\/product\/37243\/revisions\/39815"}],"wp:featuredmedia":[{"embeddable":true,"href":"https:\/\/hookahshop.lt\/lv\/wp-json\/wp\/v2\/media\/37238"}],"wp:attachment":[{"href":"https:\/\/hookahshop.lt\/lv\/wp-json\/wp\/v2\/media?parent=37243"}],"curies":[{"name":"wp","href":"https:\/\/api.w.org\/{rel}","templated":true}]}}