{"id":37249,"date":"2023-09-30T15:02:38","date_gmt":"2023-09-30T12:02:38","guid":{"rendered":"https:\/\/hookahshop.lt\/?post_type=product&#038;p=37249"},"modified":"2026-04-14T23:29:39","modified_gmt":"2026-04-14T20:29:39","slug":"taurele-kaljanui-cosmo-phunnel-horeca","status":"publish","type":"product","link":"https:\/\/hookahshop.lt\/lv\/produkt\/stikls-udenspipe-kosmo-piltuve-horeca\/","title":{"rendered":"\u016adensp\u012bpes kauss COSMO Phunnel Horeca"},"content":{"rendered":"<h2>\u016adensp\u012bpes kauss COSMO Phunnel Horeca<\/h2>\n<p>Unik\u0101ls ne tikai augstas kvalit\u0101tes m\u0101l\u0101, bet ar\u012b dizain\u0101. Kr\u016bz\u012btes k\u0101ts ir iet\u012bts ar b\u0113rza mizu, t\u0101p\u0113c kr\u016bzes dibens nep\u0101rkarst un kausu ir dro\u0161i un \u0113rti iz\u0146emt \u016bdensp\u012bpes seansa beig\u0101s.<br \/>\nKr\u016bz\u012bt\u0113 ir ~ 18-25 g tabakas (atkar\u012bb\u0101 no izmantot\u0101s iepako\u0161anas metodes).<\/p>\n<p><strong>Specifik\u0101cijas:<\/strong><br \/>\nTips: Phunnel<br \/>\nMateri\u0101ls: M\u0101ls<br \/>\nKr\u016bzes augstums: ~8,5 cm<\/p>\n<p>&nbsp;<\/p>\n<p>Vai jums ir k\u0101di jaut\u0101jumi? Sazinies ar mums\u00a0<a href=\"https:\/\/hookahshop.lt\/lv\/kontaktiem\/\">kontaktu lapa<\/a>\u00a0vai rakstiet mums pa e-pastu\u00a0<a href=\"https:\/\/facebook.com\/HookahShop.lt\/\" target=\"_blank\" rel=\"noopener\">Facebook konts<\/a>\u00a0un m\u0113s atbild\u0113sim uz j\u016bsu piepras\u012bjumu taj\u0101 pa\u0161\u0101 dien\u0101.<\/p>","protected":false},"excerpt":{"rendered":"<p>\u016adensp\u012bpes kauss COSMO Phunnel Horeca Unik\u0101ls ne tikai kvalitat\u012bv\u0101 m\u0101l\u0101, bet ar\u012b dizain\u0101. Kr\u016bz\u012btes k\u0101ts ir iet\u012bts ar b\u0113rza mizu, t\u0101p\u0113c kr\u016bzes dibens nep\u0101rkarst un kausu ir dro\u0161i un \u0113rti iz\u0146emt \u016bdensp\u012bpes seansa beig\u0101s. Kr\u016bz\u012bt\u0113 ir ~ 18-25 g tabakas (atkar\u012bb\u0101 no izmantot\u0101s iepako\u0161anas metodes). Specifik\u0101cijas: Tips: Phunnel Materi\u0101ls: M\u0101la kr\u016bzes augstums: ~8,5 cm Jums ir [\u2026]<\/p>","protected":false},"featured_media":37250,"comment_status":"open","ping_status":"closed","template":"","meta":[],"_links":{"self":[{"href":"https:\/\/hookahshop.lt\/lv\/wp-json\/wp\/v2\/product\/37249"}],"collection":[{"href":"https:\/\/hookahshop.lt\/lv\/wp-json\/wp\/v2\/product"}],"about":[{"href":"https:\/\/hookahshop.lt\/lv\/wp-json\/wp\/v2\/types\/product"}],"replies":[{"embeddable":true,"href":"https:\/\/hookahshop.lt\/lv\/wp-json\/wp\/v2\/comments?post=37249"}],"version-history":[{"count":5,"href":"https:\/\/hookahshop.lt\/lv\/wp-json\/wp\/v2\/product\/37249\/revisions"}],"predecessor-version":[{"id":38869,"href":"https:\/\/hookahshop.lt\/lv\/wp-json\/wp\/v2\/product\/37249\/revisions\/38869"}],"wp:featuredmedia":[{"embeddable":true,"href":"https:\/\/hookahshop.lt\/lv\/wp-json\/wp\/v2\/media\/37250"}],"wp:attachment":[{"href":"https:\/\/hookahshop.lt\/lv\/wp-json\/wp\/v2\/media?parent=37249"}],"curies":[{"name":"wp","href":"https:\/\/api.w.org\/{rel}","templated":true}]}}