{"id":37296,"date":"2023-09-30T16:49:36","date_gmt":"2023-09-30T13:49:36","guid":{"rendered":"https:\/\/hookahshop.lt\/?post_type=product&#038;p=37296"},"modified":"2026-04-21T23:30:19","modified_gmt":"2026-04-21T20:30:19","slug":"stikline-vandens-pypke-breit-leaves-ice-21cm","status":"publish","type":"product","link":"https:\/\/hookahshop.lt\/lv\/produkt\/stikls-udens-caurule-platas-lapas-ledus-21cm\/","title":{"rendered":"Stikla \u016bdens caurule BREIT Leaves Ice 21cm"},"content":{"rendered":"<h2>Stikla \u016bdens caurule BREIT Leaves Ice 21cm<\/h2>\n<p>\u0112rta un kompakta stikla p\u012bpe ar ledus spraug\u0101m. Liel\u0101ka ietilp\u012bba.<\/p>\n<p><strong>Specifik\u0101cijas:<\/strong><br \/>\nDiametrs: 93\/40 mm<br \/>\nGarums: 210 mm<br \/>\nKr\u0101sa melna<br \/>\nCaurules tips: 14,4 mm<br \/>\nMateri\u0101ls: borosilik\u0101ta stikls<\/p>\n<p>Vai jums ir k\u0101di jaut\u0101jumi? Sazinies ar mums\u00a0<a href=\"https:\/\/hookahshop.lt\/lv\/kontaktiem\/\">kontaktu lapa<\/a>\u00a0vai rakstiet mums pa e-pastu\u00a0<a href=\"https:\/\/facebook.com\/HookahShop.lt\/\" target=\"_blank\" rel=\"noopener noreferrer\">Facebook konts<\/a>\u00a0un m\u0113s atbild\u0113sim uz j\u016bsu piepras\u012bjumu taj\u0101 pa\u0161\u0101 dien\u0101.<\/p>","protected":false},"excerpt":{"rendered":"<p>Stiklin\u0117 vandens pypk\u0117 BREIT Leaves Ice 21cm Patogi ir kompakti\u0161ka stiklo pypk\u0117 su ledo \u012fpjovomis. Didesn\u0117s talpos. Specifikacijos: Skersmuo: 93\/40 mm Ilgis: 210 mm Spalva: Juoda Vamzdelio tipas: 14,4 mm Med\u017eiaga: Borosilikatinis stiklas Turite klausim\u0173? Susisiekite su mumis\u00a0kontakt\u0173 puslapyje\u00a0arba para\u0161ykite mums \u012f\u00a0Facebook paskyr\u0105\u00a0ir atsakysime \u012f j\u016bs\u0173 u\u017eklaus\u0105 dar t\u0105 pa\u010di\u0105 dien\u0105.<\/p>","protected":false},"featured_media":37297,"comment_status":"open","ping_status":"closed","template":"","meta":[],"_links":{"self":[{"href":"https:\/\/hookahshop.lt\/lv\/wp-json\/wp\/v2\/product\/37296"}],"collection":[{"href":"https:\/\/hookahshop.lt\/lv\/wp-json\/wp\/v2\/product"}],"about":[{"href":"https:\/\/hookahshop.lt\/lv\/wp-json\/wp\/v2\/types\/product"}],"replies":[{"embeddable":true,"href":"https:\/\/hookahshop.lt\/lv\/wp-json\/wp\/v2\/comments?post=37296"}],"version-history":[{"count":5,"href":"https:\/\/hookahshop.lt\/lv\/wp-json\/wp\/v2\/product\/37296\/revisions"}],"predecessor-version":[{"id":43135,"href":"https:\/\/hookahshop.lt\/lv\/wp-json\/wp\/v2\/product\/37296\/revisions\/43135"}],"wp:featuredmedia":[{"embeddable":true,"href":"https:\/\/hookahshop.lt\/lv\/wp-json\/wp\/v2\/media\/37297"}],"wp:attachment":[{"href":"https:\/\/hookahshop.lt\/lv\/wp-json\/wp\/v2\/media?parent=37296"}],"curies":[{"name":"wp","href":"https:\/\/api.w.org\/{rel}","templated":true}]}}