{"id":37305,"date":"2023-09-30T18:12:51","date_gmt":"2023-09-30T15:12:51","guid":{"rendered":"https:\/\/hookahshop.lt\/?post_type=product&#038;p=37305"},"modified":"2026-04-14T23:29:39","modified_gmt":"2026-04-14T20:29:39","slug":"akriline-vandens-pypke-black-20cm","status":"publish","type":"product","link":"https:\/\/hookahshop.lt\/lv\/produkt\/akrils-udens-pipe-melns-20cm\/","title":{"rendered":"Akrila \u016bdens caurule Melna 20cm"},"content":{"rendered":"<h2>Akrila \u016bdens caurule Melna 20cm<\/h2>\n<p>Mazs, paroc\u012bgs akrila bongs ar met\u0101la cauruli. \u0112rts ce\u013co\u0161anai vai m\u0101j\u0101s. \u0160im bongam ir mazs trieciena caurums ar gumijas starpliku un elast\u012bga un no\u0146emama pamatne stabilit\u0101tei un sa\u0137erei.<\/p>\n<p><strong>Specifik\u0101cijas:<\/strong><br \/>\nAugstums: 20cm<br \/>\nDiametrs: 3 cm<br \/>\nMateri\u0101ls: Akrils<\/p>\n<p>Vai jums ir k\u0101di jaut\u0101jumi? Sazinies ar mums\u00a0<a href=\"https:\/\/hookahshop.lt\/lv\/kontaktiem\/\">kontaktu lapa<\/a>\u00a0vai rakstiet mums pa e-pastu\u00a0<a href=\"https:\/\/facebook.com\/HookahShop.lt\/\" target=\"_blank\" rel=\"noopener\">Facebook konts<\/a>\u00a0un m\u0113s atbild\u0113sim uz j\u016bsu piepras\u012bjumu taj\u0101 pa\u0161\u0101 dien\u0101.<\/p>","protected":false},"excerpt":{"rendered":"<p>Akrila \u016bdens caurule Melna 20cm Maza, \u0113rta akrila bonga ar met\u0101la caurul\u012bti. \u0112rts ce\u013co\u0161anai vai m\u0101j\u0101s. \u0160im bongam ir mazs trieciena caurums ar gumijas starpliku un elast\u012bga un no\u0146emama pamatne stabilit\u0101tei un sa\u0137erei. Specifik\u0101cijas: Augstums: 20cm Diametrs: 3cm Materi\u0101ls: Akrils Jaut\u0101jumi? Sazinieties ar mums kontaktu lap\u0101 vai rakstiet mums uz m\u016bsu Facebook kontu, un m\u0113s atbild\u0113sim uz j\u016bsu piepras\u012bjumu [\u2026]<\/p>","protected":false},"featured_media":37306,"comment_status":"open","ping_status":"closed","template":"","meta":[],"_links":{"self":[{"href":"https:\/\/hookahshop.lt\/lv\/wp-json\/wp\/v2\/product\/37305"}],"collection":[{"href":"https:\/\/hookahshop.lt\/lv\/wp-json\/wp\/v2\/product"}],"about":[{"href":"https:\/\/hookahshop.lt\/lv\/wp-json\/wp\/v2\/types\/product"}],"replies":[{"embeddable":true,"href":"https:\/\/hookahshop.lt\/lv\/wp-json\/wp\/v2\/comments?post=37305"}],"version-history":[{"count":4,"href":"https:\/\/hookahshop.lt\/lv\/wp-json\/wp\/v2\/product\/37305\/revisions"}],"predecessor-version":[{"id":39789,"href":"https:\/\/hookahshop.lt\/lv\/wp-json\/wp\/v2\/product\/37305\/revisions\/39789"}],"wp:featuredmedia":[{"embeddable":true,"href":"https:\/\/hookahshop.lt\/lv\/wp-json\/wp\/v2\/media\/37306"}],"wp:attachment":[{"href":"https:\/\/hookahshop.lt\/lv\/wp-json\/wp\/v2\/media?parent=37305"}],"curies":[{"name":"wp","href":"https:\/\/api.w.org\/{rel}","templated":true}]}}