{"id":37321,"date":"2023-09-30T19:24:55","date_gmt":"2023-09-30T16:24:55","guid":{"rendered":"https:\/\/hookahshop.lt\/?post_type=product&#038;p=37321"},"modified":"2026-04-13T23:29:40","modified_gmt":"2026-04-13T20:29:40","slug":"akriline-vandens-pypke-yellow-ball-30cm","status":"publish","type":"product","link":"https:\/\/hookahshop.lt\/lv\/produkt\/akrils-udens-caurule-dzeltena-bumba-30cm\/","title":{"rendered":"Akrila \u016bdens caurule Yellow Ball 30cm"},"content":{"rendered":"<h2>Akrila \u016bdens caurule Yellow Ball 30cm<\/h2>\n<p>Ar punktiem. Praktiski ce\u013cojot un m\u0101j\u0101s. K\u0101ja ir no\u0146emama dro\u0161ai transport\u0113\u0161anai, un \u010dillumu var no\u0146emt un atskr\u016bv\u0113t.<\/p>\n<p><strong>Specifik\u0101cijas:<\/strong><br \/>\nAugstums: 30cm<br \/>\nKr\u0101sa: Dzeltena<br \/>\nMateri\u0101ls: Akrils<\/p>\n<p>Vai jums ir k\u0101di jaut\u0101jumi? Sazinies ar mums\u00a0<a href=\"https:\/\/hookahshop.lt\/lv\/kontaktiem\/\">kontaktu lapa<\/a>\u00a0vai rakstiet mums pa e-pastu\u00a0<a href=\"https:\/\/facebook.com\/HookahShop.lt\/\" target=\"_blank\" rel=\"noopener\">Facebook konts<\/a>\u00a0un m\u0113s atbild\u0113sim uz j\u016bsu piepras\u012bjumu taj\u0101 pa\u0161\u0101 dien\u0101.<\/p>","protected":false},"excerpt":{"rendered":"<p>Akrila \u016bdens caurule Yellow Ball 30cm Ar punktiem. Praktiski ce\u013cojot un m\u0101j\u0101s. K\u0101ja ir no\u0146emama dro\u0161ai transport\u0113\u0161anai, un \u010dillumu var no\u0146emt un atskr\u016bv\u0113t. Specifik\u0101cijas: Augstums: 30cm Kr\u0101sa: Dzeltens Materi\u0101ls: Akrils Vai ir k\u0101di jaut\u0101jumi? Sazinieties ar mums kontaktu lap\u0101 vai rakstiet mums uz m\u016bsu Facebook kontu un m\u0113s atbild\u0113sim uz j\u016bsu piepras\u012bjumu taj\u0101 pa\u0161\u0101 dien\u0101.<\/p>","protected":false},"featured_media":37322,"comment_status":"open","ping_status":"closed","template":"","meta":[],"_links":{"self":[{"href":"https:\/\/hookahshop.lt\/lv\/wp-json\/wp\/v2\/product\/37321"}],"collection":[{"href":"https:\/\/hookahshop.lt\/lv\/wp-json\/wp\/v2\/product"}],"about":[{"href":"https:\/\/hookahshop.lt\/lv\/wp-json\/wp\/v2\/types\/product"}],"replies":[{"embeddable":true,"href":"https:\/\/hookahshop.lt\/lv\/wp-json\/wp\/v2\/comments?post=37321"}],"version-history":[{"count":4,"href":"https:\/\/hookahshop.lt\/lv\/wp-json\/wp\/v2\/product\/37321\/revisions"}],"predecessor-version":[{"id":38268,"href":"https:\/\/hookahshop.lt\/lv\/wp-json\/wp\/v2\/product\/37321\/revisions\/38268"}],"wp:featuredmedia":[{"embeddable":true,"href":"https:\/\/hookahshop.lt\/lv\/wp-json\/wp\/v2\/media\/37322"}],"wp:attachment":[{"href":"https:\/\/hookahshop.lt\/lv\/wp-json\/wp\/v2\/media?parent=37321"}],"curies":[{"name":"wp","href":"https:\/\/api.w.org\/{rel}","templated":true}]}}