{"id":37408,"date":"2023-10-16T00:23:50","date_gmt":"2023-10-15T21:23:50","guid":{"rendered":"https:\/\/hookahshop.lt\/?post_type=product&#038;p=37408"},"modified":"2026-04-18T23:29:26","modified_gmt":"2026-04-18T20:29:26","slug":"akriline-vandens-pypke-color-ivairiu-spalvu-16cm","status":"publish","type":"product","link":"https:\/\/hookahshop.lt\/lv\/produkt\/akrils-udens-pipe-krasa-dazada-krasa-16cm\/","title":{"rendered":"Akrila \u016bdens caurule Kr\u0101sa Da\u017e\u0101das kr\u0101sas 16cm"},"content":{"rendered":"<h2>Akrila \u016bdens caurule Kr\u0101sa Da\u017e\u0101das kr\u0101sas 16cm<\/h2>\n<p>Lielisks mini \u016bdens bongs, izgatavots no augst\u0101k\u0101s kvalit\u0101tes akrila, lai varam b\u016bt dro\u0161i, ka caurule nepl\u012bs\u012bs. Komplekt\u0101 ietilpst vid\u0113ja izm\u0113ra met\u0101la kr\u016bze.<\/p>\n<p><strong>Specifik\u0101cijas:<\/strong><br \/>\nMateri\u0101ls: akrils<br \/>\nAugstums: 15cm<br \/>\nDiametrs: 23mm<br \/>\nKr\u0101sas: melna, za\u013ca, zila, sarkana, dzeltena.<\/p>\n<p><strong>J\u016bs varat izv\u0113l\u0113ties kr\u0101su, atz\u012bm\u0113jot to pas\u016bt\u012bjuma koment\u0101r\u0101, pret\u0113j\u0101 gad\u012bjum\u0101 k\u0101da no kr\u0101s\u0101m tiks nos\u016bt\u012bta nejau\u0161i.<\/strong><\/p>\n<p>&nbsp;<\/p>\n<p>Vai jums ir k\u0101di jaut\u0101jumi? Sazinies ar mums\u00a0<a href=\"https:\/\/hookahshop.lt\/lv\/kontaktiem\/\">kontaktu lapa<\/a>\u00a0vai rakstiet mums pa e-pastu\u00a0<a href=\"https:\/\/facebook.com\/HookahShop.lt\/\" target=\"_blank\" rel=\"noopener noreferrer\">Facebook konts<\/a>\u00a0un m\u0113s atbild\u0113sim uz j\u016bsu piepras\u012bjumu taj\u0101 pa\u0161\u0101 dien\u0101.<\/p>","protected":false},"excerpt":{"rendered":"<p>Akrila \u016bdens caurule Kr\u0101sa Da\u017e\u0101das kr\u0101sas 16cm Lielisks mini \u016bdens bongs, kas izgatavots no augst\u0101k\u0101s kvalit\u0101tes akrila, t\u0101p\u0113c varam b\u016bt dro\u0161i, ka caurule nepl\u012bs\u012bs. Komplekt\u0101 ietilpst vid\u0113ja izm\u0113ra met\u0101la kr\u016bze. Specifik\u0101cijas: Materi\u0101ls: akrils Augstums: 15cm Diametrs: 23mm Kr\u0101sas: melna, za\u013ca, zila, sarkana, dzeltena. J\u016bs varat izv\u0113l\u0113ties kr\u0101su, atz\u012bm\u0113jot to pas\u016bt\u012bjuma koment\u0101r\u0101, pret\u0113j\u0101 gad\u012bjum\u0101 k\u0101da no kr\u0101s\u0101m tiks nos\u016bt\u012bta [...]<\/p>","protected":false},"featured_media":37409,"comment_status":"open","ping_status":"closed","template":"","meta":[],"_links":{"self":[{"href":"https:\/\/hookahshop.lt\/lv\/wp-json\/wp\/v2\/product\/37408"}],"collection":[{"href":"https:\/\/hookahshop.lt\/lv\/wp-json\/wp\/v2\/product"}],"about":[{"href":"https:\/\/hookahshop.lt\/lv\/wp-json\/wp\/v2\/types\/product"}],"replies":[{"embeddable":true,"href":"https:\/\/hookahshop.lt\/lv\/wp-json\/wp\/v2\/comments?post=37408"}],"version-history":[{"count":5,"href":"https:\/\/hookahshop.lt\/lv\/wp-json\/wp\/v2\/product\/37408\/revisions"}],"predecessor-version":[{"id":45586,"href":"https:\/\/hookahshop.lt\/lv\/wp-json\/wp\/v2\/product\/37408\/revisions\/45586"}],"wp:featuredmedia":[{"embeddable":true,"href":"https:\/\/hookahshop.lt\/lv\/wp-json\/wp\/v2\/media\/37409"}],"wp:attachment":[{"href":"https:\/\/hookahshop.lt\/lv\/wp-json\/wp\/v2\/media?parent=37408"}],"curies":[{"name":"wp","href":"https:\/\/api.w.org\/{rel}","templated":true}]}}