{"id":37416,"date":"2023-10-16T00:54:51","date_gmt":"2023-10-15T21:54:51","guid":{"rendered":"https:\/\/hookahshop.lt\/?post_type=product&#038;p=37416"},"modified":"2026-04-20T23:29:35","modified_gmt":"2026-04-20T20:29:35","slug":"sepetelis-siauras-black-32cm","status":"publish","type":"product","link":"https:\/\/hookahshop.lt\/lv\/produkt\/sepetel-saurs-melns-32cm\/","title":{"rendered":"\u0160aura ota Melna 32cm"},"content":{"rendered":"<h2>\u0160aura ota Melna 32cm<\/h2>\n<p>Met\u0101la stiep\u013cu birste ar neilona sariem ir lieliski piem\u0113rota \u016bdensp\u012bpes b\u013codu, bong b\u013codu un cauru\u013cu t\u012br\u012b\u0161anai.<\/p>\n<p><strong>Specifik\u0101cijas:<\/strong><br \/>\nGarums: 32,5 cm<br \/>\nPlatums: 1 cm<\/p>\n<p>Vai jums ir k\u0101di jaut\u0101jumi? Sazinies ar mums\u00a0<a href=\"https:\/\/hookahshop.lt\/lv\/kontaktiem\/\">kontaktu lapa<\/a>\u00a0vai rakstiet mums pa e-pastu\u00a0<a href=\"https:\/\/facebook.com\/HookahShop.lt\/\" target=\"_blank\" rel=\"noopener noreferrer\">Facebook konts<\/a>\u00a0un m\u0113s atbild\u0113sim uz j\u016bsu piepras\u012bjumu taj\u0101 pa\u0161\u0101 dien\u0101.<\/p>","protected":false},"excerpt":{"rendered":"<p>Birst\u012bte \u0161aura Melna 32cm Met\u0101la stiep\u013cu birste ar neilona sariem, t\u0101p\u0113c lieliski piem\u0113rota \u016bdensp\u012bpes b\u013codu, bong b\u013codu un p\u012bpju t\u012br\u012b\u0161anai. Specifik\u0101cijas: Garums: 32.5cm Platums: 1cm Jaut\u0101jumi? Sazinieties ar mums kontaktu lap\u0101 vai rakstiet mums uz m\u016bsu Facebook kontu un m\u0113s atbild\u0113sim uz j\u016bsu piepras\u012bjumu taj\u0101 pa\u0161\u0101 dien\u0101.<\/p>","protected":false},"featured_media":37417,"comment_status":"open","ping_status":"closed","template":"","meta":[],"_links":{"self":[{"href":"https:\/\/hookahshop.lt\/lv\/wp-json\/wp\/v2\/product\/37416"}],"collection":[{"href":"https:\/\/hookahshop.lt\/lv\/wp-json\/wp\/v2\/product"}],"about":[{"href":"https:\/\/hookahshop.lt\/lv\/wp-json\/wp\/v2\/types\/product"}],"replies":[{"embeddable":true,"href":"https:\/\/hookahshop.lt\/lv\/wp-json\/wp\/v2\/comments?post=37416"}],"version-history":[{"count":5,"href":"https:\/\/hookahshop.lt\/lv\/wp-json\/wp\/v2\/product\/37416\/revisions"}],"predecessor-version":[{"id":45692,"href":"https:\/\/hookahshop.lt\/lv\/wp-json\/wp\/v2\/product\/37416\/revisions\/45692"}],"wp:featuredmedia":[{"embeddable":true,"href":"https:\/\/hookahshop.lt\/lv\/wp-json\/wp\/v2\/media\/37417"}],"wp:attachment":[{"href":"https:\/\/hookahshop.lt\/lv\/wp-json\/wp\/v2\/media?parent=37416"}],"curies":[{"name":"wp","href":"https:\/\/api.w.org\/{rel}","templated":true}]}}