{"id":37420,"date":"2023-10-16T01:05:18","date_gmt":"2023-10-15T22:05:18","guid":{"rendered":"https:\/\/hookahshop.lt\/?post_type=product&#038;p=37420"},"modified":"2026-04-18T23:29:26","modified_gmt":"2026-04-18T20:29:26","slug":"smulkintuvas-metalinis-black-leaf-black-mini","status":"publish","type":"product","link":"https:\/\/hookahshop.lt\/lv\/produkt\/smalcinatajs-metals-melns-lapu-melns-mini\/","title":{"rendered":"Met\u0101la smalcin\u0101t\u0101js BLACK LEAF Black Mini"},"content":{"rendered":"<h2>Met\u0101la smalcin\u0101t\u0101js BLACK LEAF Black Mini<\/h2>\n<p>\u010cetru da\u013cu smalcin\u0101t\u0101js miniat\u016br\u0101 form\u0101t\u0101 ar magn\u0113tiski aizv\u0113rtu v\u0101ku un neilona gredzenu. Korpuss: apak\u0161\u0113j\u0101 kamera, dzirnavi\u0146as.<\/p>\n<p><strong>Specifik\u0101cijas:<\/strong><br \/>\nAugstums: 35mm<br \/>\nDiametrs: 29\/27mm<br \/>\nKr\u0101sa melna<br \/>\nMateri\u0101ls: Alum\u012bnijs<br \/>\nDa\u013cas: 4 gab.<\/p>\n<p>Vai jums ir k\u0101di jaut\u0101jumi? Sazinies ar mums\u00a0<a href=\"https:\/\/hookahshop.lt\/lv\/kontaktiem\/\">kontaktu lapa<\/a>\u00a0vai rakstiet mums pa e-pastu\u00a0<a href=\"https:\/\/facebook.com\/HookahShop.lt\/\" target=\"_blank\" rel=\"noopener\">Facebook konts<\/a>\u00a0un m\u0113s atbild\u0113sim uz j\u016bsu piepras\u012bjumu taj\u0101 pa\u0161\u0101 dien\u0101.<\/p>","protected":false},"excerpt":{"rendered":"<p>Met\u0101la smalcin\u0101t\u0101js BLACK LEAF Black Mini Miniat\u016brs \u010detrda\u013c\u012bgs smalcin\u0101t\u0101js ar magn\u0113tiski aizv\u0113rtu v\u0101ku un neilona gredzenu. Korpuss: apak\u0161\u0113j\u0101 kamera, dzirnavi\u0146as. Specifik\u0101cijas: Augstums: 35mm Diametrs: 29\/27mm Kr\u0101sa: Melns Materi\u0101ls: Alum\u012bnijs Da\u013cas: 4 gab. Vai jums ir k\u0101di jaut\u0101jumi? Sazinieties ar mums kontaktu lap\u0101 vai rakstiet mums Facebook, un m\u0113s atbild\u0113sim uz j\u016bsu piepras\u012bjumu taj\u0101 pa\u0161\u0101 dien\u0101.<\/p>","protected":false},"featured_media":37421,"comment_status":"open","ping_status":"closed","template":"","meta":[],"_links":{"self":[{"href":"https:\/\/hookahshop.lt\/lv\/wp-json\/wp\/v2\/product\/37420"}],"collection":[{"href":"https:\/\/hookahshop.lt\/lv\/wp-json\/wp\/v2\/product"}],"about":[{"href":"https:\/\/hookahshop.lt\/lv\/wp-json\/wp\/v2\/types\/product"}],"replies":[{"embeddable":true,"href":"https:\/\/hookahshop.lt\/lv\/wp-json\/wp\/v2\/comments?post=37420"}],"version-history":[{"count":5,"href":"https:\/\/hookahshop.lt\/lv\/wp-json\/wp\/v2\/product\/37420\/revisions"}],"predecessor-version":[{"id":37427,"href":"https:\/\/hookahshop.lt\/lv\/wp-json\/wp\/v2\/product\/37420\/revisions\/37427"}],"wp:featuredmedia":[{"embeddable":true,"href":"https:\/\/hookahshop.lt\/lv\/wp-json\/wp\/v2\/media\/37421"}],"wp:attachment":[{"href":"https:\/\/hookahshop.lt\/lv\/wp-json\/wp\/v2\/media?parent=37420"}],"curies":[{"name":"wp","href":"https:\/\/api.w.org\/{rel}","templated":true}]}}