{"id":37512,"date":"2023-10-27T13:29:50","date_gmt":"2023-10-27T10:29:50","guid":{"rendered":"https:\/\/hookahshop.lt\/?post_type=product&#038;p=37512"},"modified":"2026-04-21T23:30:19","modified_gmt":"2026-04-21T20:30:19","slug":"znyples-kaljano-anglims-alpha-hookah-x-alpha","status":"publish","type":"product","link":"https:\/\/hookahshop.lt\/lv\/produkt\/udenspipes-ogleu-knaibles-alfa-hookah-x-alfa\/","title":{"rendered":"Knaibles \u016bdensp\u012bpei oglek\u013ca ALPHA HOOKAH X Alpha"},"content":{"rendered":"<h2>Knaibles \u016bdensp\u012bpei oglek\u013ca ALPHA HOOKAH X Alpha<\/h2>\n<p>Stil\u012bgas, kompaktas izm\u0113ra un ekskluz\u012bvas knaibles izstr\u0101d\u0101jis Alpha Hookah, labi zin\u0101ms \u016bdensp\u012bpes ra\u017eot\u0101js. Knaibles ir izgatavotas ar\u012b no augstas kvalit\u0101tes ner\u016bs\u0113jo\u0161\u0101 t\u0113rauda. Knaibles izce\u013cas ar ori\u0123in\u0101lo grav\u0113jumu. Izgatavoti 3 iegriezumi knaibles, lai tos b\u016btu viegli piek\u0101rt pie \u0161\u0137\u012bvja.<\/p>\n<p><strong>Raksturojums:<\/strong><br \/>\nMateri\u0101ls: ner\u016bs\u0113jo\u0161ais t\u0113rauds<br \/>\nGarums: 20,3 cm<\/p>\n<p>Vai jums ir k\u0101di jaut\u0101jumi? Sazinies ar mums\u00a0<a href=\"https:\/\/hookahshop.lt\/lv\/kontaktiem\/\">kontaktu lapa<\/a>\u00a0vai rakstiet mums pa e-pastu\u00a0<a href=\"https:\/\/facebook.com\/HookahShop.lt\/\" target=\"_blank\" rel=\"noopener noreferrer\">Facebook konts<\/a>\u00a0un m\u0113s atbild\u0113sim uz j\u016bsu piepras\u012bjumu taj\u0101 pa\u0161\u0101 dien\u0101.<\/p>\n<p>&nbsp;<\/p>","protected":false},"excerpt":{"rendered":"<p>Knaibles \u016bdensp\u012bpes ogl\u0113m ALPHA HOOKAH X Alpha Stil\u012bgas, kompaktas izm\u0113ra un ekskluz\u012bvas knaibles, ko rad\u012bjis paz\u012bstamais \u016bdensp\u012bpes ra\u017eot\u0101js Alpha Hookah. Knaibles ir izgatavotas ar\u012b no augstas kvalit\u0101tes ner\u016bs\u0113jo\u0161\u0101 t\u0113rauda. Knaibles izce\u013cas ar ori\u0123in\u0101lo grav\u0113jumu. Izgatavoti 3 iegriezumi knaibles, lai tos b\u016btu viegli piek\u0101rt pie \u0161\u0137\u012bvja. Raksturojums: Materi\u0101ls: Ner\u016bs\u0113jo\u0161ais t\u0113rauds Garums: 20.3cm Vai ir k\u0101di jaut\u0101jumi? Sazinieties ar mums kontaktu lap\u0101 vai rakstiet mums [...]<\/p>","protected":false},"featured_media":37513,"comment_status":"open","ping_status":"closed","template":"","meta":[],"_links":{"self":[{"href":"https:\/\/hookahshop.lt\/lv\/wp-json\/wp\/v2\/product\/37512"}],"collection":[{"href":"https:\/\/hookahshop.lt\/lv\/wp-json\/wp\/v2\/product"}],"about":[{"href":"https:\/\/hookahshop.lt\/lv\/wp-json\/wp\/v2\/types\/product"}],"replies":[{"embeddable":true,"href":"https:\/\/hookahshop.lt\/lv\/wp-json\/wp\/v2\/comments?post=37512"}],"version-history":[{"count":3,"href":"https:\/\/hookahshop.lt\/lv\/wp-json\/wp\/v2\/product\/37512\/revisions"}],"predecessor-version":[{"id":37515,"href":"https:\/\/hookahshop.lt\/lv\/wp-json\/wp\/v2\/product\/37512\/revisions\/37515"}],"wp:featuredmedia":[{"embeddable":true,"href":"https:\/\/hookahshop.lt\/lv\/wp-json\/wp\/v2\/media\/37513"}],"wp:attachment":[{"href":"https:\/\/hookahshop.lt\/lv\/wp-json\/wp\/v2\/media?parent=37512"}],"curies":[{"name":"wp","href":"https:\/\/api.w.org\/{rel}","templated":true}]}}