{"id":37754,"date":"2023-11-29T22:23:50","date_gmt":"2023-11-29T20:23:50","guid":{"rendered":"https:\/\/hookahshop.lt\/?post_type=product&#038;p=37754"},"modified":"2026-04-06T23:29:33","modified_gmt":"2026-04-06T20:29:33","slug":"kandiklis-kaljanui-aladin-lux-red","status":"publish","type":"product","link":"https:\/\/hookahshop.lt\/lv\/produkt\/iemuti-for-hookah-aladin-lux-red\/","title":{"rendered":"Iestr\u0101de \u016bdensp\u012bpei ALADIN Lux Red"},"content":{"rendered":"<h2>Iestr\u0101de \u016bdensp\u012bpei ALADIN Lux Red<\/h2>\n<p>Tas ir viengabala neat\u0146emams iemutnis, piem\u0113rots gandr\u012bz vis\u0101m silikona \u0161\u013c\u016bten\u0113m. Piem\u0113rots da\u017e\u0101da veida vienreiz lietojamiem iemut\u0146iem.<\/p>\n<p><strong>Specifik\u0101cija:<\/strong><br \/>\nKr\u0101sa: sarkana<br \/>\nMateri\u0101ls: Alum\u012bnijs<br \/>\nIzm\u0113ri: 24,5 cm<\/p>\n<p>Vai jums ir k\u0101di jaut\u0101jumi? Sazinies ar mums\u00a0<a href=\"https:\/\/hookahshop.lt\/lv\/kontaktiem\/\">kontaktu lapa<\/a>\u00a0vai rakstiet mums pa e-pastu\u00a0<a href=\"https:\/\/facebook.com\/HookahShop.lt\/\" target=\"_blank\" rel=\"noopener noreferrer\">Facebook konts<\/a>\u00a0un m\u0113s atbild\u0113sim uz j\u016bsu piepras\u012bjumu taj\u0101 pa\u0161\u0101 dien\u0101.<\/p>","protected":false},"excerpt":{"rendered":"<p>\u016adensp\u012bpes iemutis ALADIN Lux Red \u0160is ir viengabalains integr\u0113ts iemutis, kas piem\u0113rots gandr\u012bz vis\u0101m silikona \u0161\u013c\u016bten\u0113m. Piem\u0113rots da\u017e\u0101da veida vienreizlietojamiem iemutiem. Specifik\u0101cija: Kr\u0101sa: Sarkans Materi\u0101ls: Alum\u012bnijs Izm\u0113ri: 24,5 cm Vai ir k\u0101di jaut\u0101jumi? Sazinieties ar mums kontaktu lap\u0101 vai rakstiet mums uz m\u016bsu Facebook kontu un m\u0113s atbild\u0113sim uz j\u016bsu piepras\u012bjumu taj\u0101 pa\u0161\u0101 dien\u0101.<\/p>","protected":false},"featured_media":37751,"comment_status":"open","ping_status":"closed","template":"","meta":[],"_links":{"self":[{"href":"https:\/\/hookahshop.lt\/lv\/wp-json\/wp\/v2\/product\/37754"}],"collection":[{"href":"https:\/\/hookahshop.lt\/lv\/wp-json\/wp\/v2\/product"}],"about":[{"href":"https:\/\/hookahshop.lt\/lv\/wp-json\/wp\/v2\/types\/product"}],"replies":[{"embeddable":true,"href":"https:\/\/hookahshop.lt\/lv\/wp-json\/wp\/v2\/comments?post=37754"}],"version-history":[{"count":4,"href":"https:\/\/hookahshop.lt\/lv\/wp-json\/wp\/v2\/product\/37754\/revisions"}],"predecessor-version":[{"id":45457,"href":"https:\/\/hookahshop.lt\/lv\/wp-json\/wp\/v2\/product\/37754\/revisions\/45457"}],"wp:featuredmedia":[{"embeddable":true,"href":"https:\/\/hookahshop.lt\/lv\/wp-json\/wp\/v2\/media\/37751"}],"wp:attachment":[{"href":"https:\/\/hookahshop.lt\/lv\/wp-json\/wp\/v2\/media?parent=37754"}],"curies":[{"name":"wp","href":"https:\/\/api.w.org\/{rel}","templated":true}]}}