{"id":37933,"date":"2024-01-11T17:43:41","date_gmt":"2024-01-11T15:43:41","guid":{"rendered":"https:\/\/hookahshop.lt\/?post_type=product&#038;p=37933"},"modified":"2026-05-13T23:30:07","modified_gmt":"2026-05-13T20:30:07","slug":"zarna-silikonine-caesar-silver","status":"publish","type":"product","link":"https:\/\/hookahshop.lt\/lv\/produkt\/slutene-silikons-keizars-sudrabs\/","title":{"rendered":"Silikona \u0161\u013c\u016btene CAESAR Silver"},"content":{"rendered":"<h2>Silikona \u0161\u013c\u016btene CAESAR Silver<\/h2>\n<p>Izgatavots no medic\u012bnisk\u0101 silikona ar antistatisku p\u0101rkl\u0101jumu &quot;Soft-Touch&quot; un tam nav sve\u0161as smakas. Pateicoties \u0161\u012bm \u012bpa\u0161\u012bb\u0101m, \u0161\u013c\u016btene paliek elast\u012bga.<br \/>\n<strong>Specifik\u0101cijas:<\/strong><br \/>\nGarums: 1,50 m<br \/>\n\u0100r\u0113jais diametrs: 18 mm<br \/>\n\u0160\u013c\u016btenes iek\u0161\u0113jais diametrs: 11 mm<br \/>\nP\u0101rkl\u0101jums: m\u012bksts, m\u012bksts piesk\u0101riens<br \/>\nSvars: apm\u0113ram 240 g.<\/p>\n<p>Vai jums ir k\u0101di jaut\u0101jumi? Sazinies ar mums\u00a0<a href=\"https:\/\/hookahshop.lt\/lv\/kontaktiem\/\">kontaktu lapa<\/a>\u00a0vai rakstiet mums pa e-pastu\u00a0<a href=\"https:\/\/facebook.com\/HookahShop.lt\/\" target=\"_blank\" rel=\"noopener noreferrer\">Facebook konts<\/a>\u00a0un m\u0113s atbild\u0113sim uz j\u016bsu piepras\u012bjumu taj\u0101 pa\u0161\u0101 dien\u0101.<\/p>","protected":false},"excerpt":{"rendered":"<p>Silikona \u0161\u013c\u016btene CAESAR Silver Izgatavota no medic\u012bnisk\u0101 silikona ar antistatisku Soft-Touch p\u0101rkl\u0101jumu un tai nav sve\u0161as smakas. \u0160\u012bs \u012bpa\u0161\u012bbas nodro\u0161ina \u0161\u013c\u016btenes elast\u012bbu. Specifik\u0101cijas: Garums: 1,50 m \u0100r\u0113jais diametrs: 18 mm \u0160\u013c\u016btenes iek\u0161\u0113jais diametrs: 11 mm P\u0101rkl\u0101jums: m\u012bksts, m\u012bksts piesk\u0101riens Svars: aptuveni 240 g. Vai jums ir k\u0101di jaut\u0101jumi? Sazinieties ar mums kontaktu lap\u0101 vai rakstiet mums uz m\u016bsu Facebook kontu un m\u0113s atbild\u0113sim [\u2026]<\/p>","protected":false},"featured_media":37935,"comment_status":"open","ping_status":"closed","template":"","meta":[],"_links":{"self":[{"href":"https:\/\/hookahshop.lt\/lv\/wp-json\/wp\/v2\/product\/37933"}],"collection":[{"href":"https:\/\/hookahshop.lt\/lv\/wp-json\/wp\/v2\/product"}],"about":[{"href":"https:\/\/hookahshop.lt\/lv\/wp-json\/wp\/v2\/types\/product"}],"replies":[{"embeddable":true,"href":"https:\/\/hookahshop.lt\/lv\/wp-json\/wp\/v2\/comments?post=37933"}],"version-history":[{"count":4,"href":"https:\/\/hookahshop.lt\/lv\/wp-json\/wp\/v2\/product\/37933\/revisions"}],"predecessor-version":[{"id":44617,"href":"https:\/\/hookahshop.lt\/lv\/wp-json\/wp\/v2\/product\/37933\/revisions\/44617"}],"wp:featuredmedia":[{"embeddable":true,"href":"https:\/\/hookahshop.lt\/lv\/wp-json\/wp\/v2\/media\/37935"}],"wp:attachment":[{"href":"https:\/\/hookahshop.lt\/lv\/wp-json\/wp\/v2\/media?parent=37933"}],"curies":[{"name":"wp","href":"https:\/\/api.w.org\/{rel}","templated":true}]}}