{"id":37963,"date":"2024-01-12T19:49:28","date_gmt":"2024-01-12T17:49:28","guid":{"rendered":"https:\/\/hookahshop.lt\/?post_type=product&#038;p=37963"},"modified":"2026-04-15T23:29:34","modified_gmt":"2026-04-15T20:29:34","slug":"taurele-kaljanui-oblako-phunnel-m-carrot","status":"publish","type":"product","link":"https:\/\/hookahshop.lt\/lv\/produkt\/kauss-udenspipe-makonis-piltuve-m-burkans\/","title":{"rendered":"\u016adensp\u012bpes kauss OBLAKO Phunnel M Burk\u0101ns"},"content":{"rendered":"<h2>\u016adensp\u012bpes kauss OBLAKO Phunnel M Burk\u0101ns<\/h2>\n<p>Glaz\u0113ts ikdienas sm\u0113\u0137\u0113\u0161anai, lieliski piem\u0113rots vieglai un smagai tabakai!<br \/>\nKr\u016bze ir p\u0101rkl\u0101ta ar glaz\u016bru, pateicoties kurai t\u0101 ilgu laiku var saglab\u0101t s\u0101kotn\u0113j\u0101s \u012bpa\u0161\u012bbas un izskatu. OBLAKO izmanto tikai cilv\u0113kiem draudz\u012bgu p\u0101rtikas glaz\u016bru, ko partneri izstr\u0101d\u0101ju\u0161i specializ\u0113t\u0101s laboratorij\u0101s, kas atrodas G\u017eelskoje, vien\u0101 no tradicion\u0101lajiem keramikas ra\u017eo\u0161anas centriem Krievij\u0101.<br \/>\nTabakas tase satur 20\u201323 g.<\/p>\n<p><strong>Specifik\u0101cijas:<\/strong><br \/>\nAugstums: 118 mm<br \/>\nDiametrs (\u0101r\u0113jais): 74 mm<br \/>\nDiametrs (iek\u0161\u0113jais): 68 mm<br \/>\nDzi\u013cums: 12 mm<br \/>\nUrbuma diametrs: 12mm<br \/>\nUrbumu skaits: 1<br \/>\nSvars: ~ 182 g<\/p>\n<p>Vai jums ir k\u0101di jaut\u0101jumi? Sazinies ar mums\u00a0<a href=\"https:\/\/hookahshop.lt\/lv\/kontaktiem\/\">kontaktu lapa<\/a>\u00a0vai rakstiet mums pa e-pastu\u00a0<a href=\"https:\/\/facebook.com\/HookahShop.lt\/\" target=\"_blank\" rel=\"noopener noreferrer\">Facebook konts<\/a>\u00a0un m\u0113s atbild\u0113sim uz j\u016bsu piepras\u012bjumu taj\u0101 pa\u0161\u0101 dien\u0101.<\/p>","protected":false},"excerpt":{"rendered":"<p>\u016adensp\u012bpes b\u013coda OBLAKO Phunnel M Carrot Glazed, paredz\u0113ts ikdienas sm\u0113\u0137\u0113\u0161anai, lieliski piem\u0113rots vieglai un smagai tabakai! Kr\u016bz\u012bte ir p\u0101rkl\u0101ta ar glaz\u016bru, pateicoties kurai t\u0101 var ilgsto\u0161i saglab\u0101t savas s\u0101kotn\u0113j\u0101s \u012bpa\u0161\u012bbas un izskatu. OBLAKO izmanto tikai cilv\u0113kiem dro\u0161u \u0113damo glaz\u016bru, ko izstr\u0101d\u0101ju\u0161i partneri specializ\u0113t\u0101s laboratorij\u0101s, kas atrodas G\u017ee\u013cskoje, vien\u0101 no tradicion\u0101lajiem Krievijas keramikas ra\u017eo\u0161anas centriem. Tabakas kauss satur [...]<\/p>","protected":false},"featured_media":37965,"comment_status":"open","ping_status":"closed","template":"","meta":[],"_links":{"self":[{"href":"https:\/\/hookahshop.lt\/lv\/wp-json\/wp\/v2\/product\/37963"}],"collection":[{"href":"https:\/\/hookahshop.lt\/lv\/wp-json\/wp\/v2\/product"}],"about":[{"href":"https:\/\/hookahshop.lt\/lv\/wp-json\/wp\/v2\/types\/product"}],"replies":[{"embeddable":true,"href":"https:\/\/hookahshop.lt\/lv\/wp-json\/wp\/v2\/comments?post=37963"}],"version-history":[{"count":3,"href":"https:\/\/hookahshop.lt\/lv\/wp-json\/wp\/v2\/product\/37963\/revisions"}],"predecessor-version":[{"id":38020,"href":"https:\/\/hookahshop.lt\/lv\/wp-json\/wp\/v2\/product\/37963\/revisions\/38020"}],"wp:featuredmedia":[{"embeddable":true,"href":"https:\/\/hookahshop.lt\/lv\/wp-json\/wp\/v2\/media\/37965"}],"wp:attachment":[{"href":"https:\/\/hookahshop.lt\/lv\/wp-json\/wp\/v2\/media?parent=37963"}],"curies":[{"name":"wp","href":"https:\/\/api.w.org\/{rel}","templated":true}]}}