{"id":37980,"date":"2024-01-12T20:29:54","date_gmt":"2024-01-12T18:29:54","guid":{"rendered":"https:\/\/hookahshop.lt\/?post_type=product&#038;p=37980"},"modified":"2026-04-15T23:29:34","modified_gmt":"2026-04-15T20:29:34","slug":"kolba-kaljanui-vg-craft-ruffled-grey-smoke","status":"publish","type":"product","link":"https:\/\/hookahshop.lt\/lv\/produkt\/kolba-for-udenspipe-vg-craft-ruffled-grey-smoke\/","title":{"rendered":"\u016adensp\u012bpes kolba VG Craft Ruffled Grey Smoke"},"content":{"rendered":"<h2>\u016adensp\u012bpes kolba VG Craft Ruffled Grey Smoke<\/h2>\n<p>\u0160\u0101da veida kolbas ir \u013coti popul\u0101ras tirg\u016b. Vienk\u0101r\u0161ais, bet elegantais stikla dizains lieliski sader ar moderniem mode\u013ciem.<\/p>\n<p><strong>Raksturojums:<\/strong><br \/>\nKolbas forma: Craft<br \/>\nAugstums: 27cm<br \/>\nPlatums: 21 cm<br \/>\nIek\u0161\u0113jais diametrs: 4,5 cm<br \/>\nSvars: ~1,7kg<br \/>\nKolbas tilpums: 1,7l<\/p>\n<p>Vai jums ir k\u0101di jaut\u0101jumi? Sazinies ar mums\u00a0<a href=\"https:\/\/hookahshop.lt\/lv\/kontaktiem\/\">kontaktu lapa<\/a>\u00a0vai rakstiet mums pa e-pastu\u00a0<a href=\"https:\/\/facebook.com\/HookahShop.lt\/\" target=\"_blank\" rel=\"noopener noreferrer\">Facebook konts<\/a>\u00a0un m\u0113s atbild\u0113sim uz j\u016bsu piepras\u012bjumu taj\u0101 pa\u0161\u0101 dien\u0101.<\/p>\n<p>&nbsp;<\/p>\n<p>&nbsp;<\/p>","protected":false},"excerpt":{"rendered":"<p>\u016adensp\u012bpes kolba VG Craft Ruffled Grey Smoke \u0160\u0101da veida kolbas ir \u013coti popul\u0101ras tirg\u016b. Vienk\u0101r\u0161ais, bet elegantais stikla dizains lieliski sader ar moderniem mode\u013ciem. Raksturojums: Kolbas forma: Craft Augstums: 27cm Platums: 21cm Iek\u0161\u0113jais diametrs: 4,5 cm Svars: ~1,7kg Kolbas tilpums: 1,7l Vai jums ir k\u0101di jaut\u0101jumi? Sazinieties ar mums kontaktu lap\u0101 vai rakstiet mums uz m\u016bsu Facebook kontu un m\u0113s atbild\u0113sim uz j\u016bsu [\u2026]<\/p>","protected":false},"featured_media":37981,"comment_status":"open","ping_status":"closed","template":"","meta":[],"_links":{"self":[{"href":"https:\/\/hookahshop.lt\/lv\/wp-json\/wp\/v2\/product\/37980"}],"collection":[{"href":"https:\/\/hookahshop.lt\/lv\/wp-json\/wp\/v2\/product"}],"about":[{"href":"https:\/\/hookahshop.lt\/lv\/wp-json\/wp\/v2\/types\/product"}],"replies":[{"embeddable":true,"href":"https:\/\/hookahshop.lt\/lv\/wp-json\/wp\/v2\/comments?post=37980"}],"version-history":[{"count":3,"href":"https:\/\/hookahshop.lt\/lv\/wp-json\/wp\/v2\/product\/37980\/revisions"}],"predecessor-version":[{"id":45626,"href":"https:\/\/hookahshop.lt\/lv\/wp-json\/wp\/v2\/product\/37980\/revisions\/45626"}],"wp:featuredmedia":[{"embeddable":true,"href":"https:\/\/hookahshop.lt\/lv\/wp-json\/wp\/v2\/media\/37981"}],"wp:attachment":[{"href":"https:\/\/hookahshop.lt\/lv\/wp-json\/wp\/v2\/media?parent=37980"}],"curies":[{"name":"wp","href":"https:\/\/api.w.org\/{rel}","templated":true}]}}