{"id":37984,"date":"2024-01-12T23:49:41","date_gmt":"2024-01-12T21:49:41","guid":{"rendered":"https:\/\/hookahshop.lt\/?post_type=product&#038;p=37984"},"modified":"2026-04-14T23:29:40","modified_gmt":"2026-04-14T20:29:40","slug":"kolba-kaljanui-karma-black","status":"publish","type":"product","link":"https:\/\/hookahshop.lt\/lv\/produkt\/kolba-for-udenspipe-karma-melna\/","title":{"rendered":"\u016adensp\u012bpes kolba KARMA Melna"},"content":{"rendered":"<h2>\u016adensp\u012bpes kolba KARMA Melna<\/h2>\n<p>\u0160\u0101da veida kolba ir paredz\u0113ta KARMA \u016bdensp\u012bpei. Vienk\u0101r\u0161ais, bet elegantais stikla dizains lieliski sader ar moderniem mode\u013ciem.<\/p>\n<p><strong>Raksturojums:<\/strong><br \/>\nAugstums: 30cm<br \/>\nPlatums: 15,5 cm<br \/>\nIek\u0161\u0113jais diametrs: 4,6 cm<\/p>\n<p>Vai jums ir k\u0101di jaut\u0101jumi? Sazinies ar mums\u00a0<a href=\"https:\/\/hookahshop.lt\/lv\/kontaktiem\/\">kontaktu lapa<\/a>\u00a0vai rakstiet mums pa e-pastu\u00a0<a href=\"https:\/\/facebook.com\/HookahShop.lt\/\" target=\"_blank\" rel=\"noopener noreferrer\">Facebook konts<\/a>\u00a0un m\u0113s atbild\u0113sim uz j\u016bsu piepras\u012bjumu taj\u0101 pa\u0161\u0101 dien\u0101.<\/p>","protected":false},"excerpt":{"rendered":"<p>Kolba \u016bdensp\u012bpei KARMA Black \u0160\u0101da veida kolba ir paredz\u0113ta KARMA \u016bdensp\u012bpei. Vienk\u0101r\u0161ais, bet elegantais stikla dizains lieliski sader ar moderniem mode\u013ciem. Raksturojums: Augstums: 30cm Platums: 15,5cm Iek\u0161\u0113jais diametrs: 4,6cm Vai ir k\u0101di jaut\u0101jumi? Sazinieties ar mums kontaktu lap\u0101 vai rakstiet mums Facebook, un m\u0113s atbild\u0113sim uz j\u016bsu piepras\u012bjumu taj\u0101 pa\u0161\u0101 dien\u0101.<\/p>","protected":false},"featured_media":37988,"comment_status":"open","ping_status":"closed","template":"","meta":[],"_links":{"self":[{"href":"https:\/\/hookahshop.lt\/lv\/wp-json\/wp\/v2\/product\/37984"}],"collection":[{"href":"https:\/\/hookahshop.lt\/lv\/wp-json\/wp\/v2\/product"}],"about":[{"href":"https:\/\/hookahshop.lt\/lv\/wp-json\/wp\/v2\/types\/product"}],"replies":[{"embeddable":true,"href":"https:\/\/hookahshop.lt\/lv\/wp-json\/wp\/v2\/comments?post=37984"}],"version-history":[{"count":2,"href":"https:\/\/hookahshop.lt\/lv\/wp-json\/wp\/v2\/product\/37984\/revisions"}],"predecessor-version":[{"id":38024,"href":"https:\/\/hookahshop.lt\/lv\/wp-json\/wp\/v2\/product\/37984\/revisions\/38024"}],"wp:featuredmedia":[{"embeddable":true,"href":"https:\/\/hookahshop.lt\/lv\/wp-json\/wp\/v2\/media\/37988"}],"wp:attachment":[{"href":"https:\/\/hookahshop.lt\/lv\/wp-json\/wp\/v2\/media?parent=37984"}],"curies":[{"name":"wp","href":"https:\/\/api.w.org\/{rel}","templated":true}]}}