{"id":37991,"date":"2024-01-13T14:46:59","date_gmt":"2024-01-13T12:46:59","guid":{"rendered":"https:\/\/hookahshop.lt\/?post_type=product&#038;p=37991"},"modified":"2026-04-17T23:29:56","modified_gmt":"2026-04-17T20:29:56","slug":"znyples-kaljano-anglims-long-su-yla","status":"publish","type":"product","link":"https:\/\/hookahshop.lt\/lv\/produkt\/udenspipe-ogle-long-ar-udenspipe\/","title":{"rendered":"Knaibles \u016bdensp\u012bpes ogl\u0113m LONG ar \u0101\u0137i"},"content":{"rendered":"<h2>Knaibles \u016bdensp\u012bpes ogl\u0113m LONG ar \u0101\u0137i<\/h2>\n<p>Paredz\u0113ts karstu og\u013cu ievieto\u0161anai siltuma kamer\u0101 un \u0113rtai transport\u0113\u0161anai no siltuma kameras uz v\u0113lamo vietu.<\/p>\n<p><strong>Specifik\u0101cijas:<\/strong><br \/>\nGarums: 22 cm<br \/>\nPlatums: 1,8 cm<br \/>\nAdatas garums: 9 cm<br \/>\nMateri\u0101ls: Alum\u012bnijs<\/p>\n<p>Vai jums ir k\u0101di jaut\u0101jumi? Sazinies ar mums\u00a0<a href=\"https:\/\/hookahshop.lt\/lv\/kontaktiem\/\">kontaktu lapa<\/a>\u00a0vai rakstiet mums pa e-pastu\u00a0<a href=\"https:\/\/facebook.com\/HookahShop.lt\/\" target=\"_blank\" rel=\"noopener noreferrer\">Facebook konts<\/a>\u00a0un m\u0113s atbild\u0113sim uz j\u016bsu piepras\u012bjumu taj\u0101 pa\u0161\u0101 dien\u0101.<\/p>","protected":false},"excerpt":{"rendered":"<p>Knaibles \u016bdensp\u012bpes ogl\u0113m LONG ar \u0101\u0137i Paredz\u0113tas karstu og\u013cu ievieto\u0161anai siltuma kamer\u0101 un \u0113rtai transport\u0113\u0161anai no siltuma kameras uz v\u0113lamo vietu. Specifik\u0101cijas: Garums: 22 cm Platums: 1,8 cm Roktura garums: 9 cm Materi\u0101ls: Alum\u012bnijs Vai ir k\u0101di jaut\u0101jumi? Sazinieties ar mums kontaktu lap\u0101 vai rakstiet mums uz m\u016bsu Facebook kontu un m\u0113s atbild\u0113sim uz j\u016bsu piepras\u012bjumu taj\u0101 pa\u0161\u0101 dien\u0101.<\/p>","protected":false},"featured_media":37992,"comment_status":"open","ping_status":"closed","template":"","meta":[],"_links":{"self":[{"href":"https:\/\/hookahshop.lt\/lv\/wp-json\/wp\/v2\/product\/37991"}],"collection":[{"href":"https:\/\/hookahshop.lt\/lv\/wp-json\/wp\/v2\/product"}],"about":[{"href":"https:\/\/hookahshop.lt\/lv\/wp-json\/wp\/v2\/types\/product"}],"replies":[{"embeddable":true,"href":"https:\/\/hookahshop.lt\/lv\/wp-json\/wp\/v2\/comments?post=37991"}],"version-history":[{"count":3,"href":"https:\/\/hookahshop.lt\/lv\/wp-json\/wp\/v2\/product\/37991\/revisions"}],"predecessor-version":[{"id":45609,"href":"https:\/\/hookahshop.lt\/lv\/wp-json\/wp\/v2\/product\/37991\/revisions\/45609"}],"wp:featuredmedia":[{"embeddable":true,"href":"https:\/\/hookahshop.lt\/lv\/wp-json\/wp\/v2\/media\/37992"}],"wp:attachment":[{"href":"https:\/\/hookahshop.lt\/lv\/wp-json\/wp\/v2\/media?parent=37991"}],"curies":[{"name":"wp","href":"https:\/\/api.w.org\/{rel}","templated":true}]}}