{"id":37995,"date":"2024-01-13T14:54:24","date_gmt":"2024-01-13T12:54:24","guid":{"rendered":"https:\/\/hookahshop.lt\/?post_type=product&#038;p=37995"},"modified":"2026-04-15T23:29:34","modified_gmt":"2026-04-15T20:29:34","slug":"kolba-kaljanui-bigmaks-craft-smoke-mini","status":"publish","type":"product","link":"https:\/\/hookahshop.lt\/lv\/produkt\/kolba-for-udenspipe-bigmaks-craft-smoke-mini\/","title":{"rendered":"\u016adensp\u012bpes kolba BIGMAKS Craft Smoke Mini"},"content":{"rendered":"<h2>\u016adensp\u012bpes kolba BIGMAKS Craft Smoke Mini<\/h2>\n<p>\u0160\u012b mini kolba ir izgatavota no p\u0101rtikas kvalit\u0101tes caursp\u012bd\u012bga stikla un izce\u013cas ar savu iztur\u012bbu. Kolba nav kr\u0101sota, kas noz\u012bm\u0113, ka t\u0101 jums kalpos daudzus gadus. Piem\u0113rots lieto\u0161anai ar jebkuru mini \u016bdensp\u012bpi.<\/p>\n<p><strong>Specifik\u0101cijas:<\/strong><br \/>\nAugstums: 190 mm<br \/>\nSvars: 920 g<br \/>\nKakla \u0101r\u0113jais diametrs: 71 mm<br \/>\nIek\u0161\u0113jais r\u012bkles diametrs: 48 mm<br \/>\nProdukta materi\u0101ls: stikls<\/p>\n<p>Vai jums ir k\u0101di jaut\u0101jumi? Sazinies ar mums\u00a0<a href=\"https:\/\/hookahshop.lt\/lv\/kontaktiem\/\">kontaktu lapa<\/a>\u00a0vai rakstiet mums pa e-pastu\u00a0<a href=\"https:\/\/facebook.com\/HookahShop.lt\/\" target=\"_blank\" rel=\"noopener\">Facebook konts<\/a>\u00a0un m\u0113s atbild\u0113sim uz j\u016bsu piepras\u012bjumu taj\u0101 pa\u0161\u0101 dien\u0101.<\/p>","protected":false},"excerpt":{"rendered":"<p>\u016adensp\u012bpes kolba BIGMAKS Craft Smoke Mini \u0160\u012b mini kolba ir izgatavota no p\u0101rtikas kvalit\u0101tes caursp\u012bd\u012bga stikla un izce\u013cas ar savu iztur\u012bbu. Kolba nav kr\u0101sota, kas noz\u012bm\u0113, ka t\u0101 jums kalpos daudzus gadus. Piem\u0113rots lieto\u0161anai ar jebkuru mini \u016bdensp\u012bpi. Specifik\u0101cijas: Augstums: 190 mm Svars: 920 g Kakla \u0101r\u0113jais diametrs: 71 mm Kakla iek\u0161\u0113jais diametrs: 48 mm Produkta materi\u0101ls: stikls Vai ir k\u0101di jaut\u0101jumi? Sazinieties ar [\u2026]<\/p>","protected":false},"featured_media":37997,"comment_status":"open","ping_status":"closed","template":"","meta":[],"_links":{"self":[{"href":"https:\/\/hookahshop.lt\/lv\/wp-json\/wp\/v2\/product\/37995"}],"collection":[{"href":"https:\/\/hookahshop.lt\/lv\/wp-json\/wp\/v2\/product"}],"about":[{"href":"https:\/\/hookahshop.lt\/lv\/wp-json\/wp\/v2\/types\/product"}],"replies":[{"embeddable":true,"href":"https:\/\/hookahshop.lt\/lv\/wp-json\/wp\/v2\/comments?post=37995"}],"version-history":[{"count":4,"href":"https:\/\/hookahshop.lt\/lv\/wp-json\/wp\/v2\/product\/37995\/revisions"}],"predecessor-version":[{"id":45690,"href":"https:\/\/hookahshop.lt\/lv\/wp-json\/wp\/v2\/product\/37995\/revisions\/45690"}],"wp:featuredmedia":[{"embeddable":true,"href":"https:\/\/hookahshop.lt\/lv\/wp-json\/wp\/v2\/media\/37997"}],"wp:attachment":[{"href":"https:\/\/hookahshop.lt\/lv\/wp-json\/wp\/v2\/media?parent=37995"}],"curies":[{"name":"wp","href":"https:\/\/api.w.org\/{rel}","templated":true}]}}